{"id":3913,"date":"2022-12-12T09:04:21","date_gmt":"2022-12-12T09:04:21","guid":{"rendered":"https:\/\/nissantravelguide.com\/bratislava\/altstadt\/"},"modified":"2022-12-12T09:04:21","modified_gmt":"2022-12-12T09:04:21","slug":"altstadt","status":"publish","type":"page","link":"https:\/\/nissantravelguide.com\/de\/bratislava\/altstadt\/","title":{"rendered":"Altstadt"},"content":{"rendered":"<p class=\"p1\">Reisen Sie in die Vergangenheit und besuchen Sie das historische Zentrum von Bratislava. Die Altstadt ist eine eklektische Mischung au\u00dfergew\u00f6hnlicher und unterschiedlicher Architekturstile\u00a0\u2013 darunter ein mittelalterliches Schloss und Geb\u00e4ude, die in ihrer urspr\u00fcnglichen Sch\u00f6nheit restauriert wurden. Es lohnt sich auf jeden Fall, durch die vielen kopfsteingepflasterten Gassen zu schlendern und die Pracht der Barockpal\u00e4ste zu bewundern, w\u00e4hrend Sie die pulsierende Atmosph\u00e4re der Stadt auf sich wirken lassen. Au\u00dferdem gibt es eine Vielzahl von Restaurants, Gastst\u00e4tten, Gesch\u00e4ften und ein buntes Nachtleben.<span class=\"Apple-converted-space\">\u00a0<\/span><\/p>\n","protected":false},"excerpt":{"rendered":"<p>Reisen Sie in die Vergangenheit und besuchen Sie das historische Zentrum von Bratislava. Die Altstadt ist eine eklektische Mischung au\u00dfergew\u00f6hnlicher und unterschiedlicher Architekturstile\u00a0\u2013 darunter ein mittelalterliches Schloss und Geb\u00e4ude, die in ihrer urspr\u00fcnglichen Sch\u00f6nheit restauriert wurden. Es lohnt sich auf jeden Fall, durch die vielen kopfsteingepflasterten Gassen zu schlendern und die Pracht der Barockpal\u00e4ste zu [&hellip;]<\/p>\n","protected":false},"author":1,"featured_media":2989,"parent":2874,"menu_order":0,"comment_status":"closed","ping_status":"closed","template":"tpl-location.php","meta":{"_acf_changed":false,"footnotes":""},"acf":{"address":"Star\u00e9 Mesto, Slovakia","location_type":"beauty","map_link":"https:\/\/www.google.com\/maps\/place\/Old+Town,+Slovakia\/@48.1562582,17.102516,14z\/data=!3m1!4b1!4m5!3m4!1s0x476c895b04c53fd5:0x2600f7d2cfb8d0c2!8m2!3d48.148598!4d17.1077474","trip_advisor":"https:\/\/www.tripadvisor.co.uk\/Attraction_Review-g274924-d290671-Reviews-Bratislava_Old_Town-Bratislava_Bratislava_Region.html","coordinates":{"latitude":"48.1562582","longitude":"17.102516"},"charging_stations":[{"charging_station":"Type 2, 43kW: Kaufland, Trnavska Cesta (4.5km \/ 17 min)"}]},"aioseo_notices":[],"_links":{"self":[{"href":"https:\/\/nissantravelguide.com\/de\/wp-json\/wp\/v2\/pages\/3913"}],"collection":[{"href":"https:\/\/nissantravelguide.com\/de\/wp-json\/wp\/v2\/pages"}],"about":[{"href":"https:\/\/nissantravelguide.com\/de\/wp-json\/wp\/v2\/types\/page"}],"author":[{"embeddable":true,"href":"https:\/\/nissantravelguide.com\/de\/wp-json\/wp\/v2\/users\/1"}],"replies":[{"embeddable":true,"href":"https:\/\/nissantravelguide.com\/de\/wp-json\/wp\/v2\/comments?post=3913"}],"version-history":[{"count":0,"href":"https:\/\/nissantravelguide.com\/de\/wp-json\/wp\/v2\/pages\/3913\/revisions"}],"up":[{"embeddable":true,"href":"https:\/\/nissantravelguide.com\/de\/wp-json\/wp\/v2\/pages\/2874"}],"wp:featuredmedia":[{"embeddable":true,"href":"https:\/\/nissantravelguide.com\/de\/wp-json\/wp\/v2\/media\/2989"}],"wp:attachment":[{"href":"https:\/\/nissantravelguide.com\/de\/wp-json\/wp\/v2\/media?parent=3913"}],"curies":[{"name":"wp","href":"https:\/\/api.w.org\/{rel}","templated":true}]}}