{"id":4164,"date":"2022-12-12T16:52:31","date_gmt":"2022-12-12T16:52:31","guid":{"rendered":"https:\/\/nissantravelguide.com\/bratislava\/bemba\/"},"modified":"2022-12-12T16:52:31","modified_gmt":"2022-12-12T16:52:31","slug":"bemba","status":"publish","type":"page","link":"https:\/\/nissantravelguide.com\/de\/bratislava\/bemba\/","title":{"rendered":"Bemba"},"content":{"rendered":"<p class=\"p1\">Bemba ist das erste Rohkost- und vegetarische Restaurant in Bratislava. Das Restaurant befindet sich in der Altstadt von Bratislava und bietet moderne Gerichte aus der internationalen K\u00fcche an. Egal ob Sie nun das \u201efaux\u00a0gras\u201c, die Tacos, die thail\u00e4ndische Kokossuppe oder einen der \u00fcppigen Salate probieren \u2013 Sie werden von den farbenfrohen vegetarischen Kreationen auf Ihrem Teller begeistert sein. In der Sommersaison bietet das Restaurant eine Terrasse, und die Gerichte k\u00f6nnen auch als Take-away erworben oder zugestellt werden.<\/p>\n","protected":false},"excerpt":{"rendered":"<p>Bemba ist das erste Rohkost- und vegetarische Restaurant in Bratislava. Das Restaurant befindet sich in der Altstadt von Bratislava und bietet moderne Gerichte aus der internationalen K\u00fcche an. Egal ob Sie nun das \u201efaux\u00a0gras\u201c, die Tacos, die thail\u00e4ndische Kokossuppe oder einen der \u00fcppigen Salate probieren \u2013 Sie werden von den farbenfrohen vegetarischen Kreationen auf Ihrem [&hellip;]<\/p>\n","protected":false},"author":1,"featured_media":2929,"parent":2874,"menu_order":0,"comment_status":"closed","ping_status":"closed","template":"tpl-location.php","meta":{"_acf_changed":false,"footnotes":""},"acf":{"address":"Koll\u00e1rovo n\u00e1mestie 17, 811 06 Star\u00e9 Mesto, Slovakia","location_type":"restaurant","map_link":"https:\/\/www.google.com\/maps\/place\/BEMBA+-+rawfood+%26+plant-based\/@48.1492859,17.1103185,17z\/data=!3m1!4b1!4m5!3m4!1s0x476c8eba15a0ebbb:0xb4e6eb023d75f6b8!8m2!3d48.1492859!4d17.1125072?coh=164777&entry=tt&shorturl=1","trip_advisor":"https:\/\/www.tripadvisor.com\/Restaurant_Review-g274924-d6416628-Reviews-Raw_Restauracia_Bemba-Bratislava_Bratislava_Region.html","coordinates":{"latitude":"48.1492859","longitude":"17.1103185"},"charging_stations":[{"charging_station":"Type 2 22.1kW CCS 50kW CHAdeMO 50kW: 17904, Metodova, 821 08 Bratislava, Slovakia (1.6 km \/ 6-min)"}]},"aioseo_notices":[],"_links":{"self":[{"href":"https:\/\/nissantravelguide.com\/de\/wp-json\/wp\/v2\/pages\/4164"}],"collection":[{"href":"https:\/\/nissantravelguide.com\/de\/wp-json\/wp\/v2\/pages"}],"about":[{"href":"https:\/\/nissantravelguide.com\/de\/wp-json\/wp\/v2\/types\/page"}],"author":[{"embeddable":true,"href":"https:\/\/nissantravelguide.com\/de\/wp-json\/wp\/v2\/users\/1"}],"replies":[{"embeddable":true,"href":"https:\/\/nissantravelguide.com\/de\/wp-json\/wp\/v2\/comments?post=4164"}],"version-history":[{"count":0,"href":"https:\/\/nissantravelguide.com\/de\/wp-json\/wp\/v2\/pages\/4164\/revisions"}],"up":[{"embeddable":true,"href":"https:\/\/nissantravelguide.com\/de\/wp-json\/wp\/v2\/pages\/2874"}],"wp:featuredmedia":[{"embeddable":true,"href":"https:\/\/nissantravelguide.com\/de\/wp-json\/wp\/v2\/media\/2929"}],"wp:attachment":[{"href":"https:\/\/nissantravelguide.com\/de\/wp-json\/wp\/v2\/media?parent=4164"}],"curies":[{"name":"wp","href":"https:\/\/api.w.org\/{rel}","templated":true}]}}