{"id":4165,"date":"2022-12-12T16:53:08","date_gmt":"2022-12-12T16:53:08","guid":{"rendered":"https:\/\/nissantravelguide.com\/budapest\/rokusfalvy\/"},"modified":"2022-12-12T16:53:08","modified_gmt":"2022-12-12T16:53:08","slug":"rokusfalvy","status":"publish","type":"page","link":"https:\/\/nissantravelguide.com\/de\/budapest\/rokusfalvy\/","title":{"rendered":"R\u00f3kusfalvy"},"content":{"rendered":"<p class=\"p1\">Das Weingut in Etyek liegt ganz in der N\u00e4he von Budapest und den Weinbergen der Hauptstadt. Es befindet sich seit 25\u00a0Jahren bereits in der zweiten Generation in Familienbesitz. Die Weing\u00e4rten sind seit\u00a02015 biozertifiziert und werden seit einem Jahrzehnt biologisch bewirtschaftet. Ein Besuch in R\u00f3kusfalvy ist eine gute Gelegenheit, Wei\u00df-, Rot- und prickelnde Schaumweine zu probieren, die alle auf den f\u00fcr diese Weinregion typischen Rebsorten basieren. Genie\u00dfen Sie eine Weinprobe und eine Besichtigung des Weinguts oder kehren Sie in das vom Michelin-F\u00fchrer empfohlene Restaurant R\u00f3kusfalvy\u00a0Inn ein, um einheimische Spezialit\u00e4ten zu verkosten.<span class=\"Apple-converted-space\">\u00a0<\/span><\/p>\n<p class=\"p1\">Die Region\u00a0Etyek eignet sich mit ihren zahlreichen Rad- und Wanderwegen ebenfalls wunderbar f\u00fcr einen Aktivurlaub.<span class=\"Apple-converted-space\">\u00a0<\/span><\/p>\n","protected":false},"excerpt":{"rendered":"<p>Das Weingut in Etyek liegt ganz in der N\u00e4he von Budapest und den Weinbergen der Hauptstadt. Es befindet sich seit 25\u00a0Jahren bereits in der zweiten Generation in Familienbesitz. Die Weing\u00e4rten sind seit\u00a02015 biozertifiziert und werden seit einem Jahrzehnt biologisch bewirtschaftet. Ein Besuch in R\u00f3kusfalvy ist eine gute Gelegenheit, Wei\u00df-, Rot- und prickelnde Schaumweine zu probieren, [&hellip;]<\/p>\n","protected":false},"author":1,"featured_media":4158,"parent":2908,"menu_order":0,"comment_status":"closed","ping_status":"closed","template":"tpl-location.php","meta":{"_acf_changed":false,"footnotes":""},"acf":{"address":"Ujhegy 89, 2091","location_type":"interest","map_link":"https:\/\/www.google.co.uk\/maps\/place\/R%C3%B3kusfalvy+Estate\/@47.448573,18.7337775,17z\/data=!3m1!4b1!4m5!3m4!1s0x476a0c7cd56db681:0x1db23e22dd908aa2!8m2!3d47.4485694!4d18.7359662","trip_advisor":"https:\/\/www.tripadvisor.co.uk\/Attraction_Review-g1077271-d3385298-Reviews-Rokusfalvy_Estate-Etyek_Fejer_County_Central_Transdanubia.html","coordinates":{"latitude":"47.448573","longitude":"18.7337775"},"charging_stations":[{"charging_station":"Type 2 (22kW): Biatorbagy, Nimrod Utca, 2051 (10.4km \/ 18 min)"}]},"aioseo_notices":[],"_links":{"self":[{"href":"https:\/\/nissantravelguide.com\/de\/wp-json\/wp\/v2\/pages\/4165"}],"collection":[{"href":"https:\/\/nissantravelguide.com\/de\/wp-json\/wp\/v2\/pages"}],"about":[{"href":"https:\/\/nissantravelguide.com\/de\/wp-json\/wp\/v2\/types\/page"}],"author":[{"embeddable":true,"href":"https:\/\/nissantravelguide.com\/de\/wp-json\/wp\/v2\/users\/1"}],"replies":[{"embeddable":true,"href":"https:\/\/nissantravelguide.com\/de\/wp-json\/wp\/v2\/comments?post=4165"}],"version-history":[{"count":0,"href":"https:\/\/nissantravelguide.com\/de\/wp-json\/wp\/v2\/pages\/4165\/revisions"}],"up":[{"embeddable":true,"href":"https:\/\/nissantravelguide.com\/de\/wp-json\/wp\/v2\/pages\/2908"}],"wp:featuredmedia":[{"embeddable":true,"href":"https:\/\/nissantravelguide.com\/de\/wp-json\/wp\/v2\/media\/4158"}],"wp:attachment":[{"href":"https:\/\/nissantravelguide.com\/de\/wp-json\/wp\/v2\/media?parent=4165"}],"curies":[{"name":"wp","href":"https:\/\/api.w.org\/{rel}","templated":true}]}}