{"id":4263,"date":"2022-12-13T08:55:39","date_gmt":"2022-12-13T08:55:39","guid":{"rendered":"https:\/\/nissantravelguide.com\/terms-of-use\/"},"modified":"2023-01-27T09:55:07","modified_gmt":"2023-01-27T09:55:07","slug":"terms-of-use","status":"publish","type":"page","link":"https:\/\/nissantravelguide.com\/de\/terms-of-use\/","title":{"rendered":"Nutzungsbedingungen"},"content":{"rendered":"<ol>\n<li>EINLEITUNG\n<ol>\n<li>Die nachstehenden Bedingungen regeln Ihre Nutzung dieser Website (die \u201eWebsite\u201c), und indem Sie diese Website aufrufen, stimme Sie zu, dass Sie an diese gebunden sind. Wenn Sie diesen Bedingungen nicht zustimmen, m\u00fcssen Sie die Website schlie\u00dfen und d\u00fcrfen diese nicht nutzen.<\/li>\n<li>Diese Website wird Ihnen von Nissan Motor (GB) Limited zur Verf\u00fcgung gestellt, einem in England und Wales unter der Registrierungsnummer 02514418 eingetragenen Unternehmen (\u201eNissan\u201c, \u201euns\u201c, \u201ewir\u201c oder \u201eunser\u201c). Unser eingetragener Sitz befindet sich in The Rivers Office Park, Denham Way, Maple Cross, Rickmansworth, WD3 9YS.<\/li>\n<li>Wir k\u00f6nnen diese Bedingungen jederzeit ohne Vorank\u00fcndigung durch die Aktualisierung der auf dieser Website angezeigten Bedingungen aktualisieren. Es liegt in Ihrer Verantwortung, die Website-Bedingungen jedes Mal zu \u00fcberpr\u00fcfen, wenn Sie die Website besuchen, und so sicherzustellen, dass Sie \u00fcber unsere neuesten Nutzungsbedingungen informiert sind. Ihre Nutzung dieser Website nach einer \u00c4nderung bedeutet, dass Sie den \u00fcberarbeiteten Bedingungen zustimmen.<\/li>\n<\/ol>\n<\/li>\n<li>NUTZUNG UNSERER WEBSITE\n<ol>\n<li>Sie als Nutzer unserer Website (\u201eSie\u201c \u201eIhr\u201c und \u201eIhre\u201c) k\u00f6nnen unsere Website f\u00fcr Ihre pers\u00f6nlichen, nicht gewerblichen Gebrauch nutzen.<\/li>\n<li>Die Erlaubnis f\u00fcr den Zugriff auf unsere Website ist von vor\u00fcbergehender Natur und wir behalten uns das Recht vor, den Dienst ohne Vorank\u00fcndigung einzustellen oder zu ver\u00e4ndern. Sie sind f\u00fcr s\u00e4mtliche notwendigen Vorkehrungen f\u00fcr den Zugriff auf diese Website verantwortlich. Sie m\u00fcssen auch sicherstellen, dass alle Personen, die \u00fcber Ihre Internetverbindung auf unsere Website zugreifen, diese Bedingungen kennen.<\/li>\n<li>Es ist Ihnen nicht gestattet, automatisierte Systeme oder Software zu verwenden oder andere dazu zu veranlassen, diese zu verwenden, um Inhalte oder Daten von unserer Website zu extrahieren. Davon ausgenommen sind lediglich solche F\u00e4lle, in denen Sie oder ein entsprechender Dritter eine schriftliche Vereinbarung mit uns abgeschlossen haben, die diese Aktivit\u00e4t ausdr\u00fccklich gestattet.<\/li>\n<\/ol>\n<\/li>\n<li>RISIKO UND HAFTUNG\n<ol>\n<li>Im Zusammenhang mit Ihrer Nutzung unserer Website haften wir Ihnen gegen\u00fcber nur f\u00fcr Verluste, die Ihnen direkt infolge unseres Versto\u00dfes gegen diese Bedingungen entstehen. Wir haften weder f\u00fcr indirekte, besondere, zuf\u00e4llige oder Folgesch\u00e4den oder Verluste noch f\u00fcr Gesch\u00e4ftsverluste, die Ihnen entstehen k\u00f6nnen, einschlie\u00dflich, aber nicht beschr\u00e4nkt auf verlorene Daten, entgangene Gewinne oder Gesch\u00e4ftsunterbrechungen.<\/li>\n<li>Wir schlie\u00dfen unsere Haftung (sofern zutreffend) Ihnen gegen\u00fcber nicht aus f\u00fcr:\n<ol>\n<li>Personensch\u00e4den oder Tod infolge unserer Fahrl\u00e4ssigkeit,<\/li>\n<li>Betrug oder betr\u00fcgerische Falschdarstellung oder<\/li>\n<li>jede Angelegenheit, bei der ein Haftungsausschluss oder versuchter Haftungsausschluss unsererseits illegal w\u00e4re.<\/li>\n<\/ol>\n<\/li>\n<li>Sie erkennen an, dass wir nicht garantieren k\u00f6nnen, dass unsere Website:\n<ol>\n<li>gleichbleibt, da wir sie ggf. \u00e4ndern oder entfernen oder den Zugang zu ihr ggf. nur noch vorbehaltlich Registrierung oder Geb\u00fchren gew\u00e4hren,<\/li>\n<li>mit der gesamten Hardware oder Software, die Sie m\u00f6glicherweise verwenden, kompatibel ist,<\/li>\n<li>jederzeit oder zu einem bestimmten Zeitpunkt verf\u00fcgbar ist,<\/li>\n<li>korrekt und aktuell ist oder<\/li>\n<li>fehlerfrei oder frei von Viren, elektronischen Fehlern, Trojanischen Pferden oder anderen sch\u00e4dlichen Bestandteilen ist, und Sie daher Ihre eigenen Vorsichtsma\u00dfnahmen entsprechend treffen m\u00fcssen.<\/li>\n<\/ol>\n<\/li>\n<li>Sie erkennen au\u00dferdem an, dass:\n<ol>\n<li>wir die Geschwindigkeit oder Sicherheit der Website nicht garantieren k\u00f6nnen und<\/li>\n<li>wir im gr\u00f6\u00dftm\u00f6glichen gesetzlich zul\u00e4ssigen Umfang nicht f\u00fcr Sch\u00e4den oder Verluste haften, die Sie direkt oder indirekt infolge eines Virusangriffs erleiden, der auf unsere Website zur\u00fcckverfolgt werden kann.<\/li>\n<\/ol>\n<\/li>\n<\/ol>\n<\/li>\n<li>VERWENDUNG DES REISEF\u00dcHRERS\n<ol>\n<li>Nissan bem\u00fcht sich best\u00e4ndig um die Verbesserung seines Angebots. Dementsprechend stehen alle Informationen auf dieser Website unter dem Vorbehalt etwaiger \u00c4nderungen und dienen nur der allgemeinen Information.<\/li>\n<li>Alle Inhalte auf dieser Website, einschlie\u00dflich Bilder, Text, Videos, Karten oder Vorschl\u00e4ge f\u00fcr Standorte und Roadtrips, sind nicht endg\u00fcltig und k\u00f6nnen ohne vorherige Ank\u00fcndigung ge\u00e4ndert werden.<\/li>\n<li>Sie erkennen an, dass Nissan nicht f\u00fcr Verluste, Sch\u00e4den oder Unannehmlichkeiten haftbar gemacht werden kann, die aus der Befolgung der Vorschl\u00e4ge im Reisef\u00fchrer herr\u00fchren.<\/li>\n<\/ol>\n<\/li>\n<li>PRODUKTE UND PREISE\n<ol>\n<li>Nissan bem\u00fcht sich best\u00e4ndig um die Verbesserung seiner Produkte. Dementsprechend stehen alle Informationen auf dieser Website unter dem Vorbehalt etwaiger \u00c4nderungen und dienen nur der allgemeinen Information.<\/li>\n<li>Bitte wenden Sie sich an Ihren autorisierten Nissan-H\u00e4ndler vor Ort oder, wenn Sie ein Flottenkunde sind, an Ihren Fuhrparkmanager oder Ihr Fuhrparkkunden-Kontaktzentrum, um aktuelle Informationen, weitere Ratschl\u00e4ge oder Anleitungen zu erhalten, bevor Sie auf der Grundlage der auf unserer Website enthaltenen oder generierten Informationen Ma\u00dfnahmen ergreifen.<\/li>\n<li>Wir haften im gr\u00f6\u00dftm\u00f6glichen gesetzlich zul\u00e4ssigen Umfang nicht f\u00fcr Verluste oder Sch\u00e4den, die sich aus Ihrem Vertrauen auf die auf unserer Website verf\u00fcgbaren Informationen ergeben.<\/li>\n<\/ol>\n<\/li>\n<li>GEISTIGES EIGENTUM\n<ol>\n<li>Unsere Website und alle auf der Website angezeigten Informationen, Bilder, Fotos und sonstigen Inhalte (\u201eMaterial(ien)\u201c) sind durch bestimmte Rechte gesch\u00fctzt. Zu diesen Rechten geh\u00f6ren alle Patente, Rechte an Erfindungen, Urheberrechte und damit verbundene Rechte, moralische Rechte, Marken und Dienstleistungsmarken, Gesch\u00e4ftsnamen und Domainnamen, Firmenwert und das Recht auf Klage wegen Abgangs oder unlauteren Wettbewerbs, Rechte an Designs und alle anderen geistigen Eigentumsrechte, jeweils unabh\u00e4ngig davon, ob sie eingetragen oder nicht eingetragen sind (\u201eRechte\u201c). Diese Rechte geh\u00f6ren entweder direkt Nissan oder werden uns durch ihre jeweiligen Eigent\u00fcmer oder Lizenzgeber in Lizenz gew\u00e4hrt.<\/li>\n<li>Sie d\u00fcrfen ohne die Erlaubnis von Nissan nichts auf der Website kopieren. Ihnen wird lediglich das Recht einger\u00e4umt, die Website anzuzeigen und Material daraus zu drucken. Diese Nutzung ist Ihnen nur f\u00fcr Ihren pers\u00f6nlichen, nicht gewerblichen Gebrauch und\/oder f\u00fcr Sie selbst gestattet, um fundierte Entscheidungen \u00fcber die Produkte von Nissan treffen zu k\u00f6nnen. Sie d\u00fcrfen nicht:\n<ol>\n<li>\n<p class=\"p1\">etwas von der Website kopieren, ver\u00f6ffentlichen oder \u00e4ndern, oder Informationen, die Sie sich angesehen oder gedruckt haben, weiterverkaufen,<\/p>\n<\/li>\n<li>\n<p class=\"p1\">Urheberrechts- oder sonstige Eigentumshinweise, die in den Materialien enthalten sind, entfernen,<\/p>\n<\/li>\n<li>Materialien von unserer Website in einer Weise verwenden, die unsere Rechte oder die Rechte eines Dritten verletzen k\u00f6nnte, oder<\/li>\n<li>ohne unsere vorherige schriftliche Zustimmung unsere Website und\/oder Materialien in welcher Weise auch immer, einschlie\u00dflich f\u00fcr gewerbliche Zwecke, reproduzieren, modifizieren, anzeigen, ausf\u00fchren, ver\u00f6ffentlichen, verteilen, verbreiten, \u00fcbertragen, gestalten, an die \u00d6ffentlichkeit kommunizieren oder an Dritte weitergeben oder verwerten.<\/li>\n<\/ol>\n<\/li>\n<li>Jede Nutzung der Website oder der Materialien in einer Weise, die nicht ausdr\u00fccklich durch diese Bedingungen erlaubt ist, kann eine Verletzung unserer Rechte oder der Rechte unserer Lizenzgeber darstellen. Wir und unsere Lizenzgeber behalten uns das Recht vor, s\u00e4mtliche Rechte und Rechtsbehelfe auszu\u00fcben, die in Bezug auf eine Verletzung von Rechten an der Website oder den darauf zug\u00e4nglichen Materialien zur Verf\u00fcgung stehen.<\/li>\n<\/ol>\n<\/li>\n<li>MARKEN\n<ol>\n<li>Wir behalten uns alle Rechte an dem Domainnamen nissantravelguide.com und allen zugeh\u00f6rigen Domains und Subdomains, dem Namen \u201eNissan\u201c, unserem Logo und unseren Dienstleistungsmarken, Markennamen, Handelsnamen und\/oder Marken vor, die auf der Website zu sehen sind. Andere auf der Website erw\u00e4hnte Marken, Produkte und Firmennamen k\u00f6nnen Marken ihrer jeweiligen Eigent\u00fcmer oder Lizenzgeber sein, und die Rechte an diesen Marken sind ihren jeweiligen Eigent\u00fcmern oder Lizenzgebern vorbehalten.<\/li>\n<li>Nichts in diesen Bedingungen darf so ausgelegt werden, dass damit eine Lizenz oder ein Recht zur Nutzung einer solchen Marke oder eines solchen Domainnamens gew\u00e4hrt wird.<\/li>\n<\/ol>\n<\/li>\n<li>IHRE PRIVATSPH\u00c4RE\n<ol>\n<li>Der Schutz Ihrer personenbezogenen Daten ist uns wichtig. Einzelheiten dazu, wie wir Ihre personenbezogenen Daten verarbeiten, finden Sie in unserer\u00a0Datenerkl\u00e4rung, die Teil dieser Bedingungen ist.<\/li>\n<\/ol>\n<\/li>\n<li>UNSERE VERWENDUNG VON COOKIES\n<ol>\n<li>Diese Website verwendet Cookies. Weitere Informationen finden Sie in unserer Cookie-Richtlinie, die Teil dieser Bedingungen ist.<\/li>\n<\/ol>\n<\/li>\n<li>INHALTE DRITTER\n<ol>\n<li>Unsere Website und\/oder die Materialien k\u00f6nnen Links zu Websites von verbundenen und nicht verbundenen Unternehmen enthalten.<\/li>\n<li>Nissan bearbeitet oder kontrolliert solche Websites nicht. Links zu solchen Websites stellen in keinem Fall eine Bef\u00fcrwortung durch Nissan oder eine Verbindung zwischen Nissan und solchen Websites dar, und Nissan ist nicht verantwortlich f\u00fcr Inhalte, Produkte, Dienstleistungen, Werbung, Genauigkeit, Meinungen oder andere Angelegenheiten, die auf solchen Websites pr\u00e4sentiert werden. Der Zugriff auf und die Nutzung von Websites verbundener oder nicht verbundener Unternehmen unterliegt ihren eigenen Nutzungsbedingungen und Datenschutzrichtlinien, und wenn Sie sich entscheiden, eine Website Dritter zu besuchen, erfolgt dies auf eigenes Risiko.<\/li>\n<\/ol>\n<\/li>\n<li>VERLINKUNG ZU UNSERER WEBSITE\n<ol>\n<li>Sie k\u00f6nnen zu nicht gewerblichen Zwecken auf jede Seite unserer Website verlinken, vorausgesetzt, dass Sie dies auf eine Art und Weise tun, die fair und legal ist und unseren Ruf nicht sch\u00e4digt oder ausnutzt.<\/li>\n<li>Sie d\u00fcrfen Links zu unserer Website nicht in einer Weise verlinken, die eine Verbindung, Genehmigung oder Bef\u00fcrwortung unsererseits nahelegt, wenn Derartiges nicht existiert.<\/li>\n<li>Sie d\u00fcrfen Werbung, Urheberrechtsvermerke oder andere Informationen auf unserer Website keinesfalls entfernen, verdecken oder anderweitig ab\u00e4ndern. Es darf kein Frame unserer Website auf einer anderen Website erstellt werden.<\/li>\n<li>Wenn Sie zu gewerblichen Zwecken oder zu einem oben nicht genannten Zweck eine Verlinkung zu unserer Website erstellen m\u00f6chten, kontaktieren Sie uns bitte unter den unten angegebenen Kontaktdaten.<\/li>\n<li>Wir behalten uns das Recht vor, eine erteilte Erlaubnis zur Verlinkung jederzeit und ohne Vorank\u00fcndigung zu widerrufen.<\/li>\n<\/ol>\n<\/li>\n<li>ALLGEMEIN\n<ol>\n<li>Sie d\u00fcrfen Ihre Rechte gem\u00e4\u00df diesen Bedingungen nicht abtreten, unterlizenzieren oder anderweitig \u00fcbertragen.<\/li>\n<li>Wenn eine Bestimmung dieser Bedingungen aus welchem Grund auch immer f\u00fcr ung\u00fcltig befunden wird, ber\u00fchrt die Ung\u00fcltigkeit dieser Bestimmung nicht die \u00fcbrigen Bestimmungen dieser Bedingungen, die in vollem Umfang in Kraft bleiben.<\/li>\n<li>Die Nichtaus\u00fcbung eines Rechts oder Rechtsmittels gem\u00e4\u00df diesen Bedingungen durch eine der Parteien stellt keinen Verzicht auf dieses Recht oder dieses Rechtsmittel dar.<\/li>\n<\/ol>\n<\/li>\n<li>GELTENDES RECHT\n<ol>\n<li>Sie erkl\u00e4ren sich damit einverstanden, dass das franz\u00f6sische Recht Ihre Nutzung der Website und Ihre Beziehung zu Nissan regelt, und Sie stimmen zu, dass die Gerichte Frankreichs die ausschlie\u00dfliche Zust\u00e4ndigkeit f\u00fcr alle Anspr\u00fcche haben, die sich aus oder im Zusammenhang mit dieser Website ergeben.<\/li>\n<\/ol>\n<\/li>\n<li>KONTAKTIEREN SIE UNS\n<ol>\n<li>Wenn Sie Fragen haben, erreichen Sie uns telefonisch unter 0330 123 1231.<br \/>\nWenn Sie uns aus dem Ausland anrufen m\u00fcssen oder unsere ver\u00f6ffentlichte Nummer nicht verwenden m\u00f6chten, k\u00f6nnen Sie uns unter 0044 191 335 2879 erreichen.<br \/>\nSprechen Sie mit uns von Montag bis Freitag von 8:00 bis 20:00\u00a0Uhr und Samstag von 8:00 bis 14:00\u00a0Uhr (ausgenommen Feiertage). Au\u00dferhalb dieser Zeiten hinterlassen Sie bitte eine Nachricht und wir werden Sie am n\u00e4chsten Werktag zur\u00fcckrufen.<\/li>\n<\/ol>\n<\/li>\n<\/ol>\n","protected":false},"excerpt":{"rendered":"<p>EINLEITUNG Die nachstehenden Bedingungen regeln Ihre Nutzung dieser Website (die \u201eWebsite\u201c), und indem Sie diese Website aufrufen, stimme Sie zu, dass Sie an diese gebunden sind. Wenn Sie diesen Bedingungen nicht zustimmen, m\u00fcssen Sie die Website schlie\u00dfen und d\u00fcrfen diese nicht nutzen. Diese Website wird Ihnen von Nissan Motor (GB) Limited zur Verf\u00fcgung gestellt, einem [&hellip;]<\/p>\n","protected":false},"author":1,"featured_media":0,"parent":0,"menu_order":0,"comment_status":"closed","ping_status":"closed","template":"tpl-content.php","meta":{"_acf_changed":false,"footnotes":""},"acf":[],"aioseo_notices":[],"_links":{"self":[{"href":"https:\/\/nissantravelguide.com\/de\/wp-json\/wp\/v2\/pages\/4263"}],"collection":[{"href":"https:\/\/nissantravelguide.com\/de\/wp-json\/wp\/v2\/pages"}],"about":[{"href":"https:\/\/nissantravelguide.com\/de\/wp-json\/wp\/v2\/types\/page"}],"author":[{"embeddable":true,"href":"https:\/\/nissantravelguide.com\/de\/wp-json\/wp\/v2\/users\/1"}],"replies":[{"embeddable":true,"href":"https:\/\/nissantravelguide.com\/de\/wp-json\/wp\/v2\/comments?post=4263"}],"version-history":[{"count":4,"href":"https:\/\/nissantravelguide.com\/de\/wp-json\/wp\/v2\/pages\/4263\/revisions"}],"predecessor-version":[{"id":4551,"href":"https:\/\/nissantravelguide.com\/de\/wp-json\/wp\/v2\/pages\/4263\/revisions\/4551"}],"wp:attachment":[{"href":"https:\/\/nissantravelguide.com\/de\/wp-json\/wp\/v2\/media?parent=4263"}],"curies":[{"name":"wp","href":"https:\/\/api.w.org\/{rel}","templated":true}]}}