{"id":471,"date":"2022-06-28T08:08:04","date_gmt":"2022-06-28T08:08:04","guid":{"rendered":"https:\/\/nissantravelguide.com\/stockholm\/yasuragi-hotel\/"},"modified":"2022-12-13T11:05:06","modified_gmt":"2022-12-13T11:05:06","slug":"yasuragi-hotel","status":"publish","type":"page","link":"https:\/\/nissantravelguide.com\/de\/stockholm\/yasuragi-hotel\/","title":{"rendered":"Yasuragi Hotel"},"content":{"rendered":"<p>Sind Sie schon einmal in ein warmes Bad gestiegen und haben einen langen, tiefen Seufzer ausgesto\u00dfen, als Sie sp\u00fcrten, wie die Last von Ihren Schultern f\u00e4llt und Sie sich entspannen? Das ist das vom japanischen Wort \u201eYasuragi\u201c ausgedr\u00fcckte Gef\u00fchl, und das gleichnamige Yasuragi Hotel \u2013 20 Minuten von Stockholm entfernt \u2013 vermittelt dieses Gef\u00fchl wirklich.<\/p>\n<p>Das Spa-Hotel bietet Ihnen ein authentisches japanisches Badehaus-Erlebnis und verf\u00fcgt sogar \u00fcber eine eigene hei\u00dfe Quelle. Es ist der Zufluchtsort f\u00fcr alle, die der Hektik der Stadt entkommen und in die Natur entfliehen m\u00f6chten. Erkunden Sie den nahegelegenen nordischen Wald und genie\u00dfen Sie die atemberaubende nat\u00fcrliche Sch\u00f6nheit des Sch\u00e4rengartens, der das Hotel umgibt, w\u00e4hrend sich Ihr K\u00f6rper und Geist an diesem entspannten R\u00fcckzugsort erholen.<\/p>\n","protected":false},"excerpt":{"rendered":"<p>Sind Sie schon einmal in ein warmes Bad gestiegen und haben einen langen, tiefen Seufzer ausgesto\u00dfen, als Sie sp\u00fcrten, wie die Last von Ihren Schultern f\u00e4llt und Sie sich entspannen? Das ist das vom japanischen Wort \u201eYasuragi\u201c ausgedr\u00fcckte Gef\u00fchl, und das gleichnamige Yasuragi Hotel \u2013 20 Minuten von Stockholm entfernt \u2013 vermittelt dieses Gef\u00fchl wirklich. [&hellip;]<\/p>\n","protected":false},"author":1,"featured_media":1528,"parent":469,"menu_order":13,"comment_status":"closed","ping_status":"closed","template":"tpl-location.php","meta":{"_acf_changed":false,"footnotes":""},"acf":{"address":"Hamndalsv\u00e4gen 8, 132 81 Saltsj\u00f6-Boo, Stockholm","location_type":"hotel","map_link":"https:\/\/www.google.co.uk\/maps\/place\/Yasuragi\/@59.3458178,18.2382682,17z\/data=!4m16!1m7!3m6!1s0x465f8235ae8ec91d:0x4af19c7cab53473e!2sHamndalsv%C3%A4gen+8,+132+39+Saltsj%C3%B6-boo,+Sweden!3b1!8m2!3d59.3458151!4d18.2404622!3m7!1s0x465f8235ae8ec4e3:0x318fdc3be1cbab58!5m2!4m1!1i2!8m2!3d59.3458151!4d18.2404622","trip_advisor":"https:\/\/www.tripadvisor.com\/Hotel_Review-g1799695-d497649-Reviews-Yasuragi-Saltsjo_Boo.html","coordinates":{"latitude":"59.3458178","longitude":"18.2382682"},"charging_stations":[{"charging_station":"3.7kw Type 2"}]},"aioseo_notices":[],"_links":{"self":[{"href":"https:\/\/nissantravelguide.com\/de\/wp-json\/wp\/v2\/pages\/471"}],"collection":[{"href":"https:\/\/nissantravelguide.com\/de\/wp-json\/wp\/v2\/pages"}],"about":[{"href":"https:\/\/nissantravelguide.com\/de\/wp-json\/wp\/v2\/types\/page"}],"author":[{"embeddable":true,"href":"https:\/\/nissantravelguide.com\/de\/wp-json\/wp\/v2\/users\/1"}],"replies":[{"embeddable":true,"href":"https:\/\/nissantravelguide.com\/de\/wp-json\/wp\/v2\/comments?post=471"}],"version-history":[{"count":1,"href":"https:\/\/nissantravelguide.com\/de\/wp-json\/wp\/v2\/pages\/471\/revisions"}],"predecessor-version":[{"id":627,"href":"https:\/\/nissantravelguide.com\/de\/wp-json\/wp\/v2\/pages\/471\/revisions\/627"}],"up":[{"embeddable":true,"href":"https:\/\/nissantravelguide.com\/de\/wp-json\/wp\/v2\/pages\/469"}],"wp:featuredmedia":[{"embeddable":true,"href":"https:\/\/nissantravelguide.com\/de\/wp-json\/wp\/v2\/media\/1528"}],"wp:attachment":[{"href":"https:\/\/nissantravelguide.com\/de\/wp-json\/wp\/v2\/media?parent=471"}],"curies":[{"name":"wp","href":"https:\/\/api.w.org\/{rel}","templated":true}]}}