{"id":472,"date":"2022-06-28T08:08:22","date_gmt":"2022-06-28T08:08:22","guid":{"rendered":"https:\/\/nissantravelguide.com\/stockholm\/djurgarden\/"},"modified":"2022-07-01T12:01:01","modified_gmt":"2022-07-01T12:01:01","slug":"djurgarden","status":"publish","type":"page","link":"https:\/\/nissantravelguide.com\/de\/stockholm\/djurgarden\/","title":{"rendered":"Djurg\u00e5rden"},"content":{"rendered":"<p>ABBA-Fan? Dann suchen Sie nicht weiter. Nutzen Sie die Gelegenheit, einige der ber\u00fchmtesten Museen und kulturellen Sehensw\u00fcrdigkeiten Stockholms zu besuchen \u2013 alle nur einen Steinwurf voneinander entfernt auf der Insel Djurg\u00e5rden. Entdecken Sie im Vasa-Museum die Geschichte des Schiffes, das den Stockholmer Hafen nie verlassen hat; erleben Sie im Skansen-Museum, wie schwedische Geschichte zum Leben erweckt wird, und nat\u00fcrlich gibt es das \u201eABBA The Museum\u201c. Und als w\u00e4re das nicht genug, k\u00f6nnen Sie auch die Themenparkfahrten von Gr\u00f6na Lund genie\u00dfen. Mit seiner Mischung aus Gr\u00fcnfl\u00e4chen, Kunst und Kultur ist Djurg\u00e5rden wirklich eine Oase der Ruhe im Zentrum der Stadt.<\/p>\n","protected":false},"excerpt":{"rendered":"<p>ABBA-Fan? Dann suchen Sie nicht weiter. Nutzen Sie die Gelegenheit, einige der ber\u00fchmtesten Museen und kulturellen Sehensw\u00fcrdigkeiten Stockholms zu besuchen \u2013 alle nur einen Steinwurf voneinander entfernt auf der Insel Djurg\u00e5rden. Entdecken Sie im Vasa-Museum die Geschichte des Schiffes, das den Stockholmer Hafen nie verlassen hat; erleben Sie im Skansen-Museum, wie schwedische Geschichte zum Leben [&hellip;]<\/p>\n","protected":false},"author":1,"featured_media":1100,"parent":469,"menu_order":1,"comment_status":"closed","ping_status":"closed","template":"tpl-location.php","meta":{"_acf_changed":false,"footnotes":""},"acf":{"address":"\u00d6stermalm, Stockholm, Sweden","location_type":"beauty","map_link":"https:\/\/www.google.co.uk\/maps\/place\/Djurg%C3%A5rden\/@59.3251743,18.1042052,14z\/data=!3m1!4b1!4m5!3m4!1s0x465f82a5d9b7164f:0x5abd0eac4c5ed217!8m2!3d59.326284!4d18.1132151","trip_advisor":"https:\/\/www.tripadvisor.co.uk\/Tourism-g189851-Djurgarden-Vacations.html","coordinates":{"latitude":"59.3251743","longitude":"18.1042052"},"charging_stations":[{"charging_station":"3.7 kW Type 2: Djurg\u00e5rden, 115 21 Stockholm, Sweden"}]},"aioseo_notices":[],"_links":{"self":[{"href":"https:\/\/nissantravelguide.com\/de\/wp-json\/wp\/v2\/pages\/472"}],"collection":[{"href":"https:\/\/nissantravelguide.com\/de\/wp-json\/wp\/v2\/pages"}],"about":[{"href":"https:\/\/nissantravelguide.com\/de\/wp-json\/wp\/v2\/types\/page"}],"author":[{"embeddable":true,"href":"https:\/\/nissantravelguide.com\/de\/wp-json\/wp\/v2\/users\/1"}],"replies":[{"embeddable":true,"href":"https:\/\/nissantravelguide.com\/de\/wp-json\/wp\/v2\/comments?post=472"}],"version-history":[{"count":1,"href":"https:\/\/nissantravelguide.com\/de\/wp-json\/wp\/v2\/pages\/472\/revisions"}],"predecessor-version":[{"id":1214,"href":"https:\/\/nissantravelguide.com\/de\/wp-json\/wp\/v2\/pages\/472\/revisions\/1214"}],"up":[{"embeddable":true,"href":"https:\/\/nissantravelguide.com\/de\/wp-json\/wp\/v2\/pages\/469"}],"wp:featuredmedia":[{"embeddable":true,"href":"https:\/\/nissantravelguide.com\/de\/wp-json\/wp\/v2\/media\/1100"}],"wp:attachment":[{"href":"https:\/\/nissantravelguide.com\/de\/wp-json\/wp\/v2\/media?parent=472"}],"curies":[{"name":"wp","href":"https:\/\/api.w.org\/{rel}","templated":true}]}}