{"id":473,"date":"2022-06-28T08:08:39","date_gmt":"2022-06-28T08:08:39","guid":{"rendered":"https:\/\/nissantravelguide.com\/stockholm\/insel-lidingo\/"},"modified":"2022-12-13T11:01:34","modified_gmt":"2022-12-13T11:01:34","slug":"insel-lidingo","status":"publish","type":"page","link":"https:\/\/nissantravelguide.com\/de\/stockholm\/insel-lidingo\/","title":{"rendered":"Insel Liding\u00f6"},"content":{"rendered":"<p>Nach einer kurzen Fahrt vom Stockholmer Festland \u00fcber die Liding\u00f6bron-Br\u00fccke k\u00f6nnen Sie die nat\u00fcrliche Sch\u00f6nheit und den ruhigeren Lebensrhythmus auf der Insel Liding\u00f6 entdecken. Die Insel ist bekannt f\u00fcr ihre m\u00e4rchenhaften H\u00e4user in malerischer Umgebung. Sie werden das Gef\u00fchl haben, die Stadt hinter sich gelassen zu haben. Filmfreunde werden vor allem das Studio Svenska Bio genie\u00dfen, wo Filmemacher wie Mauritz Stiller und Victor Sj\u00f6str\u00f6m die Art und Weise, wie wir Filme sehen, mit ihrer bahnbrechenden Verwendung optischer Effekte f\u00fcr immer ver\u00e4ndert haben.<\/p>\n","protected":false},"excerpt":{"rendered":"<p>Nach einer kurzen Fahrt vom Stockholmer Festland \u00fcber die Liding\u00f6bron-Br\u00fccke k\u00f6nnen Sie die nat\u00fcrliche Sch\u00f6nheit und den ruhigeren Lebensrhythmus auf der Insel Liding\u00f6 entdecken. Die Insel ist bekannt f\u00fcr ihre m\u00e4rchenhaften H\u00e4user in malerischer Umgebung. Sie werden das Gef\u00fchl haben, die Stadt hinter sich gelassen zu haben. Filmfreunde werden vor allem das Studio Svenska Bio [&hellip;]<\/p>\n","protected":false},"author":1,"featured_media":1181,"parent":469,"menu_order":5,"comment_status":"closed","ping_status":"closed","template":"tpl-location.php","meta":{"_acf_changed":false,"footnotes":""},"acf":{"address":"Liding\u00f6, Sweden","location_type":"beauty","map_link":"https:\/\/www.google.co.uk\/maps\/place\/Liding%C3%B6\/@59.3651056,18.1051763,12z\/data=!3m1!4b1!4m5!3m4!1s0x465f83194c9a34a1:0x3c1e368224718a3f!8m2!3d59.3535946!4d18.1695734","trip_advisor":"https:\/\/www.tripadvisor.co.uk\/Tourism-g2368258-Lidingo-Vacations.html","coordinates":{"latitude":"59.363993078595115","longitude":"18.13312774658243"},"charging_stations":[{"charging_station":"11 kW Type 2: Parking lot, 181 32 Liding\u00f6, Sweden"}]},"aioseo_notices":[],"_links":{"self":[{"href":"https:\/\/nissantravelguide.com\/de\/wp-json\/wp\/v2\/pages\/473"}],"collection":[{"href":"https:\/\/nissantravelguide.com\/de\/wp-json\/wp\/v2\/pages"}],"about":[{"href":"https:\/\/nissantravelguide.com\/de\/wp-json\/wp\/v2\/types\/page"}],"author":[{"embeddable":true,"href":"https:\/\/nissantravelguide.com\/de\/wp-json\/wp\/v2\/users\/1"}],"replies":[{"embeddable":true,"href":"https:\/\/nissantravelguide.com\/de\/wp-json\/wp\/v2\/comments?post=473"}],"version-history":[{"count":1,"href":"https:\/\/nissantravelguide.com\/de\/wp-json\/wp\/v2\/pages\/473\/revisions"}],"predecessor-version":[{"id":1226,"href":"https:\/\/nissantravelguide.com\/de\/wp-json\/wp\/v2\/pages\/473\/revisions\/1226"}],"up":[{"embeddable":true,"href":"https:\/\/nissantravelguide.com\/de\/wp-json\/wp\/v2\/pages\/469"}],"wp:featuredmedia":[{"embeddable":true,"href":"https:\/\/nissantravelguide.com\/de\/wp-json\/wp\/v2\/media\/1181"}],"wp:attachment":[{"href":"https:\/\/nissantravelguide.com\/de\/wp-json\/wp\/v2\/media?parent=473"}],"curies":[{"name":"wp","href":"https:\/\/api.w.org\/{rel}","templated":true}]}}