{"id":474,"date":"2022-06-28T08:09:00","date_gmt":"2022-06-28T08:09:00","guid":{"rendered":"https:\/\/nissantravelguide.com\/stockholm\/ellery-beach-house\/"},"modified":"2022-12-13T11:01:00","modified_gmt":"2022-12-13T11:01:00","slug":"ellery-beach-house","status":"publish","type":"page","link":"https:\/\/nissantravelguide.com\/de\/stockholm\/ellery-beach-house\/","title":{"rendered":"Ellery Beach House"},"content":{"rendered":"<p>Im Ellery Beach House, Stockholms einzigem Strandresort, k\u00f6nnen Sie sich auf eine tolle Zeit freuen. Das an der Spitze der Insel Liding\u00f6 gelegene, bunt dekorierte Strandhaus im Stil der 60er\/70er Jahre bietet die Kulisse f\u00fcr den ultimativen Insta-Post. Es verf\u00fcgt \u00fcber einen eigenen Bootssteg verf\u00fcgt und ist der ideale Ort, um sich inmitten von Natur, Musik und Kunst zu entspannen.<\/p>\n","protected":false},"excerpt":{"rendered":"<p>Im Ellery Beach House, Stockholms einzigem Strandresort, k\u00f6nnen Sie sich auf eine tolle Zeit freuen. Das an der Spitze der Insel Liding\u00f6 gelegene, bunt dekorierte Strandhaus im Stil der 60er\/70er Jahre bietet die Kulisse f\u00fcr den ultimativen Insta-Post. Es verf\u00fcgt \u00fcber einen eigenen Bootssteg verf\u00fcgt und ist der ideale Ort, um sich inmitten von Natur, [&hellip;]<\/p>\n","protected":false},"author":1,"featured_media":1432,"parent":469,"menu_order":3,"comment_status":"closed","ping_status":"closed","template":"tpl-location.php","meta":{"_acf_changed":false,"footnotes":""},"acf":{"address":"Elfviks udde, 181 90 Liding\u00f6, Sweden","location_type":"beauty","map_link":"https:\/\/www.google.co.uk\/maps\/place\/Ellery+Beach+House+Stockholm\/@59.3642428,18.2517476,17z\/data=!3m1!4b1!4m8!3m7!1s0x465f83c75c96dcf3:0x16ab674dd94d8527!5m2!4m1!1i2!8m2!3d59.3642317!4d18.2539413","trip_advisor":"https:\/\/www.tripadvisor.co.uk\/Hotel_Review-g2368258-d20372134-Reviews-Ellery_Beach_House-Lidingo.html","coordinates":{"latitude":"59.3642428","longitude":"18.2517476"},"charging_stations":[{"charging_station":"22 kW Type 2"}]},"aioseo_notices":[],"_links":{"self":[{"href":"https:\/\/nissantravelguide.com\/de\/wp-json\/wp\/v2\/pages\/474"}],"collection":[{"href":"https:\/\/nissantravelguide.com\/de\/wp-json\/wp\/v2\/pages"}],"about":[{"href":"https:\/\/nissantravelguide.com\/de\/wp-json\/wp\/v2\/types\/page"}],"author":[{"embeddable":true,"href":"https:\/\/nissantravelguide.com\/de\/wp-json\/wp\/v2\/users\/1"}],"replies":[{"embeddable":true,"href":"https:\/\/nissantravelguide.com\/de\/wp-json\/wp\/v2\/comments?post=474"}],"version-history":[{"count":1,"href":"https:\/\/nissantravelguide.com\/de\/wp-json\/wp\/v2\/pages\/474\/revisions"}],"predecessor-version":[{"id":636,"href":"https:\/\/nissantravelguide.com\/de\/wp-json\/wp\/v2\/pages\/474\/revisions\/636"}],"up":[{"embeddable":true,"href":"https:\/\/nissantravelguide.com\/de\/wp-json\/wp\/v2\/pages\/469"}],"wp:featuredmedia":[{"embeddable":true,"href":"https:\/\/nissantravelguide.com\/de\/wp-json\/wp\/v2\/media\/1432"}],"wp:attachment":[{"href":"https:\/\/nissantravelguide.com\/de\/wp-json\/wp\/v2\/media?parent=474"}],"curies":[{"name":"wp","href":"https:\/\/api.w.org\/{rel}","templated":true}]}}