{"id":475,"date":"2022-06-28T08:09:19","date_gmt":"2022-06-28T08:09:19","guid":{"rendered":"https:\/\/nissantravelguide.com\/stockholm\/stockholmer-scharengarten\/"},"modified":"2022-12-13T11:03:34","modified_gmt":"2022-12-13T11:03:34","slug":"stockholmer-scharengarten","status":"publish","type":"page","link":"https:\/\/nissantravelguide.com\/de\/stockholm\/stockholmer-scharengarten\/","title":{"rendered":"Stockholmer Sch\u00e4rengarten"},"content":{"rendered":"<p>Der Stockholmer Sch\u00e4rengarten besteht aus mehr als 30.000 Inseln, die Sie nicht alle auf einmal besuchen k\u00f6nnen. Man kann mit Fug und Recht behaupten, dass f\u00fcr jeden etwas dabei ist, von felsigen Klippen mit atemberaubenden Aussichten bis hin zu Sandstr\u00e4nden, die den perfekten Ort f\u00fcr Ruhe und Entspannung bieten. Und wenn Sie Lust haben, sich auf ein kleines Abenteuer zu begeben: Es gibt viele unbewohnte Inseln und Inselchen zu entdecken.<\/p>\n","protected":false},"excerpt":{"rendered":"<p>Der Stockholmer Sch\u00e4rengarten besteht aus mehr als 30.000 Inseln, die Sie nicht alle auf einmal besuchen k\u00f6nnen. Man kann mit Fug und Recht behaupten, dass f\u00fcr jeden etwas dabei ist, von felsigen Klippen mit atemberaubenden Aussichten bis hin zu Sandstr\u00e4nden, die den perfekten Ort f\u00fcr Ruhe und Entspannung bieten. Und wenn Sie Lust haben, sich [&hellip;]<\/p>\n","protected":false},"author":1,"featured_media":1147,"parent":469,"menu_order":9,"comment_status":"closed","ping_status":"closed","template":"tpl-location.php","meta":{"_acf_changed":false,"footnotes":""},"acf":{"address":"","location_type":"beauty","map_link":"https:\/\/www.google.com\/maps\/place\/Stockholm+archipelago\/@59.2756771,18.7668611,9.65z\/data=!4m13!1m7!3m6!1s0x465f573a1c77ef1d:0x2e04a31804f4096b!2sStockholm+archipelago!3b1!8m2!3d59.2844004!4d18.5745903!3m4!1s0x465f573a1c77ef1d:0x2e04a31804f4096b!8m2!3d59.2844004!4d18.5745903","trip_advisor":"https:\/\/www.tripadvisor.co.uk\/ShowUserReviews-g189852-d1869238-r286397809-Schaerenkreuzfahrt_Waxholmsbolaget-Stockholm.html","coordinates":{"latitude":"59.3209431","longitude":"18.1912126"},"charging_stations":[{"charging_station":"3.7 kW Type 2: Slottsbacken 6, 111 30 Stockholm, Sweden"}]},"aioseo_notices":[],"_links":{"self":[{"href":"https:\/\/nissantravelguide.com\/de\/wp-json\/wp\/v2\/pages\/475"}],"collection":[{"href":"https:\/\/nissantravelguide.com\/de\/wp-json\/wp\/v2\/pages"}],"about":[{"href":"https:\/\/nissantravelguide.com\/de\/wp-json\/wp\/v2\/types\/page"}],"author":[{"embeddable":true,"href":"https:\/\/nissantravelguide.com\/de\/wp-json\/wp\/v2\/users\/1"}],"replies":[{"embeddable":true,"href":"https:\/\/nissantravelguide.com\/de\/wp-json\/wp\/v2\/comments?post=475"}],"version-history":[{"count":1,"href":"https:\/\/nissantravelguide.com\/de\/wp-json\/wp\/v2\/pages\/475\/revisions"}],"predecessor-version":[{"id":1211,"href":"https:\/\/nissantravelguide.com\/de\/wp-json\/wp\/v2\/pages\/475\/revisions\/1211"}],"up":[{"embeddable":true,"href":"https:\/\/nissantravelguide.com\/de\/wp-json\/wp\/v2\/pages\/469"}],"wp:featuredmedia":[{"embeddable":true,"href":"https:\/\/nissantravelguide.com\/de\/wp-json\/wp\/v2\/media\/1147"}],"wp:attachment":[{"href":"https:\/\/nissantravelguide.com\/de\/wp-json\/wp\/v2\/media?parent=475"}],"curies":[{"name":"wp","href":"https:\/\/api.w.org\/{rel}","templated":true}]}}