{"id":476,"date":"2022-06-28T08:09:37","date_gmt":"2022-06-28T08:09:37","guid":{"rendered":"https:\/\/nissantravelguide.com\/stockholm\/vaxholm\/"},"modified":"2022-12-13T11:04:14","modified_gmt":"2022-12-13T11:04:14","slug":"vaxholm","status":"publish","type":"page","link":"https:\/\/nissantravelguide.com\/de\/stockholm\/vaxholm\/","title":{"rendered":"Vaxholm"},"content":{"rendered":"<p>Sie m\u00f6chten einen Ort mit vielen charmanten Restaurants, Caf\u00e9s und Gesch\u00e4ften besuchen? Dann fahren Sie nach Vaxholm, eine idyllische Stadt im Herzen des Stockholmer Sch\u00e4rengartens. Die gut erhaltenen Holzh\u00e4user, die in charakteristischen Pastellt\u00f6nen gestrichen sind, schaffen eine unvergleichliche Atmosph\u00e4re. Genau wie im Rest des Sch\u00e4rengartens kommt auch hier das Abenteuer nicht zu kurz. Es gibt jede Menge M\u00f6glichkeiten zum Kajakfahren, Paddeln oder Angeln. Und wenn Sie am Ende des Tages die Seele baumeln lassen wollen, empfehlen wir Ihnen einen Besuch im Hotel Waxholms, von dem aus Sie einen herrlichen Blick auf die Festung und den Hafen der Stadt haben.<\/p>\n","protected":false},"excerpt":{"rendered":"<p>Sie m\u00f6chten einen Ort mit vielen charmanten Restaurants, Caf\u00e9s und Gesch\u00e4ften besuchen? Dann fahren Sie nach Vaxholm, eine idyllische Stadt im Herzen des Stockholmer Sch\u00e4rengartens. Die gut erhaltenen Holzh\u00e4user, die in charakteristischen Pastellt\u00f6nen gestrichen sind, schaffen eine unvergleichliche Atmosph\u00e4re. Genau wie im Rest des Sch\u00e4rengartens kommt auch hier das Abenteuer nicht zu kurz. Es gibt [&hellip;]<\/p>\n","protected":false},"author":1,"featured_media":1201,"parent":469,"menu_order":11,"comment_status":"closed","ping_status":"closed","template":"tpl-location.php","meta":{"_acf_changed":false,"footnotes":""},"acf":{"address":"Vaxholm","location_type":"beauty","map_link":"https:\/\/www.google.co.uk\/maps\/place\/Vaxholm,+Sweden\/@59.4045249,18.3086513,14z\/data=!3m1!4b1!4m5!3m4!1s0x465ef319667a1fc1:0xca12483bf0358351!8m2!3d59.4032968!4d18.3263804","trip_advisor":"https:\/\/www.tripadvisor.co.uk\/Tourism-g679660-Vaxholm-Vacations.html","coordinates":{"latitude":"59.4045249","longitude":"18.3086513"},"charging_stations":[{"charging_station":"11 kW Type 2: Eriks\u00f6v\u00e4gen 27, 185 37 Vaxholm, Sweden"}]},"aioseo_notices":[],"_links":{"self":[{"href":"https:\/\/nissantravelguide.com\/de\/wp-json\/wp\/v2\/pages\/476"}],"collection":[{"href":"https:\/\/nissantravelguide.com\/de\/wp-json\/wp\/v2\/pages"}],"about":[{"href":"https:\/\/nissantravelguide.com\/de\/wp-json\/wp\/v2\/types\/page"}],"author":[{"embeddable":true,"href":"https:\/\/nissantravelguide.com\/de\/wp-json\/wp\/v2\/users\/1"}],"replies":[{"embeddable":true,"href":"https:\/\/nissantravelguide.com\/de\/wp-json\/wp\/v2\/comments?post=476"}],"version-history":[{"count":1,"href":"https:\/\/nissantravelguide.com\/de\/wp-json\/wp\/v2\/pages\/476\/revisions"}],"predecessor-version":[{"id":1241,"href":"https:\/\/nissantravelguide.com\/de\/wp-json\/wp\/v2\/pages\/476\/revisions\/1241"}],"up":[{"embeddable":true,"href":"https:\/\/nissantravelguide.com\/de\/wp-json\/wp\/v2\/pages\/469"}],"wp:featuredmedia":[{"embeddable":true,"href":"https:\/\/nissantravelguide.com\/de\/wp-json\/wp\/v2\/media\/1201"}],"wp:attachment":[{"href":"https:\/\/nissantravelguide.com\/de\/wp-json\/wp\/v2\/media?parent=476"}],"curies":[{"name":"wp","href":"https:\/\/api.w.org\/{rel}","templated":true}]}}