{"id":477,"date":"2022-06-28T08:09:56","date_gmt":"2022-06-28T08:09:56","guid":{"rendered":"https:\/\/nissantravelguide.com\/stockholm\/rosendals-garten\/"},"modified":"2022-12-13T11:02:04","modified_gmt":"2022-12-13T11:02:04","slug":"rosendals-garten","status":"publish","type":"page","link":"https:\/\/nissantravelguide.com\/de\/stockholm\/rosendals-garten\/","title":{"rendered":"Rosendals Garten"},"content":{"rendered":"<p>Wenn es eine bessere Art gibt, Essen vom Bauernhof auf den Tisch zu bekommen, als auf dem Bauernhof selbst zu essen, dann haben wir sie noch nicht gefunden &#8230; Und genau das bekommen Sie, wenn Sie zum Rosendals Garten fahren \u2013 einer \u00fcppigen Oase im Herzen der Stadt. Hier werden nur die frischesten Produkte der Saison angebaut, geerntet und zubereitet. Alle Brote und Backwaren werden von Hand in der rustikalen, holzbefeuerten B\u00e4ckerei gebacken. Au\u00dferdem befindet sich das Caf\u00e9-Restaurant in einem der \u2013 sehr authentischen \u2013 Gew\u00e4chsh\u00e4user. Erkunden Sie als kleinen Appetitanreger den Apfelgarten, den Rosengarten, den Weinberg oder den Hofladen. Rosendals Garten ist auch bei Einheimischen sehr beliebt.<\/p>\n<p>Top-Tipp: Planen und buchen Sie unbedingt im Voraus, da die \u00d6ffnungszeiten je nach Saison variieren.<\/p>\n","protected":false},"excerpt":{"rendered":"<p>Wenn es eine bessere Art gibt, Essen vom Bauernhof auf den Tisch zu bekommen, als auf dem Bauernhof selbst zu essen, dann haben wir sie noch nicht gefunden &#8230; Und genau das bekommen Sie, wenn Sie zum Rosendals Garten fahren \u2013 einer \u00fcppigen Oase im Herzen der Stadt. Hier werden nur die frischesten Produkte der [&hellip;]<\/p>\n","protected":false},"author":1,"featured_media":1186,"parent":469,"menu_order":6,"comment_status":"closed","ping_status":"closed","template":"tpl-location.php","meta":{"_acf_changed":false,"footnotes":""},"acf":{"address":"Rosendalsv\u00e4gen 38, 115 21 Stockholm, Sweden","location_type":"beauty","map_link":"https:\/\/www.google.co.uk\/maps\/place\/Rosendals+Tr%C3%A4dg%C3%A5rd\/@59.3273793,18.1131602,17z\/data=!3m1!4b1!4m5!3m4!1s0x465f82aee0533d3d:0x9216b8ab25417838!8m2!3d59.3273766!4d18.1153542","trip_advisor":"https:\/\/www.tripadvisor.co.uk\/Attraction_Review-g189852-d313587-Reviews-Rosendals_Garden-Stockholm.html","coordinates":{"latitude":"59.3273793","longitude":"18.1131602"},"charging_stations":[{"charging_station":"3.7 kW Type 2: Djurg\u00e5rden, 115 21 Stockholm, Sweden"}]},"aioseo_notices":[],"_links":{"self":[{"href":"https:\/\/nissantravelguide.com\/de\/wp-json\/wp\/v2\/pages\/477"}],"collection":[{"href":"https:\/\/nissantravelguide.com\/de\/wp-json\/wp\/v2\/pages"}],"about":[{"href":"https:\/\/nissantravelguide.com\/de\/wp-json\/wp\/v2\/types\/page"}],"author":[{"embeddable":true,"href":"https:\/\/nissantravelguide.com\/de\/wp-json\/wp\/v2\/users\/1"}],"replies":[{"embeddable":true,"href":"https:\/\/nissantravelguide.com\/de\/wp-json\/wp\/v2\/comments?post=477"}],"version-history":[{"count":1,"href":"https:\/\/nissantravelguide.com\/de\/wp-json\/wp\/v2\/pages\/477\/revisions"}],"predecessor-version":[{"id":1136,"href":"https:\/\/nissantravelguide.com\/de\/wp-json\/wp\/v2\/pages\/477\/revisions\/1136"}],"up":[{"embeddable":true,"href":"https:\/\/nissantravelguide.com\/de\/wp-json\/wp\/v2\/pages\/469"}],"wp:featuredmedia":[{"embeddable":true,"href":"https:\/\/nissantravelguide.com\/de\/wp-json\/wp\/v2\/media\/1186"}],"wp:attachment":[{"href":"https:\/\/nissantravelguide.com\/de\/wp-json\/wp\/v2\/media?parent=477"}],"curies":[{"name":"wp","href":"https:\/\/api.w.org\/{rel}","templated":true}]}}