{"id":478,"date":"2022-06-28T08:10:14","date_gmt":"2022-06-28T08:10:14","guid":{"rendered":"https:\/\/nissantravelguide.com\/stockholm\/waldemarsudde-park\/"},"modified":"2022-12-13T11:04:44","modified_gmt":"2022-12-13T11:04:44","slug":"waldemarsudde-park","status":"publish","type":"page","link":"https:\/\/nissantravelguide.com\/de\/stockholm\/waldemarsudde-park\/","title":{"rendered":"Waldemarsudde-Park\u00a0"},"content":{"rendered":"<p>Erleben Sie Ihre eigene Version von \u201eStolz und Vorurteil\u201c in der ehemaligen k\u00f6niglichen Residenz Waldemarsudde. Es wird oft mutig als \u201edas sch\u00f6nste Kunstmuseum Schwedens\u201c bezeichnet. Die Anlage selbst hat jedoch mehr als wundersch\u00f6ne Geb\u00e4ude zu bieten, die von ruhigen Gew\u00e4ssern, atemberaubenden und abwechslungsreichen G\u00e4rten und unz\u00e4hligen beeindruckenden Skulpturen umgeben sind. Im Haus selbst warten die Kunstgalerien mit Werken insbesondere namhafter nordischer und franz\u00f6sischer K\u00fcnstler.<\/p>\n","protected":false},"excerpt":{"rendered":"<p>Erleben Sie Ihre eigene Version von \u201eStolz und Vorurteil\u201c in der ehemaligen k\u00f6niglichen Residenz Waldemarsudde. Es wird oft mutig als \u201edas sch\u00f6nste Kunstmuseum Schwedens\u201c bezeichnet. Die Anlage selbst hat jedoch mehr als wundersch\u00f6ne Geb\u00e4ude zu bieten, die von ruhigen Gew\u00e4ssern, atemberaubenden und abwechslungsreichen G\u00e4rten und unz\u00e4hligen beeindruckenden Skulpturen umgeben sind. Im Haus selbst warten die [&hellip;]<\/p>\n","protected":false},"author":1,"featured_media":1158,"parent":469,"menu_order":12,"comment_status":"closed","ping_status":"closed","template":"tpl-location.php","meta":{"_acf_changed":false,"footnotes":""},"acf":{"address":"Prins Eugensv\u00e4g 6 Djurg\u00e5rden, Stockholm","location_type":"beauty","map_link":"https:\/\/www.google.co.uk\/maps\/search\/+Waldemarsudde+Park,+Prins+Eugensv%C3%A4g+6+Djurg%C3%A5rden,+Stockholm\/@59.3216148,18.1131338,17z\/data=!3m1!4b1","trip_advisor":"https:\/\/www.tripadvisor.co.uk\/Attraction_Review-g189852-d244312-Reviews-Prins_Eugens_Waldemarsudde-Stockholm.html","coordinates":{"latitude":"59.3216148","longitude":"18.1131338"},"charging_stations":[{"charging_station":"22 kW Type 2"}]},"aioseo_notices":[],"_links":{"self":[{"href":"https:\/\/nissantravelguide.com\/de\/wp-json\/wp\/v2\/pages\/478"}],"collection":[{"href":"https:\/\/nissantravelguide.com\/de\/wp-json\/wp\/v2\/pages"}],"about":[{"href":"https:\/\/nissantravelguide.com\/de\/wp-json\/wp\/v2\/types\/page"}],"author":[{"embeddable":true,"href":"https:\/\/nissantravelguide.com\/de\/wp-json\/wp\/v2\/users\/1"}],"replies":[{"embeddable":true,"href":"https:\/\/nissantravelguide.com\/de\/wp-json\/wp\/v2\/comments?post=478"}],"version-history":[{"count":1,"href":"https:\/\/nissantravelguide.com\/de\/wp-json\/wp\/v2\/pages\/478\/revisions"}],"predecessor-version":[{"id":1237,"href":"https:\/\/nissantravelguide.com\/de\/wp-json\/wp\/v2\/pages\/478\/revisions\/1237"}],"up":[{"embeddable":true,"href":"https:\/\/nissantravelguide.com\/de\/wp-json\/wp\/v2\/pages\/469"}],"wp:featuredmedia":[{"embeddable":true,"href":"https:\/\/nissantravelguide.com\/de\/wp-json\/wp\/v2\/media\/1158"}],"wp:attachment":[{"href":"https:\/\/nissantravelguide.com\/de\/wp-json\/wp\/v2\/media?parent=478"}],"curies":[{"name":"wp","href":"https:\/\/api.w.org\/{rel}","templated":true}]}}