{"id":479,"date":"2022-06-28T08:10:31","date_gmt":"2022-06-28T08:10:31","guid":{"rendered":"https:\/\/nissantravelguide.com\/stockholm\/skansen-museum\/"},"modified":"2022-12-13T11:02:32","modified_gmt":"2022-12-13T11:02:32","slug":"skansen-museum","status":"publish","type":"page","link":"https:\/\/nissantravelguide.com\/de\/stockholm\/skansen-museum\/","title":{"rendered":"Skansen-Museum"},"content":{"rendered":"<p>Machen Sie eine Zeitreise an einen einzigartigen Ort, an dem Geschichte und Gegenwart im \u00e4ltesten Freilichtmuseum der Welt aufeinandertreffen. Im Skansen-Museum erfahren Sie, wie Schweden einst lebten und wie sich ihre Br\u00e4uche und Traditionen in der Vergangenheit ver\u00e4ndert haben. Und so wie sich das Leben in Schweden im Laufe der Jahre ver\u00e4nderte, finden im Museum auch einige unumg\u00e4ngliche festliche Veranstaltungen statt \u2013 von Sommerkonzerten bis hin zu Weihnachtsm\u00e4rkten. Hier gibt es immer etwas Spannendes zu erleben.<\/p>\n","protected":false},"excerpt":{"rendered":"<p>Machen Sie eine Zeitreise an einen einzigartigen Ort, an dem Geschichte und Gegenwart im \u00e4ltesten Freilichtmuseum der Welt aufeinandertreffen. Im Skansen-Museum erfahren Sie, wie Schweden einst lebten und wie sich ihre Br\u00e4uche und Traditionen in der Vergangenheit ver\u00e4ndert haben. Und so wie sich das Leben in Schweden im Laufe der Jahre ver\u00e4nderte, finden im Museum [&hellip;]<\/p>\n","protected":false},"author":1,"featured_media":1206,"parent":469,"menu_order":7,"comment_status":"closed","ping_status":"closed","template":"tpl-location.php","meta":{"_acf_changed":false,"footnotes":""},"acf":{"address":"Djurg\u00e5rdssl\u00e4tten 49-51, 115 21 Stockholm, Sweden","location_type":"interest","map_link":"https:\/\/www.google.co.uk\/maps\/place\/Skansen\/@59.3270453,18.1015516,17z\/data=!3m1!4b1!4m5!3m4!1s0x465f82aafeda9437:0x2c35b6cfd6468531!8m2!3d59.3270426!4d18.1037456","trip_advisor":"https:\/\/www.tripadvisor.co.uk\/Attraction_Review-g189852-d208296-Reviews-Skansen-Stockholm.html","coordinates":{"latitude":"59.3270453","longitude":"18.1015516"},"charging_stations":[{"charging_station":"3.7 kW Type 2: Djurg\u00e5rden, 115 21 Stockholm, Sweden"}]},"aioseo_notices":[],"_links":{"self":[{"href":"https:\/\/nissantravelguide.com\/de\/wp-json\/wp\/v2\/pages\/479"}],"collection":[{"href":"https:\/\/nissantravelguide.com\/de\/wp-json\/wp\/v2\/pages"}],"about":[{"href":"https:\/\/nissantravelguide.com\/de\/wp-json\/wp\/v2\/types\/page"}],"author":[{"embeddable":true,"href":"https:\/\/nissantravelguide.com\/de\/wp-json\/wp\/v2\/users\/1"}],"replies":[{"embeddable":true,"href":"https:\/\/nissantravelguide.com\/de\/wp-json\/wp\/v2\/comments?post=479"}],"version-history":[{"count":1,"href":"https:\/\/nissantravelguide.com\/de\/wp-json\/wp\/v2\/pages\/479\/revisions"}],"predecessor-version":[{"id":1230,"href":"https:\/\/nissantravelguide.com\/de\/wp-json\/wp\/v2\/pages\/479\/revisions\/1230"}],"up":[{"embeddable":true,"href":"https:\/\/nissantravelguide.com\/de\/wp-json\/wp\/v2\/pages\/469"}],"wp:featuredmedia":[{"embeddable":true,"href":"https:\/\/nissantravelguide.com\/de\/wp-json\/wp\/v2\/media\/1206"}],"wp:attachment":[{"href":"https:\/\/nissantravelguide.com\/de\/wp-json\/wp\/v2\/media?parent=479"}],"curies":[{"name":"wp","href":"https:\/\/api.w.org\/{rel}","templated":true}]}}