{"id":480,"date":"2022-06-28T08:10:54","date_gmt":"2022-06-28T08:10:54","guid":{"rendered":"https:\/\/nissantravelguide.com\/stockholm\/nordisches-museum\/"},"modified":"2022-12-13T11:05:35","modified_gmt":"2022-12-13T11:05:35","slug":"nordisches-museum","status":"publish","type":"page","link":"https:\/\/nissantravelguide.com\/de\/stockholm\/nordisches-museum\/","title":{"rendered":"Nordisches Museum\u00a0"},"content":{"rendered":"<p>Das Nordiska Museet bietet derzeit eine lebensgro\u00dfe 1940er-Jahre-Wohnungsausstellung \u00fcber das Leben und die sich ver\u00e4ndernden Bedingungen in der arktischen Region. Wenn das nicht Ihr Ding ist, gibt es noch \u00fcber eine Million anderer Dinge zu sehen und zu tun: Mit mehr als 1,5 Millionen Exponaten, monumentalen Eichenstatuen und sogar frisch gebackenem Brot bietet Schwedens gr\u00f6\u00dftes kulturhistorisches Museum viel Wissenswertes \u00fcber die nordische Kultur. Es ist zudem voller zeitloser Geschichten, die sich unter anderem um Mode, M\u00f6bel und Porzellan ranken.<\/p>\n","protected":false},"excerpt":{"rendered":"<p>Das Nordiska Museet bietet derzeit eine lebensgro\u00dfe 1940er-Jahre-Wohnungsausstellung \u00fcber das Leben und die sich ver\u00e4ndernden Bedingungen in der arktischen Region. Wenn das nicht Ihr Ding ist, gibt es noch \u00fcber eine Million anderer Dinge zu sehen und zu tun: Mit mehr als 1,5 Millionen Exponaten, monumentalen Eichenstatuen und sogar frisch gebackenem Brot bietet Schwedens gr\u00f6\u00dftes [&hellip;]<\/p>\n","protected":false},"author":1,"featured_media":1169,"parent":469,"menu_order":14,"comment_status":"closed","ping_status":"closed","template":"tpl-location.php","meta":{"_acf_changed":false,"footnotes":""},"acf":{"address":"Djurg\u00e5rdsv\u00e4gen 6-16, 115 93 Stockholm, Sweden","location_type":"interest","map_link":"https:\/\/www.google.com\/maps\/place\/Nordiska+museet\/@59.3290107,18.092074,17z\/data=!3m1!4b1!4m5!3m4!1s0x465f9d538319a8c5:0xd78b9c1c85cfa918!8m2!3d59.329008!4d18.094268","trip_advisor":"https:\/\/www.tripadvisor.co.uk\/Attraction_Review-g189852-d244309-Reviews-Nordiska_Museet-Stockholm.html","coordinates":{"latitude":"59.3290107","longitude":"18.092074"},"charging_stations":[{"charging_station":"3.7 kW Type 2: Djurg\u00e5rden, 115 21 Stockholm, Sweden"}]},"aioseo_notices":[],"_links":{"self":[{"href":"https:\/\/nissantravelguide.com\/de\/wp-json\/wp\/v2\/pages\/480"}],"collection":[{"href":"https:\/\/nissantravelguide.com\/de\/wp-json\/wp\/v2\/pages"}],"about":[{"href":"https:\/\/nissantravelguide.com\/de\/wp-json\/wp\/v2\/types\/page"}],"author":[{"embeddable":true,"href":"https:\/\/nissantravelguide.com\/de\/wp-json\/wp\/v2\/users\/1"}],"replies":[{"embeddable":true,"href":"https:\/\/nissantravelguide.com\/de\/wp-json\/wp\/v2\/comments?post=480"}],"version-history":[{"count":1,"href":"https:\/\/nissantravelguide.com\/de\/wp-json\/wp\/v2\/pages\/480\/revisions"}],"predecessor-version":[{"id":1233,"href":"https:\/\/nissantravelguide.com\/de\/wp-json\/wp\/v2\/pages\/480\/revisions\/1233"}],"up":[{"embeddable":true,"href":"https:\/\/nissantravelguide.com\/de\/wp-json\/wp\/v2\/pages\/469"}],"wp:featuredmedia":[{"embeddable":true,"href":"https:\/\/nissantravelguide.com\/de\/wp-json\/wp\/v2\/media\/1169"}],"wp:attachment":[{"href":"https:\/\/nissantravelguide.com\/de\/wp-json\/wp\/v2\/media?parent=480"}],"curies":[{"name":"wp","href":"https:\/\/api.w.org\/{rel}","templated":true}]}}