{"id":481,"date":"2022-06-28T08:11:14","date_gmt":"2022-06-28T08:11:14","guid":{"rendered":"https:\/\/nissantravelguide.com\/stockholm\/fotografiska\/"},"modified":"2022-12-13T11:06:29","modified_gmt":"2022-12-13T11:06:29","slug":"fotografiska","status":"publish","type":"page","link":"https:\/\/nissantravelguide.com\/de\/stockholm\/fotografiska\/","title":{"rendered":"Fotografiska"},"content":{"rendered":"<p>Entdecken Sie in Fotografiska, Stockholms Zentrum f\u00fcr zeitgen\u00f6ssische Fotografie, neue Perspektiven, um Ihren Fokus neu auszurichten. Mit seiner Mischung aus kulturellen Veranstaltungen, Workshops und Ausstellungen mit einigen der ber\u00fchmtesten Fotografen der Welt, ist das Museum ein beliebter Treffpunkt f\u00fcr Einwohner wie Touristen. In dem mit einem Michelin-Stern ausgezeichneten Museumsrestaurant k\u00f6nnen die Besucher eine gehobene und nachhaltige K\u00fcche genie\u00dfen, w\u00e4hrend sie sich eines unvergesslichen Blicks auf die Stadt erfreuen.<\/p>\n<p>Tipp: Die Sommermonate von Juni bis August sind hier besonders einladend, wenn holzgegrillte Steinofenpizzen und Getr\u00e4nke auf der sonnigen Veranda serviert werden.<\/p>\n","protected":false},"excerpt":{"rendered":"<p>Entdecken Sie in Fotografiska, Stockholms Zentrum f\u00fcr zeitgen\u00f6ssische Fotografie, neue Perspektiven, um Ihren Fokus neu auszurichten. Mit seiner Mischung aus kulturellen Veranstaltungen, Workshops und Ausstellungen mit einigen der ber\u00fchmtesten Fotografen der Welt, ist das Museum ein beliebter Treffpunkt f\u00fcr Einwohner wie Touristen. In dem mit einem Michelin-Stern ausgezeichneten Museumsrestaurant k\u00f6nnen die Besucher eine gehobene und [&hellip;]<\/p>\n","protected":false},"author":1,"featured_media":1067,"parent":469,"menu_order":16,"comment_status":"closed","ping_status":"closed","template":"tpl-location.php","meta":{"_acf_changed":false,"footnotes":""},"acf":{"address":"Stadsg\u00e5rdshamnen 22, 116 45 Stockholm, Sweden","location_type":"interest","map_link":"https:\/\/www.google.com\/maps\/place\/Fotografiska\/@59.3178442,18.0837164,17z\/data=!3m1!4b1!4m5!3m4!1s0x465f77f93374a385:0xc045ff16b9bceaa4!8m2!3d59.3178415!4d18.0859104","trip_advisor":"https:\/\/www.tripadvisor.co.uk\/Attraction_Review-g189852-d1804218-Reviews-Fotografiska_Stockholm-Stockholm.html","coordinates":{"latitude":"59.3178442","longitude":"18.0837164"},"charging_stations":[{"charging_station":"3.7 kW Type 2: Stigbergsgatan, 116 28 Parking Stockholm"}]},"aioseo_notices":[],"_links":{"self":[{"href":"https:\/\/nissantravelguide.com\/de\/wp-json\/wp\/v2\/pages\/481"}],"collection":[{"href":"https:\/\/nissantravelguide.com\/de\/wp-json\/wp\/v2\/pages"}],"about":[{"href":"https:\/\/nissantravelguide.com\/de\/wp-json\/wp\/v2\/types\/page"}],"author":[{"embeddable":true,"href":"https:\/\/nissantravelguide.com\/de\/wp-json\/wp\/v2\/users\/1"}],"replies":[{"embeddable":true,"href":"https:\/\/nissantravelguide.com\/de\/wp-json\/wp\/v2\/comments?post=481"}],"version-history":[{"count":1,"href":"https:\/\/nissantravelguide.com\/de\/wp-json\/wp\/v2\/pages\/481\/revisions"}],"predecessor-version":[{"id":1222,"href":"https:\/\/nissantravelguide.com\/de\/wp-json\/wp\/v2\/pages\/481\/revisions\/1222"}],"up":[{"embeddable":true,"href":"https:\/\/nissantravelguide.com\/de\/wp-json\/wp\/v2\/pages\/469"}],"wp:featuredmedia":[{"embeddable":true,"href":"https:\/\/nissantravelguide.com\/de\/wp-json\/wp\/v2\/media\/1067"}],"wp:attachment":[{"href":"https:\/\/nissantravelguide.com\/de\/wp-json\/wp\/v2\/media?parent=481"}],"curies":[{"name":"wp","href":"https:\/\/api.w.org\/{rel}","templated":true}]}}