{"id":482,"date":"2022-06-28T08:11:37","date_gmt":"2022-06-28T08:11:37","guid":{"rendered":"https:\/\/nissantravelguide.com\/stockholm\/avicii-arena-ericsson-globe\/"},"modified":"2022-07-01T10:40:05","modified_gmt":"2022-07-01T10:40:05","slug":"avicii-arena-ericsson-globe","status":"publish","type":"page","link":"https:\/\/nissantravelguide.com\/de\/stockholm\/avicii-arena-ericsson-globe\/","title":{"rendered":"Avicii Arena (Ericsson Globe)"},"content":{"rendered":"<p>Besuchen Sie das weltweit gr\u00f6\u00dfte kugelf\u00f6rmige Geb\u00e4ude: die Avicii Arena, eins der ber\u00fchmtesten Wahrzeichen Schwedens. Der fr\u00fcher als Ericsson Globe bekannte Globus stellt die Sonne im Schwedischen Sonnensystem (SSS) dar und ist Teil einer Reihe von k\u00fcnstlichen Strukturen im ganzen Land, die das weltweit gr\u00f6\u00dfte Modell unseres Planetensystems bilden. Offiziell ist es die Heimat der schwedischen Eishockey-Nationalmannschaft, aber auf den riesigen B\u00fchnen haben auch schon einige der gr\u00f6\u00dften K\u00fcnstler der Welt gespielt \u2013 darunter die Rolling Stones, Beyonce, Madonna und Avicii selbst. Verpassen Sie auf keinen Fall The Skyview, eine Gondel, die an den geschwungenen W\u00e4nden der Arena entlangf\u00e4hrt und einen spektakul\u00e4ren Blick auf die Stadt bietet.<\/p>\n<p>Das Geb\u00e4ude wurde 2021 zu Ehren des erfolgreichen DJ und Produzenten Avicii umbenannt, um das Bewusstsein f\u00fcr psychische Gesundheit zu st\u00e4rken.<\/p>\n","protected":false},"excerpt":{"rendered":"<p>Besuchen Sie das weltweit gr\u00f6\u00dfte kugelf\u00f6rmige Geb\u00e4ude: die Avicii Arena, eins der ber\u00fchmtesten Wahrzeichen Schwedens. Der fr\u00fcher als Ericsson Globe bekannte Globus stellt die Sonne im Schwedischen Sonnensystem (SSS) dar und ist Teil einer Reihe von k\u00fcnstlichen Strukturen im ganzen Land, die das weltweit gr\u00f6\u00dfte Modell unseres Planetensystems bilden. Offiziell ist es die Heimat der [&hellip;]<\/p>\n","protected":false},"author":1,"featured_media":1073,"parent":469,"menu_order":0,"comment_status":"closed","ping_status":"closed","template":"tpl-location.php","meta":{"_acf_changed":false,"footnotes":""},"acf":{"address":"121 77 Johanneshov, Sweden","location_type":"interest","map_link":"https:\/\/www.google.com\/maps\/place\/Avicii+Arena\/@59.2935752,18.0813561,17z\/data=!3m1!4b1!4m5!3m4!1s0x465f7826c8abcc0f:0x1d7a9835ba7d7f96!8m2!3d59.2935725!4d18.0835501","trip_advisor":"https:\/\/www.tripadvisor.co.uk\/Attraction_Review-g189852-d3342231-Reviews-Avicii_Arena-Stockholm.html","coordinates":{"latitude":"59.2935752","longitude":"18.0813561"},"charging_stations":[{"charging_station":"11 kW Type 2"}]},"aioseo_notices":[],"_links":{"self":[{"href":"https:\/\/nissantravelguide.com\/de\/wp-json\/wp\/v2\/pages\/482"}],"collection":[{"href":"https:\/\/nissantravelguide.com\/de\/wp-json\/wp\/v2\/pages"}],"about":[{"href":"https:\/\/nissantravelguide.com\/de\/wp-json\/wp\/v2\/types\/page"}],"author":[{"embeddable":true,"href":"https:\/\/nissantravelguide.com\/de\/wp-json\/wp\/v2\/users\/1"}],"replies":[{"embeddable":true,"href":"https:\/\/nissantravelguide.com\/de\/wp-json\/wp\/v2\/comments?post=482"}],"version-history":[{"count":1,"href":"https:\/\/nissantravelguide.com\/de\/wp-json\/wp\/v2\/pages\/482\/revisions"}],"predecessor-version":[{"id":544,"href":"https:\/\/nissantravelguide.com\/de\/wp-json\/wp\/v2\/pages\/482\/revisions\/544"}],"up":[{"embeddable":true,"href":"https:\/\/nissantravelguide.com\/de\/wp-json\/wp\/v2\/pages\/469"}],"wp:featuredmedia":[{"embeddable":true,"href":"https:\/\/nissantravelguide.com\/de\/wp-json\/wp\/v2\/media\/1073"}],"wp:attachment":[{"href":"https:\/\/nissantravelguide.com\/de\/wp-json\/wp\/v2\/media?parent=482"}],"curies":[{"name":"wp","href":"https:\/\/api.w.org\/{rel}","templated":true}]}}