{"id":483,"date":"2022-06-28T08:11:58","date_gmt":"2022-06-28T08:11:58","guid":{"rendered":"https:\/\/nissantravelguide.com\/stockholm\/der-konigspalast\/"},"modified":"2022-12-13T11:05:58","modified_gmt":"2022-12-13T11:05:58","slug":"der-konigspalast","status":"publish","type":"page","link":"https:\/\/nissantravelguide.com\/de\/stockholm\/der-konigspalast\/","title":{"rendered":"Der K\u00f6nigspalast"},"content":{"rendered":"<p>Erfahren Sie mehr \u00fcber die reiche Geschichte Schwedens im Stockholmer K\u00f6nigspalast, einem der gr\u00f6\u00dften in Europa mit \u00fcber 600 R\u00e4umen. Die offizielle Residenz Seiner Majest\u00e4t des schwedischen K\u00f6nigs, ein Bauwerk aus dem 18. Jahrhundert, ist f\u00fcr die \u00d6ffentlichkeit zug\u00e4nglich und bietet nicht nur ein oder zwei, sondern f\u00fcnf v\u00f6llig unterschiedliche Museen. Dort k\u00f6nnen Sie eine Reihe pr\u00e4chtiger Artefakte besichtigen, darunter den silbernen Thron von K\u00f6nigin Kristina, das Antiquit\u00e4tenmuseum von Gustav III. sowie Kr\u00f6nungskutschen. Ein besonderes Spektakel bietet zudem die Soldatenparade und die t\u00e4gliche Wachabl\u00f6sung.<\/p>\n<p>Nach dem k\u00f6niglichen Besuch bietet sich eine kleine Pause in einem der zahlreichen nachhaltigen Caf\u00e9s in der Umgebung an, bevor Sie die engen Gassen der umliegenden Gamla Stan (Stockholmer Altstadt) erkunden.<\/p>\n","protected":false},"excerpt":{"rendered":"<p>Erfahren Sie mehr \u00fcber die reiche Geschichte Schwedens im Stockholmer K\u00f6nigspalast, einem der gr\u00f6\u00dften in Europa mit \u00fcber 600 R\u00e4umen. Die offizielle Residenz Seiner Majest\u00e4t des schwedischen K\u00f6nigs, ein Bauwerk aus dem 18. Jahrhundert, ist f\u00fcr die \u00d6ffentlichkeit zug\u00e4nglich und bietet nicht nur ein oder zwei, sondern f\u00fcnf v\u00f6llig unterschiedliche Museen. Dort k\u00f6nnen Sie eine [&hellip;]<\/p>\n","protected":false},"author":1,"featured_media":1191,"parent":469,"menu_order":15,"comment_status":"closed","ping_status":"closed","template":"tpl-location.php","meta":{"_acf_changed":false,"footnotes":""},"acf":{"address":"The Royal Palace, Kungliga slottet, 107 70 Stockholm, Sweden","location_type":"interest","map_link":"https:\/\/www.google.com\/maps\/place\/The+Royal+Palace\/@59.3268215,18.0695254,17z\/data=!3m1!4b1!4m5!3m4!1s0x465f9d587e4c4a01:0xbdf97a9648763e36!8m2!3d59.3268215!4d18.0717194","trip_advisor":"https:\/\/www.tripadvisor.co.uk\/Attraction_Review-g189852-d208173-Reviews-Royal_Palace-Stockholm.html","coordinates":{"latitude":"59.3268215","longitude":"18.0695254"},"charging_stations":[{"charging_station":"3.7 kW Type 2"}]},"aioseo_notices":[],"_links":{"self":[{"href":"https:\/\/nissantravelguide.com\/de\/wp-json\/wp\/v2\/pages\/483"}],"collection":[{"href":"https:\/\/nissantravelguide.com\/de\/wp-json\/wp\/v2\/pages"}],"about":[{"href":"https:\/\/nissantravelguide.com\/de\/wp-json\/wp\/v2\/types\/page"}],"author":[{"embeddable":true,"href":"https:\/\/nissantravelguide.com\/de\/wp-json\/wp\/v2\/users\/1"}],"replies":[{"embeddable":true,"href":"https:\/\/nissantravelguide.com\/de\/wp-json\/wp\/v2\/comments?post=483"}],"version-history":[{"count":1,"href":"https:\/\/nissantravelguide.com\/de\/wp-json\/wp\/v2\/pages\/483\/revisions"}],"predecessor-version":[{"id":1218,"href":"https:\/\/nissantravelguide.com\/de\/wp-json\/wp\/v2\/pages\/483\/revisions\/1218"}],"up":[{"embeddable":true,"href":"https:\/\/nissantravelguide.com\/de\/wp-json\/wp\/v2\/pages\/469"}],"wp:featuredmedia":[{"embeddable":true,"href":"https:\/\/nissantravelguide.com\/de\/wp-json\/wp\/v2\/media\/1191"}],"wp:attachment":[{"href":"https:\/\/nissantravelguide.com\/de\/wp-json\/wp\/v2\/media?parent=483"}],"curies":[{"name":"wp","href":"https:\/\/api.w.org\/{rel}","templated":true}]}}