{"id":506,"date":"2022-06-28T08:58:24","date_gmt":"2022-06-28T08:58:24","guid":{"rendered":"https:\/\/nissantravelguide.com\/uber\/"},"modified":"2023-01-23T14:14:11","modified_gmt":"2023-01-23T14:14:11","slug":"uber","status":"publish","type":"page","link":"https:\/\/nissantravelguide.com\/de\/uber\/","title":{"rendered":"\u00dcber"},"content":{"rendered":"<h1>\u00dcber das projekt<\/h1>\n<p>Das Fahren eines Elektroautos ist nicht nur eine Art der Fortbewegung \u2013 es ist die Entscheidung f\u00fcr einen bestimmten Lebensstil. Der Elektrische Reisef\u00fchrer von Nissan hilft dabei, das Reiseerlebnis zu bereichern und nachhaltig zu gestalten. Entdecken Sie hier die besten lokalen Sehensw\u00fcrdigkeiten entlang malerischer Routen mit zahlreichen Zwischenstopps.<\/p>\n<p><img loading=\"lazy\" decoding=\"async\" src=\"https:\/\/nissantravelguide.com\/wp-content\/uploads\/2022\/06\/Frame-329-1.png\" alt=\"\" width=\"716\" height=\"446\" \/><\/p>\n<h2>\u00dcber den Nissan Ariya<\/h2>\n<h3>Erleben Sie Nervenkitzel jetzt 100 Prozent elektrisch<\/h3>\n<p>Mit Ariya schl\u00e4gt Nissan ein neues Kapitel in der Entwicklung des Elektroantriebs auf und stellt ein rein elektrisch angetriebenes Coup\u00e9-Crossover vor. Dieses definiert nicht nur das Potenzial eines Elektrofahrzeugs neu, sondern auch das Gef\u00fchl hinter dem Lenkrad.<\/p>\n<p>Der Ariya wurde entwickelt, um den \u00dcbergang zum emissionsfreien Fahren zu f\u00f6rdern. Er bietet das ultimative elektrische Fahrerlebnis und ist gleichzeitig ergonomisch-komfortabel designt. Hier finden Sie weitere Informationen: <a href=\"https:\/\/www.nissan.de\/fahrzeuge\/neuwagen\/ariya.html\" target=\"_blank\" rel=\"noopener\">https:\/\/www.nissan.de\/fahrzeuge\/neuwagen\/ariya.html<\/a>.<\/p>\n<h2>Aufladen ihres elektroautos<\/h2>\n<p>Es gibt mehr als 40.000 \u00f6ffentliche Ladestationen in Europa, darunter \u00fcber 7.000, die Schnellladedienste anbieten. Diese Zahlen steigen t\u00e4glich. W\u00e4hrend Sie an mehreren Punkten entlang Ihrer Route eine Station finden k\u00f6nnen, haben wir f\u00fcr Sie diejenigen, die sich in n\u00e4chster N\u00e4he von Sehensw\u00fcrdigkeiten befinden, kartographiert. Durchsuchen Sie die Karte, um zu beginnen.<\/p>\n","protected":false},"excerpt":{"rendered":"<p>\u00dcber das projekt Das Fahren eines Elektroautos ist nicht nur eine Art der Fortbewegung \u2013 es ist die Entscheidung f\u00fcr einen bestimmten Lebensstil. Der Elektrische Reisef\u00fchrer von Nissan hilft dabei, das Reiseerlebnis zu bereichern und nachhaltig zu gestalten. Entdecken Sie hier die besten lokalen Sehensw\u00fcrdigkeiten entlang malerischer Routen mit zahlreichen Zwischenstopps. \u00dcber den Nissan Ariya [&hellip;]<\/p>\n","protected":false},"author":1,"featured_media":368,"parent":0,"menu_order":0,"comment_status":"closed","ping_status":"closed","template":"tpl-about.php","meta":{"_acf_changed":false,"footnotes":""},"acf":[],"aioseo_notices":[],"_links":{"self":[{"href":"https:\/\/nissantravelguide.com\/de\/wp-json\/wp\/v2\/pages\/506"}],"collection":[{"href":"https:\/\/nissantravelguide.com\/de\/wp-json\/wp\/v2\/pages"}],"about":[{"href":"https:\/\/nissantravelguide.com\/de\/wp-json\/wp\/v2\/types\/page"}],"author":[{"embeddable":true,"href":"https:\/\/nissantravelguide.com\/de\/wp-json\/wp\/v2\/users\/1"}],"replies":[{"embeddable":true,"href":"https:\/\/nissantravelguide.com\/de\/wp-json\/wp\/v2\/comments?post=506"}],"version-history":[{"count":5,"href":"https:\/\/nissantravelguide.com\/de\/wp-json\/wp\/v2\/pages\/506\/revisions"}],"predecessor-version":[{"id":4474,"href":"https:\/\/nissantravelguide.com\/de\/wp-json\/wp\/v2\/pages\/506\/revisions\/4474"}],"wp:featuredmedia":[{"embeddable":true,"href":"https:\/\/nissantravelguide.com\/de\/wp-json\/wp\/v2\/media\/368"}],"wp:attachment":[{"href":"https:\/\/nissantravelguide.com\/de\/wp-json\/wp\/v2\/media?parent=506"}],"curies":[{"name":"wp","href":"https:\/\/api.w.org\/{rel}","templated":true}]}}