{"id":589,"date":"2022-06-29T13:29:42","date_gmt":"2022-06-29T13:29:42","guid":{"rendered":"https:\/\/nissantravelguide.com\/das-hobo-hotel-restaurant\/"},"modified":"2022-12-13T10:59:01","modified_gmt":"2022-12-13T10:59:01","slug":"das-hobo-hotel-restaurant","status":"publish","type":"page","link":"https:\/\/nissantravelguide.com\/de\/stockholm\/das-hobo-hotel-restaurant\/","title":{"rendered":"HOBO Restaurant"},"content":{"rendered":"<p>Suchen Sie nach einem unvergleichlichen urbanen Reiseerlebnis? Dann ist dieses Boutique-Hotel genau das Richtige f\u00fcr Sie. Zentral gelegen, unkompliziert und sehr skandinavisch, bietet es Ihnen einen einzigartigen Ausgangspunkt, um Stockholm zu entdecken. Auch hier gibt es viel zu erleben, denn das Hotel beherbergt regelm\u00e4\u00dfig lokale K\u00fcnstler und Start-ups.<\/p>\n<p>Das HOBO m\u00f6chte zudem Teil Ihrer nachhaltigen Reisen sein \u2013 von seinen Raumpflege-Praktiken, die mehr als 100.000 Liter pro Jahr einsparen, bis hin zu den Fahrradverleihdiensten, die Ihnen eine gr\u00fcnere M\u00f6glichkeit bieten, die Nachbarschaft zu erkunden. Auch die Hotelk\u00fcchen arbeiten nur mit den besten regionalen und saisonalen Produkten. Es ist wahrscheinlich der einzige Ort, an dem Sie Fr\u00fchst\u00fcckszutaten finden, die f\u00fcr eine sp\u00e4tere Cocktailstunde weiterverwendet werden. Wie das funktioniert? Probieren Sie doch mal den \u201eCereal Killer\u201c.<\/p>\n","protected":false},"excerpt":{"rendered":"<p>Suchen Sie nach einem unvergleichlichen urbanen Reiseerlebnis? Dann ist dieses Boutique-Hotel genau das Richtige f\u00fcr Sie. Zentral gelegen, unkompliziert und sehr skandinavisch, bietet es Ihnen einen einzigartigen Ausgangspunkt, um Stockholm zu entdecken. Auch hier gibt es viel zu erleben, denn das Hotel beherbergt regelm\u00e4\u00dfig lokale K\u00fcnstler und Start-ups. Das HOBO m\u00f6chte zudem Teil Ihrer nachhaltigen [&hellip;]<\/p>\n","protected":false},"author":1,"featured_media":1095,"parent":469,"menu_order":0,"comment_status":"closed","ping_status":"closed","template":"tpl-location.php","meta":{"_acf_changed":false,"footnotes":""},"acf":{"address":"S\u00f6dra Blasieholmshamnen 8, Norrmalm, Stockholm","location_type":"restaurant","map_link":"https:\/\/goo.gl\/maps\/8icteL7gAz2Wzr1e8","trip_advisor":"https:\/\/www.tripadvisor.co.uk\/Hotel_Review-g189852-d10847243-Reviews-Hobo-Stockholm.html","coordinates":{"latitude":"59.3279317","longitude":"18.038513"},"charging_stations":[{"charging_station":"3.7 kW Type 2: Hamngatan 37, 111 53 Stockholm, Sweden"}]},"aioseo_notices":[],"_links":{"self":[{"href":"https:\/\/nissantravelguide.com\/de\/wp-json\/wp\/v2\/pages\/589"}],"collection":[{"href":"https:\/\/nissantravelguide.com\/de\/wp-json\/wp\/v2\/pages"}],"about":[{"href":"https:\/\/nissantravelguide.com\/de\/wp-json\/wp\/v2\/types\/page"}],"author":[{"embeddable":true,"href":"https:\/\/nissantravelguide.com\/de\/wp-json\/wp\/v2\/users\/1"}],"replies":[{"embeddable":true,"href":"https:\/\/nissantravelguide.com\/de\/wp-json\/wp\/v2\/comments?post=589"}],"version-history":[{"count":2,"href":"https:\/\/nissantravelguide.com\/de\/wp-json\/wp\/v2\/pages\/589\/revisions"}],"predecessor-version":[{"id":1270,"href":"https:\/\/nissantravelguide.com\/de\/wp-json\/wp\/v2\/pages\/589\/revisions\/1270"}],"up":[{"embeddable":true,"href":"https:\/\/nissantravelguide.com\/de\/wp-json\/wp\/v2\/pages\/469"}],"wp:featuredmedia":[{"embeddable":true,"href":"https:\/\/nissantravelguide.com\/de\/wp-json\/wp\/v2\/media\/1095"}],"wp:attachment":[{"href":"https:\/\/nissantravelguide.com\/de\/wp-json\/wp\/v2\/media?parent=589"}],"curies":[{"name":"wp","href":"https:\/\/api.w.org\/{rel}","templated":true}]}}