{"id":5950,"date":"2023-07-27T07:05:14","date_gmt":"2023-07-27T07:05:14","guid":{"rendered":"https:\/\/nissantravelguide.com\/bisos\/"},"modified":"2023-07-27T07:05:14","modified_gmt":"2023-07-27T07:05:14","slug":"bisos","status":"publish","type":"page","link":"https:\/\/nissantravelguide.com\/de\/sardinien\/bisos\/","title":{"rendered":"Bisos"},"content":{"rendered":"<p class=\"p1\">Bisos ist ein \u00d6ko-Boutique-R\u00fcckzugsort mit viel Geschichte und Charme! In einem Geb\u00e4ude aus dem 19. Jahrhundert untergebracht, das einst als lebhafter Basar und gesch\u00e4ftige Getr\u00e4nkefabrik diente, hat dieser Ort viele Geschichten zu erz\u00e4hlen. Weitab von der allt\u00e4glichen Gesch\u00e4ftigkeit werden Sie in der malerischen Stadt Paulitano mit hausgemachten kulinarischen K\u00f6stlichkeiten verw\u00f6hnt, die lokal bezogen werden. Aber das ist noch nicht alles: Sie d\u00fcrfen sich auf sechs wundersch\u00f6n eingerichtete Apartments freuen, die mit umweltfreundlichen Materialien ausgestattet sind und Nachhaltigkeit mit Stil verbinden.<\/p>\n<p class=\"p1\">Aber hinter Bisos steckt mehr, als man auf den ersten Blick sieht. Das Hotel wurde k\u00fcrzlich nach den Prinzipien des \u00f6kologischen Bauens renoviert und steht in perfekter Harmonie mit der nat\u00fcrlichen Umgebung. Tauchen Sie ein in die ruhige Atmosph\u00e4re, entspannen Sie sich und saugen Sie die belebende Energie in sich auf. Bisos bietet Ihnen eine unvergessliche Erfahrung, bei der sich die Sch\u00f6nheit der Natur mit den Annehmlichkeiten moderner Gastfreundschaft vereint.<\/p>\n","protected":false},"excerpt":{"rendered":"<p>Bisos ist ein \u00d6ko-Boutique-R\u00fcckzugsort mit viel Geschichte und Charme! In einem Geb\u00e4ude aus dem 19. Jahrhundert untergebracht, das einst als lebhafter Basar und gesch\u00e4ftige Getr\u00e4nkefabrik diente, hat dieser Ort viele Geschichten zu erz\u00e4hlen. Weitab von der allt\u00e4glichen Gesch\u00e4ftigkeit werden Sie in der malerischen Stadt Paulitano mit hausgemachten kulinarischen K\u00f6stlichkeiten verw\u00f6hnt, die lokal bezogen werden. Aber [&hellip;]<\/p>\n","protected":false},"author":1,"featured_media":5387,"parent":6007,"menu_order":0,"comment_status":"closed","ping_status":"closed","template":"tpl-location.php","meta":{"_acf_changed":false,"footnotes":""},"acf":{"address":"Via Roma, 1, 09070 Paulilatino OR, Italy","location_type":"hotel","map_link":"https:\/\/www.google.com\/maps\/place\/Bisos\/@40.0833733,8.7286414,14z\/data=!4m19!1m9!2m8!1sHotels!3m6!1sHotels!2s09070+Paulilatino,+Province+of+Oristano,+Italy!3s0x12ddb969500f2c2d:0xf6df35c13449438!4m2!1d8.7623754!2d40.082333!3m8!1s0x12ddb969567d6d25:0x6c32535287b7157b!5m2!4m1!1i2!8m2!3d40.0838514!4d8.7643411!16s%2Fg%2F11fkm88c68?entry=ttu","trip_advisor":"https:\/\/www.tripadvisor.it\/Hotel_Review-g1888228-d17325702-Reviews-Bisos_Ospitalita_diffusa_ecosostenibile-Paulilatino_Oristano_Province_of_Oristano_Sa.html","coordinates":{"latitude":"40.0833733","longitude":"8.7286414"},"charging_stations":[{"charging_station":"CHAdeMO 50kW, CCS 50kW, Type 2 34.9kW, Type 2 14kW: 09071 Abbasanta, Province of Oristano, Italy, (5.7km \/ 7-min)"}]},"aioseo_notices":[],"_links":{"self":[{"href":"https:\/\/nissantravelguide.com\/de\/wp-json\/wp\/v2\/pages\/5950"}],"collection":[{"href":"https:\/\/nissantravelguide.com\/de\/wp-json\/wp\/v2\/pages"}],"about":[{"href":"https:\/\/nissantravelguide.com\/de\/wp-json\/wp\/v2\/types\/page"}],"author":[{"embeddable":true,"href":"https:\/\/nissantravelguide.com\/de\/wp-json\/wp\/v2\/users\/1"}],"replies":[{"embeddable":true,"href":"https:\/\/nissantravelguide.com\/de\/wp-json\/wp\/v2\/comments?post=5950"}],"version-history":[{"count":0,"href":"https:\/\/nissantravelguide.com\/de\/wp-json\/wp\/v2\/pages\/5950\/revisions"}],"up":[{"embeddable":true,"href":"https:\/\/nissantravelguide.com\/de\/wp-json\/wp\/v2\/pages\/6007"}],"wp:featuredmedia":[{"embeddable":true,"href":"https:\/\/nissantravelguide.com\/de\/wp-json\/wp\/v2\/media\/5387"}],"wp:attachment":[{"href":"https:\/\/nissantravelguide.com\/de\/wp-json\/wp\/v2\/media?parent=5950"}],"curies":[{"name":"wp","href":"https:\/\/api.w.org\/{rel}","templated":true}]}}