{"id":5951,"date":"2023-07-27T07:05:46","date_gmt":"2023-07-27T07:05:46","guid":{"rendered":"https:\/\/nissantravelguide.com\/resort-spa-le-dune\/"},"modified":"2023-07-27T07:05:46","modified_gmt":"2023-07-27T07:05:46","slug":"resort-spa-le-dune","status":"publish","type":"page","link":"https:\/\/nissantravelguide.com\/de\/sardinien\/resort-spa-le-dune\/","title":{"rendered":"Resort &#038; Spa Le Dune"},"content":{"rendered":"<p class=\"p1\">In beneidenswerter Lage an der Nordk\u00fcste Sardiniens gelegen, besticht dieses Reiseziel durch seine beeindruckenden Sandd\u00fcnen, unber\u00fchrten Str\u00e4nde und eine Vielzahl von Attraktionen f\u00fcr jeden Geschmack. Das Resort besteht aus f\u00fcnf Vier-Sterne-Hotels, von denen jedes einen traumhaften Blick auf den Golf von Asinara in Richtung Korsika bietet. Dar\u00fcber hinaus bietet das Resort eine \u00fcberzeugende Auswahl an neun Restaurants, die Ihre Geschmacksnerven mit k\u00f6stlicher sardischer und mediterraner K\u00fcche verw\u00f6hnen. Die talentierten K\u00fcchenchefs kreieren Gerichte mit Zutaten aus der Region und zaubern kulinarische Meisterwerke, die die Aromen der Region in Szene setzen.<\/p>\n","protected":false},"excerpt":{"rendered":"<p>In beneidenswerter Lage an der Nordk\u00fcste Sardiniens gelegen, besticht dieses Reiseziel durch seine beeindruckenden Sandd\u00fcnen, unber\u00fchrten Str\u00e4nde und eine Vielzahl von Attraktionen f\u00fcr jeden Geschmack. Das Resort besteht aus f\u00fcnf Vier-Sterne-Hotels, von denen jedes einen traumhaften Blick auf den Golf von Asinara in Richtung Korsika bietet. Dar\u00fcber hinaus bietet das Resort eine \u00fcberzeugende Auswahl an [&hellip;]<\/p>\n","protected":false},"author":1,"featured_media":5398,"parent":6007,"menu_order":0,"comment_status":"closed","ping_status":"closed","template":"tpl-location.php","meta":{"_acf_changed":false,"footnotes":""},"acf":{"address":"07030 Li Junchi Province of Sassari, Italy","location_type":"hotel","map_link":"https:\/\/www.google.com\/maps\/place\/Resort+&+SPA+Le+Dune\/@40.9768541,8.8420096,15z\/data=!3m1!4b1!4m9!3m8!1s0x12dbf50958859e63:0x28b4448ddb240046!5m2!4m1!1i2!8m2!3d40.9768394!4d8.8604636!16s\/g\/1tfn6b_v?entry=ttu","trip_advisor":"https:\/\/www.tripadvisor.co.uk\/Hotel_Review-g608905-d486598-Reviews-Resort_Spa_Le_Dune-Badesi_Province_of_Olbia_Tempio_Sardinia.html","coordinates":{"latitude":"40.9768541","longitude":"8.8420096"},"charging_stations":[{"charging_station":"Type 2 23kW, Type 2 21kW: 07030 Li Junchi Province of Sassari, Italy (450 Mtrs \/ 2-min)"}]},"aioseo_notices":[],"_links":{"self":[{"href":"https:\/\/nissantravelguide.com\/de\/wp-json\/wp\/v2\/pages\/5951"}],"collection":[{"href":"https:\/\/nissantravelguide.com\/de\/wp-json\/wp\/v2\/pages"}],"about":[{"href":"https:\/\/nissantravelguide.com\/de\/wp-json\/wp\/v2\/types\/page"}],"author":[{"embeddable":true,"href":"https:\/\/nissantravelguide.com\/de\/wp-json\/wp\/v2\/users\/1"}],"replies":[{"embeddable":true,"href":"https:\/\/nissantravelguide.com\/de\/wp-json\/wp\/v2\/comments?post=5951"}],"version-history":[{"count":0,"href":"https:\/\/nissantravelguide.com\/de\/wp-json\/wp\/v2\/pages\/5951\/revisions"}],"up":[{"embeddable":true,"href":"https:\/\/nissantravelguide.com\/de\/wp-json\/wp\/v2\/pages\/6007"}],"wp:featuredmedia":[{"embeddable":true,"href":"https:\/\/nissantravelguide.com\/de\/wp-json\/wp\/v2\/media\/5398"}],"wp:attachment":[{"href":"https:\/\/nissantravelguide.com\/de\/wp-json\/wp\/v2\/media?parent=5951"}],"curies":[{"name":"wp","href":"https:\/\/api.w.org\/{rel}","templated":true}]}}