{"id":5952,"date":"2023-07-27T07:06:07","date_gmt":"2023-07-27T07:06:07","guid":{"rendered":"https:\/\/nissantravelguide.com\/agriturismo-canales\/"},"modified":"2023-07-27T07:06:07","modified_gmt":"2023-07-27T07:06:07","slug":"agriturismo-canales","status":"publish","type":"page","link":"https:\/\/nissantravelguide.com\/de\/sardinien\/agriturismo-canales\/","title":{"rendered":"Agriturismo Canales"},"content":{"rendered":"<p class=\"p1\">Vor der atemberaubenden Kulisse des Cedrino-Sees mit seinen umliegenden Bergen und W\u00e4ldern, weit weg von den gesch\u00e4ftigen St\u00e4dten, bietet der Agriturismo Canales einen ruhigen und erholsamen Aufenthalt. Hier k\u00f6nnen Sie wirklich in die Natur eintauchen und die verborgenen Sch\u00f6nheiten in und um den See entdecken, die nur mit dem Kajak erreichbar sind. Diese bezaubernde Unterkunft in einem traditionellen sardischen Bauernhaus bietet eine authentische Erfahrung der vielf\u00e4ltigen kulturellen Traditionen der Insel.<\/p>\n","protected":false},"excerpt":{"rendered":"<p>Vor der atemberaubenden Kulisse des Cedrino-Sees mit seinen umliegenden Bergen und W\u00e4ldern, weit weg von den gesch\u00e4ftigen St\u00e4dten, bietet der Agriturismo Canales einen ruhigen und erholsamen Aufenthalt. Hier k\u00f6nnen Sie wirklich in die Natur eintauchen und die verborgenen Sch\u00f6nheiten in und um den See entdecken, die nur mit dem Kajak erreichbar sind. Diese bezaubernde Unterkunft [&hellip;]<\/p>\n","protected":false},"author":1,"featured_media":5409,"parent":6007,"menu_order":0,"comment_status":"closed","ping_status":"closed","template":"tpl-location.php","meta":{"_acf_changed":false,"footnotes":""},"acf":{"address":"SP38, 28, 08022 Dorgali NU, Italy","location_type":"hotel","map_link":"https:\/\/www.google.com\/maps\/place\/Agriturismo+Canales\/@40.3010739,9.5324381,17z\/data=!3m1!4b1!4m9!3m8!1s0x12de8b37eed7d371:0x194ca76ddfe4b6a9!5m2!4m1!1i2!8m2!3d40.3010698!4d9.535013!16s\/g\/1thjq2dt?entry=ttu","trip_advisor":"https:\/\/www.tripadvisor.it\/Hotel_Review-g642180-d1473115-Reviews-Agriturismo_Canales-Dorgali_Province_of_Nuoro_Sardinia.html","coordinates":{"latitude":"40.3010739","longitude":"9.5324381"},"charging_stations":[{"charging_station":"Type 2 22kW: Via Vittorio Emanuele, 93, 08022 Dorgali NU, Italy (18.2km \/ 15-min)"}]},"aioseo_notices":[],"_links":{"self":[{"href":"https:\/\/nissantravelguide.com\/de\/wp-json\/wp\/v2\/pages\/5952"}],"collection":[{"href":"https:\/\/nissantravelguide.com\/de\/wp-json\/wp\/v2\/pages"}],"about":[{"href":"https:\/\/nissantravelguide.com\/de\/wp-json\/wp\/v2\/types\/page"}],"author":[{"embeddable":true,"href":"https:\/\/nissantravelguide.com\/de\/wp-json\/wp\/v2\/users\/1"}],"replies":[{"embeddable":true,"href":"https:\/\/nissantravelguide.com\/de\/wp-json\/wp\/v2\/comments?post=5952"}],"version-history":[{"count":0,"href":"https:\/\/nissantravelguide.com\/de\/wp-json\/wp\/v2\/pages\/5952\/revisions"}],"up":[{"embeddable":true,"href":"https:\/\/nissantravelguide.com\/de\/wp-json\/wp\/v2\/pages\/6007"}],"wp:featuredmedia":[{"embeddable":true,"href":"https:\/\/nissantravelguide.com\/de\/wp-json\/wp\/v2\/media\/5409"}],"wp:attachment":[{"href":"https:\/\/nissantravelguide.com\/de\/wp-json\/wp\/v2\/media?parent=5952"}],"curies":[{"name":"wp","href":"https:\/\/api.w.org\/{rel}","templated":true}]}}