{"id":5953,"date":"2023-07-27T07:06:34","date_gmt":"2023-07-27T07:06:34","guid":{"rendered":"https:\/\/nissantravelguide.com\/rifugio-di-mare\/"},"modified":"2023-07-27T07:06:34","modified_gmt":"2023-07-27T07:06:34","slug":"rifugio-di-mare","status":"publish","type":"page","link":"https:\/\/nissantravelguide.com\/de\/sardinien\/rifugio-di-mare\/","title":{"rendered":"Rifugio di Mare"},"content":{"rendered":"<p class=\"p1\">Dieses Hotel mit dem passenden Namen bedeutet w\u00f6rtlich \u00fcbersetzt \u201eR\u00fcckzugsort am Meer\u201c und bietet einen malerischen Blick auf die Klippen bei Alghero. Die sieben bezaubernden Zimmer des Hotels sind f\u00fcr alle Arten von G\u00e4sten, einschlie\u00dflich Familien und Alleinreisende, geeignet. Fr\u00fchst\u00fcck und Abendessen sind im Preis inbegriffen, so dass Sie nie mit leerem Magen auf Abenteuertour gehen m\u00fcssen. Lust auf Abenteuer? Nehmen Sie an faszinierenden F\u00fchrungen und Exkursionen teil, die die Geheimnisse der Region l\u00fcften und Sie in ihre nat\u00fcrliche Pracht eintauchen lassen. Freuen Sie sich auf unvergessliche Erinnerungen vor der Kulisse dieser atemberaubenden Landschaft.<\/p>\n","protected":false},"excerpt":{"rendered":"<p>Dieses Hotel mit dem passenden Namen bedeutet w\u00f6rtlich \u00fcbersetzt \u201eR\u00fcckzugsort am Meer\u201c und bietet einen malerischen Blick auf die Klippen bei Alghero. Die sieben bezaubernden Zimmer des Hotels sind f\u00fcr alle Arten von G\u00e4sten, einschlie\u00dflich Familien und Alleinreisende, geeignet. Fr\u00fchst\u00fcck und Abendessen sind im Preis inbegriffen, so dass Sie nie mit leerem Magen auf Abenteuertour [&hellip;]<\/p>\n","protected":false},"author":1,"featured_media":5457,"parent":6007,"menu_order":0,"comment_status":"closed","ping_status":"closed","template":"tpl-location.php","meta":{"_acf_changed":false,"footnotes":""},"acf":{"address":"Strada Statale 127 bis, 62, 07041 Maristella SS, Italy","location_type":"hotel","map_link":"https:\/\/www.google.com\/maps\/place\/Rifugio+di+Mare\/@40.5727961,8.1888315,14z\/data=!4m9!3m8!1s0x12dc6e014ade055b:0xdae7fea0df5352ea!5m2!4m1!1i2!8m2!3d40.5703115!4d8.2041553!16s%2Fg%2F11pzyqq1h7?entry=ttu","trip_advisor":"https:\/\/www.tripadvisor.it\/Restaurant_Review-g187880-d24033400-Reviews-Rifugio_Di_Mare-Alghero_Province_of_Sassari_Sardinia.html","coordinates":{"latitude":"40.5727961","longitude":"8.1888315"},"charging_stations":[{"charging_station":"Type 2 22kW: Strada Provinciale 44, 07041 Alghero SS, Italy (14.7km \/ 28-min)"}]},"aioseo_notices":[],"_links":{"self":[{"href":"https:\/\/nissantravelguide.com\/de\/wp-json\/wp\/v2\/pages\/5953"}],"collection":[{"href":"https:\/\/nissantravelguide.com\/de\/wp-json\/wp\/v2\/pages"}],"about":[{"href":"https:\/\/nissantravelguide.com\/de\/wp-json\/wp\/v2\/types\/page"}],"author":[{"embeddable":true,"href":"https:\/\/nissantravelguide.com\/de\/wp-json\/wp\/v2\/users\/1"}],"replies":[{"embeddable":true,"href":"https:\/\/nissantravelguide.com\/de\/wp-json\/wp\/v2\/comments?post=5953"}],"version-history":[{"count":0,"href":"https:\/\/nissantravelguide.com\/de\/wp-json\/wp\/v2\/pages\/5953\/revisions"}],"up":[{"embeddable":true,"href":"https:\/\/nissantravelguide.com\/de\/wp-json\/wp\/v2\/pages\/6007"}],"wp:featuredmedia":[{"embeddable":true,"href":"https:\/\/nissantravelguide.com\/de\/wp-json\/wp\/v2\/media\/5457"}],"wp:attachment":[{"href":"https:\/\/nissantravelguide.com\/de\/wp-json\/wp\/v2\/media?parent=5953"}],"curies":[{"name":"wp","href":"https:\/\/api.w.org\/{rel}","templated":true}]}}