{"id":5954,"date":"2023-07-27T07:06:56","date_gmt":"2023-07-27T07:06:56","guid":{"rendered":"https:\/\/nissantravelguide.com\/azienda-agrituristica-sa-mandra\/"},"modified":"2023-07-27T07:06:56","modified_gmt":"2023-07-27T07:06:56","slug":"azienda-agrituristica-sa-mandra","status":"publish","type":"page","link":"https:\/\/nissantravelguide.com\/de\/sardinien\/azienda-agrituristica-sa-mandra\/","title":{"rendered":"Azienda Agrituristica Sa Mandra"},"content":{"rendered":"<p class=\"p1\">Alle Zimmer in diesem Hotel sind im authentischen sardischen Stil eingerichtet und sorgen f\u00fcr einen wahrhaft entspannten Aufenthalt. Neben den komfortablen Unterk\u00fcnften bietet das Sa Mandra ein ausgezeichnetes Restaurant, das k\u00f6stliche sardische Gerichte aus ethisch einwandfreien Zutaten serviert. Das Anwesen beherbergt au\u00dferdem ein Museum, das den einzigartigen Traditionen der Insel gewidmet ist. Bei Kochkursen und Weinproben haben die G\u00e4ste die M\u00f6glichkeit, das sardische Terroir kennenzulernen.<\/p>\n","protected":false},"excerpt":{"rendered":"<p>Alle Zimmer in diesem Hotel sind im authentischen sardischen Stil eingerichtet und sorgen f\u00fcr einen wahrhaft entspannten Aufenthalt. Neben den komfortablen Unterk\u00fcnften bietet das Sa Mandra ein ausgezeichnetes Restaurant, das k\u00f6stliche sardische Gerichte aus ethisch einwandfreien Zutaten serviert. Das Anwesen beherbergt au\u00dferdem ein Museum, das den einzigartigen Traditionen der Insel gewidmet ist. Bei Kochkursen und [&hellip;]<\/p>\n","protected":false},"author":1,"featured_media":5420,"parent":6007,"menu_order":0,"comment_status":"closed","ping_status":"closed","template":"tpl-location.php","meta":{"_acf_changed":false,"footnotes":""},"acf":{"address":"Strada Provinciale 44, 1, 07041 Alghero SS, Italy","location_type":"hotel","map_link":"https:\/\/www.google.com\/maps\/place\/Azienda+Agrituristica+Sa+Mandra\/@40.6524505,8.2977132,17z\/data=!3m1!4b1!4m9!3m8!1s0x12dcedc3c3eefd81:0xc751fbc807ed9cad!5m2!4m1!1i2!8m2!3d40.6524505!4d8.2977132!16s%2Fg%2F1tgv8y66?entry=ttu","trip_advisor":"https:\/\/www.tripadvisor.it\/Hotel_Review-g187880-d6508810-Reviews-Azienda_Agrituristica_Sa_Mandra-Alghero_Province_of_Sassari_Sardinia.html","coordinates":{"latitude":"40.6524505","longitude":"8.2977132"},"charging_stations":[{"charging_station":"Type 2 23kW: Localit\u00e0 sa Segada, 07041 Alghero SS, Italy (2.9km \/ 5-min)"}]},"aioseo_notices":[],"_links":{"self":[{"href":"https:\/\/nissantravelguide.com\/de\/wp-json\/wp\/v2\/pages\/5954"}],"collection":[{"href":"https:\/\/nissantravelguide.com\/de\/wp-json\/wp\/v2\/pages"}],"about":[{"href":"https:\/\/nissantravelguide.com\/de\/wp-json\/wp\/v2\/types\/page"}],"author":[{"embeddable":true,"href":"https:\/\/nissantravelguide.com\/de\/wp-json\/wp\/v2\/users\/1"}],"replies":[{"embeddable":true,"href":"https:\/\/nissantravelguide.com\/de\/wp-json\/wp\/v2\/comments?post=5954"}],"version-history":[{"count":0,"href":"https:\/\/nissantravelguide.com\/de\/wp-json\/wp\/v2\/pages\/5954\/revisions"}],"up":[{"embeddable":true,"href":"https:\/\/nissantravelguide.com\/de\/wp-json\/wp\/v2\/pages\/6007"}],"wp:featuredmedia":[{"embeddable":true,"href":"https:\/\/nissantravelguide.com\/de\/wp-json\/wp\/v2\/media\/5420"}],"wp:attachment":[{"href":"https:\/\/nissantravelguide.com\/de\/wp-json\/wp\/v2\/media?parent=5954"}],"curies":[{"name":"wp","href":"https:\/\/api.w.org\/{rel}","templated":true}]}}