{"id":5955,"date":"2023-07-27T07:07:14","date_gmt":"2023-07-27T07:07:14","guid":{"rendered":"https:\/\/nissantravelguide.com\/ecoparco-neule\/"},"modified":"2023-07-27T07:07:14","modified_gmt":"2023-07-27T07:07:14","slug":"ecoparco-neule","status":"publish","type":"page","link":"https:\/\/nissantravelguide.com\/de\/sardinien\/ecoparco-neule\/","title":{"rendered":"Ecoparco Neule"},"content":{"rendered":"<p class=\"p1\">Suchen Sie nach einem umweltfreundlichen Aufenthalt mit spektakul\u00e4ren Aussichten und k\u00f6stlichen einheimischen Speisen? Dann ist der Ecoparco Neul\u00e8 genau das Richtige f\u00fcr Sie! Mit einem fantastischen Blick \u00fcber den Cedrino-See und die ihm umgebende unber\u00fchrte Landschaft wird Sie dieser Ort zweifellos von der malerischen Natur der Insel \u00fcberzeugen. Die Aussicht ist jedoch nicht das Einzige, was hier geboten wird! Der Park liegt ganz in der N\u00e4he des Golfs von Orosei und einiger der besten Str\u00e4nde der Insel. Au\u00dferdem haben alle G\u00e4ste Zugang zu einer eigenen Steink\u00fcche, in der sie ihr kulinarisches Talent verfeinern k\u00f6nnen!<span class=\"Apple-converted-space\">\u00a0<\/span><\/p>\n","protected":false},"excerpt":{"rendered":"<p>Suchen Sie nach einem umweltfreundlichen Aufenthalt mit spektakul\u00e4ren Aussichten und k\u00f6stlichen einheimischen Speisen? Dann ist der Ecoparco Neul\u00e8 genau das Richtige f\u00fcr Sie! Mit einem fantastischen Blick \u00fcber den Cedrino-See und die ihm umgebende unber\u00fchrte Landschaft wird Sie dieser Ort zweifellos von der malerischen Natur der Insel \u00fcberzeugen. Die Aussicht ist jedoch nicht das Einzige, [&hellip;]<\/p>\n","protected":false},"author":1,"featured_media":5446,"parent":6007,"menu_order":0,"comment_status":"closed","ping_status":"closed","template":"tpl-location.php","meta":{"_acf_changed":false,"footnotes":""},"acf":{"address":"Localit\u00e0 Neul\u00e8, 08022 Dorgali NU, Italy","location_type":"hotel","map_link":"https:\/\/www.google.com\/maps\/place\/Ecoparco+neule'\/@40.3208037,9.5509956,17z\/data=!3m1!4b1!4m9!3m8!1s0x12def572f0d97c17:0xd5e45f428d9ec5c9!5m2!4m1!1i2!8m2!3d40.3207996!4d9.5535705!16s\/g\/11t31vk21f?entry=ttu","trip_advisor":"https:\/\/www.tripadvisor.it\/Hotel_Review-g642180-d2186476-Reviews-Ecoparco_Neule_kayak_sul_cedrino-Dorgali_Province_of_Nuoro_Sardinia.html","coordinates":{"latitude":"40.3208037","longitude":"9.5509956"},"charging_stations":[{"charging_station":"Type 2 22kW: Via Vittorio Emanuele, 93, 08022 Dorgali NU, Italy (6.3km \/ 14-min)"}]},"aioseo_notices":[],"_links":{"self":[{"href":"https:\/\/nissantravelguide.com\/de\/wp-json\/wp\/v2\/pages\/5955"}],"collection":[{"href":"https:\/\/nissantravelguide.com\/de\/wp-json\/wp\/v2\/pages"}],"about":[{"href":"https:\/\/nissantravelguide.com\/de\/wp-json\/wp\/v2\/types\/page"}],"author":[{"embeddable":true,"href":"https:\/\/nissantravelguide.com\/de\/wp-json\/wp\/v2\/users\/1"}],"replies":[{"embeddable":true,"href":"https:\/\/nissantravelguide.com\/de\/wp-json\/wp\/v2\/comments?post=5955"}],"version-history":[{"count":0,"href":"https:\/\/nissantravelguide.com\/de\/wp-json\/wp\/v2\/pages\/5955\/revisions"}],"up":[{"embeddable":true,"href":"https:\/\/nissantravelguide.com\/de\/wp-json\/wp\/v2\/pages\/6007"}],"wp:featuredmedia":[{"embeddable":true,"href":"https:\/\/nissantravelguide.com\/de\/wp-json\/wp\/v2\/media\/5446"}],"wp:attachment":[{"href":"https:\/\/nissantravelguide.com\/de\/wp-json\/wp\/v2\/media?parent=5955"}],"curies":[{"name":"wp","href":"https:\/\/api.w.org\/{rel}","templated":true}]}}