{"id":5956,"date":"2023-07-27T07:07:38","date_gmt":"2023-07-27T07:07:38","guid":{"rendered":"https:\/\/nissantravelguide.com\/spiaggia-di-tuerredda\/"},"modified":"2023-07-27T07:07:38","modified_gmt":"2023-07-27T07:07:38","slug":"spiaggia-di-tuerredda","status":"publish","type":"page","link":"https:\/\/nissantravelguide.com\/de\/sardinien\/spiaggia-di-tuerredda\/","title":{"rendered":"Spiaggia di Tuerredda"},"content":{"rendered":"<p class=\"p1\">Der Strand von Tuerredda ist ein Paradies f\u00fcr Strandliebhaber und mit einer atemberaubenden Natur gesegnet. Er ist der ultimative Spielplatz an der S\u00fcdk\u00fcste Sardiniens. Beim Schnorcheln in den kristallklaren Gew\u00e4ssern tauchen Sie in ein Unterwasserwunderland ein. Oder Sie schnappen sich ein Paddel und begeben sich auf ein aufregendes Kanu-Abenteuer zum verborgenen Juwel der Isola di Tuerredda, die nur 150 Meter von der K\u00fcste entfernt liegt. Halten Sie Ihre Sonnencreme bereit, denn dieser Strandausflug wird Sie auf eine wilde und unvergessliche Reise entf\u00fchren!<\/p>\n","protected":false},"excerpt":{"rendered":"<p>Der Strand von Tuerredda ist ein Paradies f\u00fcr Strandliebhaber und mit einer atemberaubenden Natur gesegnet. Er ist der ultimative Spielplatz an der S\u00fcdk\u00fcste Sardiniens. Beim Schnorcheln in den kristallklaren Gew\u00e4ssern tauchen Sie in ein Unterwasserwunderland ein. Oder Sie schnappen sich ein Paddel und begeben sich auf ein aufregendes Kanu-Abenteuer zum verborgenen Juwel der Isola di [&hellip;]<\/p>\n","protected":false},"author":1,"featured_media":5309,"parent":6007,"menu_order":0,"comment_status":"closed","ping_status":"closed","template":"tpl-location.php","meta":{"_acf_changed":false,"footnotes":""},"acf":{"address":"Localit\u00e0 Tuerredda, 09019 Teulada CA, Italy","location_type":"beauty","map_link":"https:\/\/www.google.com\/maps\/place\/Tuerredda+Beach\/@38.8902838,8.7414241,11z\/data=!4m6!3m5!1s0x12e6e7378d569d7f:0xfe8af765f15074f0!8m2!3d38.8946095!4d8.8131483!16s%2Fg%2F12q4r5ypd?entry=ttu","trip_advisor":"https:\/\/www.tripadvisor.co.uk\/Attraction_Review-g1202591-d2254080-Reviews-Spiaggia_di_Tuerredda-Teulada_Province_of_Cagliari_Sardinia.html","coordinates":{"latitude":"38.8902838","longitude":"8.7414241"},"charging_stations":[{"charging_station":"CCS 150kW, CHAdeMO 62kW, Type 2 22kW: Via Tramontana, 09010 Pula CA, Italy (23.4km \/ 27-min)"}]},"aioseo_notices":[],"_links":{"self":[{"href":"https:\/\/nissantravelguide.com\/de\/wp-json\/wp\/v2\/pages\/5956"}],"collection":[{"href":"https:\/\/nissantravelguide.com\/de\/wp-json\/wp\/v2\/pages"}],"about":[{"href":"https:\/\/nissantravelguide.com\/de\/wp-json\/wp\/v2\/types\/page"}],"author":[{"embeddable":true,"href":"https:\/\/nissantravelguide.com\/de\/wp-json\/wp\/v2\/users\/1"}],"replies":[{"embeddable":true,"href":"https:\/\/nissantravelguide.com\/de\/wp-json\/wp\/v2\/comments?post=5956"}],"version-history":[{"count":0,"href":"https:\/\/nissantravelguide.com\/de\/wp-json\/wp\/v2\/pages\/5956\/revisions"}],"up":[{"embeddable":true,"href":"https:\/\/nissantravelguide.com\/de\/wp-json\/wp\/v2\/pages\/6007"}],"wp:featuredmedia":[{"embeddable":true,"href":"https:\/\/nissantravelguide.com\/de\/wp-json\/wp\/v2\/media\/5309"}],"wp:attachment":[{"href":"https:\/\/nissantravelguide.com\/de\/wp-json\/wp\/v2\/media?parent=5956"}],"curies":[{"name":"wp","href":"https:\/\/api.w.org\/{rel}","templated":true}]}}