{"id":5957,"date":"2023-07-27T07:07:52","date_gmt":"2023-07-27T07:07:52","guid":{"rendered":"https:\/\/nissantravelguide.com\/spiaggia-del-poetto\/"},"modified":"2023-07-27T07:07:52","modified_gmt":"2023-07-27T07:07:52","slug":"spiaggia-del-poetto","status":"publish","type":"page","link":"https:\/\/nissantravelguide.com\/de\/sardinien\/spiaggia-del-poetto\/","title":{"rendered":"Spiaggia del Poetto"},"content":{"rendered":"<p class=\"p1\">Dieser Strand ist nicht nur der Hauptstrand von Sardiniens Hauptstadt Cagliari, sondern mit einer L\u00e4nge von satten 8 Kilometern auch einer der l\u00e4ngsten! Freuen Sie sich auf ein Strandabenteuer der besonderen Art an den lebhaften Ufern der Spiaggia del Poetto. Genie\u00dfen Sie das urbane Flair, das sich mit der Sch\u00f6nheit der Natur vermischt und ein einzigartiges K\u00fcstenerlebnis bietet. Der atemberaubende Blick \u00fcber den tiefblauen Golfo di Quartu und den majest\u00e4tischen H\u00fcgeln der Sella Del Diavolo am s\u00fcdlichen Horizont wird Sie begeistern. Die Winde in Strandn\u00e4he eignen sich au\u00dferdem hervorragend zum Wind- und Kitesurfen \u2013 ideal also f\u00fcr sportliche Besucher! Machen Sie sich also bereit f\u00fcr ein aufregendes Erlebnis mit viel Sonne und unvergesslichen Erinnerungen an die lebhafte Spiaggia Del Poetto!<\/p>\n","protected":false},"excerpt":{"rendered":"<p>Dieser Strand ist nicht nur der Hauptstrand von Sardiniens Hauptstadt Cagliari, sondern mit einer L\u00e4nge von satten 8 Kilometern auch einer der l\u00e4ngsten! Freuen Sie sich auf ein Strandabenteuer der besonderen Art an den lebhaften Ufern der Spiaggia del Poetto. Genie\u00dfen Sie das urbane Flair, das sich mit der Sch\u00f6nheit der Natur vermischt und ein [&hellip;]<\/p>\n","protected":false},"author":1,"featured_media":5376,"parent":6007,"menu_order":0,"comment_status":"closed","ping_status":"closed","template":"tpl-location.php","meta":{"_acf_changed":false,"footnotes":""},"acf":{"address":"Italy","location_type":"beauty","map_link":"https:\/\/www.google.com\/maps\/place\/Poetto\/@39.2188576,9.2172175,13z\/data=!4m6!3m5!1s0x12e0cb51ddbbeddb:0x6faa2e32c94fb2a0!8m2!3d39.2134183!4d9.1757159!16s%2Fm%2F04jhhrx?entry=ttu","trip_advisor":"https:\/\/www.tripadvisor.it\/Attraction_Review-g187881-d247462-Reviews-Poetto-Cagliari_Province_of_Cagliari_Sardinia.html","coordinates":{"latitude":"39.2188576","longitude":"9.2172175"},"charging_stations":[{"charging_station":"CHAdeMO 50kW, CCS 50kW, Type 2 41.5 kW: 8 Viale Lungomare del Golfo Sardegna, Viale Lungomare del Golfo, 09045 Quartu Sant'Elena CA, Italy (2.2Kms \/ 4-min)"}]},"aioseo_notices":[],"_links":{"self":[{"href":"https:\/\/nissantravelguide.com\/de\/wp-json\/wp\/v2\/pages\/5957"}],"collection":[{"href":"https:\/\/nissantravelguide.com\/de\/wp-json\/wp\/v2\/pages"}],"about":[{"href":"https:\/\/nissantravelguide.com\/de\/wp-json\/wp\/v2\/types\/page"}],"author":[{"embeddable":true,"href":"https:\/\/nissantravelguide.com\/de\/wp-json\/wp\/v2\/users\/1"}],"replies":[{"embeddable":true,"href":"https:\/\/nissantravelguide.com\/de\/wp-json\/wp\/v2\/comments?post=5957"}],"version-history":[{"count":0,"href":"https:\/\/nissantravelguide.com\/de\/wp-json\/wp\/v2\/pages\/5957\/revisions"}],"up":[{"embeddable":true,"href":"https:\/\/nissantravelguide.com\/de\/wp-json\/wp\/v2\/pages\/6007"}],"wp:featuredmedia":[{"embeddable":true,"href":"https:\/\/nissantravelguide.com\/de\/wp-json\/wp\/v2\/media\/5376"}],"wp:attachment":[{"href":"https:\/\/nissantravelguide.com\/de\/wp-json\/wp\/v2\/media?parent=5957"}],"curies":[{"name":"wp","href":"https:\/\/api.w.org\/{rel}","templated":true}]}}