{"id":5958,"date":"2023-07-27T07:08:17","date_gmt":"2023-07-27T07:08:17","guid":{"rendered":"https:\/\/nissantravelguide.com\/spiaggia-cala-sarraina\/"},"modified":"2023-07-27T07:08:17","modified_gmt":"2023-07-27T07:08:17","slug":"spiaggia-cala-sarraina","status":"publish","type":"page","link":"https:\/\/nissantravelguide.com\/de\/sardinien\/spiaggia-cala-sarraina\/","title":{"rendered":"Spiaggia Cala Sarraina"},"content":{"rendered":"<p class=\"p1\">Freuen Sie sich auf ein unvergessliches Stranderlebnis in Cala Sarraina, wo die Sonnenunterg\u00e4nge Sie begeistern werden und das kristallklare Wasser zum Tauchen und Entdecken der Unterwasserwelt einl\u00e4dt. Nehmen Sie einen erfrischenden Drink an der strandeigenen Bar, und wenn Sie Hunger haben, folgen Sie Ihrem Geschmackssinn in das Restaurant, das nur einen Katzensprung entfernt an der K\u00fcste liegt. Sind Sie abenteuerlustig? Begeben Sie sich auf geheime Pfade zu abgelegenen Buchten, wo Sie Ihrem Forschergeist freien Lauf lassen und die Ruhe dieses K\u00fcstenparadieses in sich aufsaugen k\u00f6nnen. Cala Sarraina hat alles zu bieten \u2013 wundersch\u00f6ne Sonnenunterg\u00e4nge, Schnorchelabenteuer, Strandvergn\u00fcgen und versteckte Kleinode, die nur darauf warten, entdeckt zu werden!<\/p>\n","protected":false},"excerpt":{"rendered":"<p>Freuen Sie sich auf ein unvergessliches Stranderlebnis in Cala Sarraina, wo die Sonnenunterg\u00e4nge Sie begeistern werden und das kristallklare Wasser zum Tauchen und Entdecken der Unterwasserwelt einl\u00e4dt. Nehmen Sie einen erfrischenden Drink an der strandeigenen Bar, und wenn Sie Hunger haben, folgen Sie Ihrem Geschmackssinn in das Restaurant, das nur einen Katzensprung entfernt an der [&hellip;]<\/p>\n","protected":false},"author":1,"featured_media":5348,"parent":6007,"menu_order":0,"comment_status":"closed","ping_status":"closed","template":"tpl-location.php","meta":{"_acf_changed":false,"footnotes":""},"acf":{"address":"07038 Trinit\u00e0 d'Agultu e Vignola Province of Sassari, Italy","location_type":"beauty","map_link":"https:\/\/www.google.com\/maps\/place\/Cala+Sarraina\/@41.0873602,8.984303,15z\/data=!3m1!4b1!4m6!3m5!1s0x12dbf026ebf0b261:0x8039b8c4078e672b!8m2!3d41.0873607!4d8.984303!16s%2Fg%2F11b8thyg64?entry=ttu","trip_advisor":"https:\/\/www.tripadvisor.co.uk\/Attraction_Review-g2698278-d4607382-Reviews-Spiaggia_Cala_Sarraina-Trinita_d_Agultu_e_Vignola_Province_of_Olbia_Tempio_Sardi.html","coordinates":{"latitude":"41.0873602","longitude":"8.984303"},"charging_stations":[{"charging_station":"Type 2 23kW, Type 2 21kW: 07030 Li Junchi Province of Sassari, Italy (27.8Kms \/ 33-min)"}]},"aioseo_notices":[],"_links":{"self":[{"href":"https:\/\/nissantravelguide.com\/de\/wp-json\/wp\/v2\/pages\/5958"}],"collection":[{"href":"https:\/\/nissantravelguide.com\/de\/wp-json\/wp\/v2\/pages"}],"about":[{"href":"https:\/\/nissantravelguide.com\/de\/wp-json\/wp\/v2\/types\/page"}],"author":[{"embeddable":true,"href":"https:\/\/nissantravelguide.com\/de\/wp-json\/wp\/v2\/users\/1"}],"replies":[{"embeddable":true,"href":"https:\/\/nissantravelguide.com\/de\/wp-json\/wp\/v2\/comments?post=5958"}],"version-history":[{"count":0,"href":"https:\/\/nissantravelguide.com\/de\/wp-json\/wp\/v2\/pages\/5958\/revisions"}],"up":[{"embeddable":true,"href":"https:\/\/nissantravelguide.com\/de\/wp-json\/wp\/v2\/pages\/6007"}],"wp:featuredmedia":[{"embeddable":true,"href":"https:\/\/nissantravelguide.com\/de\/wp-json\/wp\/v2\/media\/5348"}],"wp:attachment":[{"href":"https:\/\/nissantravelguide.com\/de\/wp-json\/wp\/v2\/media?parent=5958"}],"curies":[{"name":"wp","href":"https:\/\/api.w.org\/{rel}","templated":true}]}}