{"id":5959,"date":"2023-07-27T07:08:29","date_gmt":"2023-07-27T07:08:29","guid":{"rendered":"https:\/\/nissantravelguide.com\/grotta-di-nettuno\/"},"modified":"2023-07-27T07:08:29","modified_gmt":"2023-07-27T07:08:29","slug":"grotta-di-nettuno","status":"publish","type":"page","link":"https:\/\/nissantravelguide.com\/de\/sardinien\/grotta-di-nettuno\/","title":{"rendered":"Grotta di Nettuno"},"content":{"rendered":"<p class=\"p1\">Lassen Sie sich von der mystischen Anziehungskraft dieser faszinierenden H\u00f6hlen verzaubern, die eine Hommage an den m\u00e4chtigen r\u00f6mischen Gott des Meeres sind. Erkunden Sie diese H\u00f6hlen zu Fu\u00df und auf dem Wasser und tauchen Sie ein in ihre ehrfurchtgebietende Sch\u00f6nheit. Die H\u00f6hlen sind keine gew\u00f6hnliche Sehensw\u00fcrdigkeit \u2013 sie verk\u00f6rpern die raue und vielf\u00e4ltige Essenz von Sardiniens Landschaft und hinterlassen einen bleibenden Eindruck bei allen, die sich in ihr Inneres wagen. Freuen Sie sich auf unvergessliche Momente, die Ihnen wie eine fesselnde Geschichte aus alten Legenden in Erinnerung bleiben werden. Die H\u00f6hlen des Neptun rufen und laden Sie zu einer Fahrt ein, die Sie so schnell nicht vergessen werden!<\/p>\n","protected":false},"excerpt":{"rendered":"<p>Lassen Sie sich von der mystischen Anziehungskraft dieser faszinierenden H\u00f6hlen verzaubern, die eine Hommage an den m\u00e4chtigen r\u00f6mischen Gott des Meeres sind. Erkunden Sie diese H\u00f6hlen zu Fu\u00df und auf dem Wasser und tauchen Sie ein in ihre ehrfurchtgebietende Sch\u00f6nheit. Die H\u00f6hlen sind keine gew\u00f6hnliche Sehensw\u00fcrdigkeit \u2013 sie verk\u00f6rpern die raue und vielf\u00e4ltige Essenz von [&hellip;]<\/p>\n","protected":false},"author":1,"featured_media":5795,"parent":6007,"menu_order":0,"comment_status":"closed","ping_status":"closed","template":"tpl-location.php","meta":{"_acf_changed":false,"footnotes":""},"acf":{"address":"07041 Alghero, Province of Sassari, Italy","location_type":"beauty","map_link":"https:\/\/www.google.com\/maps\/place\/Neptune's+Grotto\/@40.5641883,8.1618085,18z\/data=!3m1!4b1!4m6!3m5!1s0x12dce9bb9a8b5129:0xc2b9ceb7b86dc2ac!8m2!3d40.5650296!4d8.1604548!16s%2Fm%2F040833t?entry=ttu","trip_advisor":"https:\/\/www.tripadvisor.co.uk\/Attraction_Review-g187880-d10389400-Reviews-Neptune_s_Grotto-Alghero_Province_of_Sassari_Sardinia.html","coordinates":{"latitude":"40.5641883","longitude":"8.1618085"},"charging_stations":[{"charging_station":"Type 2 22kW: Strada Provinciale 44, 07041 Alghero SS, Italy (22.8Kms \/ 27-min)"}]},"aioseo_notices":[],"_links":{"self":[{"href":"https:\/\/nissantravelguide.com\/de\/wp-json\/wp\/v2\/pages\/5959"}],"collection":[{"href":"https:\/\/nissantravelguide.com\/de\/wp-json\/wp\/v2\/pages"}],"about":[{"href":"https:\/\/nissantravelguide.com\/de\/wp-json\/wp\/v2\/types\/page"}],"author":[{"embeddable":true,"href":"https:\/\/nissantravelguide.com\/de\/wp-json\/wp\/v2\/users\/1"}],"replies":[{"embeddable":true,"href":"https:\/\/nissantravelguide.com\/de\/wp-json\/wp\/v2\/comments?post=5959"}],"version-history":[{"count":0,"href":"https:\/\/nissantravelguide.com\/de\/wp-json\/wp\/v2\/pages\/5959\/revisions"}],"up":[{"embeddable":true,"href":"https:\/\/nissantravelguide.com\/de\/wp-json\/wp\/v2\/pages\/6007"}],"wp:featuredmedia":[{"embeddable":true,"href":"https:\/\/nissantravelguide.com\/de\/wp-json\/wp\/v2\/media\/5795"}],"wp:attachment":[{"href":"https:\/\/nissantravelguide.com\/de\/wp-json\/wp\/v2\/media?parent=5959"}],"curies":[{"name":"wp","href":"https:\/\/api.w.org\/{rel}","templated":true}]}}