{"id":5960,"date":"2023-07-27T07:08:50","date_gmt":"2023-07-27T07:08:50","guid":{"rendered":"https:\/\/nissantravelguide.com\/spiaggia-la-pelosa\/"},"modified":"2023-07-27T07:08:50","modified_gmt":"2023-07-27T07:08:50","slug":"spiaggia-la-pelosa","status":"publish","type":"page","link":"https:\/\/nissantravelguide.com\/de\/sardinien\/spiaggia-la-pelosa\/","title":{"rendered":"Spiaggia La Pelosa"},"content":{"rendered":"<p class=\"p1\">Dieser Strand wird Sie in Erstaunen versetzen: Sie werden sich fragen, ob Sie auf magische Weise in die Karibik verfrachtet worden sind! Freuen Sie sich auf ein unvergessliches Erlebnis an der Spiaggia La Pelosa, einem der beliebtesten Str\u00e4nde nicht auf nur der Insel, sondern vielleicht auf dem ganzen Kontinent. Sie liegt an der reizvollen Nordwestk\u00fcste Sardiniens und bietet kristallklares, t\u00fcrkisfarbenes Wasser und ausgedehnte, unber\u00fchrte wei\u00dfe Sandstr\u00e4nde. Genie\u00dfen Sie die Sonne und lassen Sie das Meer um Ihre Zehen spielen. Lassen Sie sich von der atemberaubenden Aussicht auf die Insel Piana, die nur 600 Meter vor der K\u00fcste liegt, und die traumhafte Insel Asinara verzaubern. Mit ihrer unwiderstehlichen Anziehungskraft ist die Spiaggia La Pelosa ein absolutes Muss f\u00fcr jeden, der die Region Sassari erkundet. Packen Sie Ihre Badesachen ein und begeben Sie sich auf ein tropisches Abenteuer, ohne daf\u00fcr Sardinien verlassen zu m\u00fcssen!<\/p>\n","protected":false},"excerpt":{"rendered":"<p>Dieser Strand wird Sie in Erstaunen versetzen: Sie werden sich fragen, ob Sie auf magische Weise in die Karibik verfrachtet worden sind! Freuen Sie sich auf ein unvergessliches Erlebnis an der Spiaggia La Pelosa, einem der beliebtesten Str\u00e4nde nicht auf nur der Insel, sondern vielleicht auf dem ganzen Kontinent. Sie liegt an der reizvollen Nordwestk\u00fcste [&hellip;]<\/p>\n","protected":false},"author":1,"featured_media":5885,"parent":6007,"menu_order":0,"comment_status":"closed","ping_status":"closed","template":"tpl-location.php","meta":{"_acf_changed":false,"footnotes":""},"acf":{"address":"Italy","location_type":"beauty","map_link":"https:\/\/www.google.com\/maps\/place\/Spiaggia+La+Pelosa\/@40.9661896,8.2058939,15z\/data=!4m6!3m5!1s0x12dc9e7186be51dd:0xff1db3e8eed05b65!8m2!3d40.9654818!4d8.2095124!16s%2Fg%2F11bymx1tfy?entry=ttu","trip_advisor":"https:\/\/www.tripadvisor.it\/Attraction_Review-g608925-d614634-Reviews-La_Pelosa_Beach-Stintino_Province_of_Sassari_Sardinia.html","coordinates":{"latitude":"40.9661896","longitude":"8.2058939"},"charging_stations":[{"charging_station":"CHAdeMO 50kW, CCS 50kW, Type 2 43kW, Type 2 22kW: Str. Litoranea Platamona, 07046 Porto Torres SS, Italy (35.2kms \/ 40-min)"}]},"aioseo_notices":[],"_links":{"self":[{"href":"https:\/\/nissantravelguide.com\/de\/wp-json\/wp\/v2\/pages\/5960"}],"collection":[{"href":"https:\/\/nissantravelguide.com\/de\/wp-json\/wp\/v2\/pages"}],"about":[{"href":"https:\/\/nissantravelguide.com\/de\/wp-json\/wp\/v2\/types\/page"}],"author":[{"embeddable":true,"href":"https:\/\/nissantravelguide.com\/de\/wp-json\/wp\/v2\/users\/1"}],"replies":[{"embeddable":true,"href":"https:\/\/nissantravelguide.com\/de\/wp-json\/wp\/v2\/comments?post=5960"}],"version-history":[{"count":0,"href":"https:\/\/nissantravelguide.com\/de\/wp-json\/wp\/v2\/pages\/5960\/revisions"}],"up":[{"embeddable":true,"href":"https:\/\/nissantravelguide.com\/de\/wp-json\/wp\/v2\/pages\/6007"}],"wp:featuredmedia":[{"embeddable":true,"href":"https:\/\/nissantravelguide.com\/de\/wp-json\/wp\/v2\/media\/5885"}],"wp:attachment":[{"href":"https:\/\/nissantravelguide.com\/de\/wp-json\/wp\/v2\/media?parent=5960"}],"curies":[{"name":"wp","href":"https:\/\/api.w.org\/{rel}","templated":true}]}}