{"id":5961,"date":"2023-07-27T07:09:09","date_gmt":"2023-07-27T07:09:09","guid":{"rendered":"https:\/\/nissantravelguide.com\/cala-biriala\/"},"modified":"2023-07-27T07:09:09","modified_gmt":"2023-07-27T07:09:09","slug":"cala-biriala","status":"publish","type":"page","link":"https:\/\/nissantravelguide.com\/de\/sardinien\/cala-biriala\/","title":{"rendered":"Cala Biriala"},"content":{"rendered":"<p class=\"p1\">Versteckt am Golf von Orosei an der Ostk\u00fcste der Insel bietet der Strand Cala Bir\u00ecala m\u00fcden Reisenden reichlich Gelegenheit zur Entspannung und Abwechslung. Das kristallklare Wasser ist ein idealer Ort zum Tauchen und Schnorcheln in der lebendigen Unterwasserwelt. Die einzigartige Lage des Strandes, eingebettet zwischen den malerischen W\u00e4ldern von Bir\u00ecala und Bilariccoro, ist eine aufregende Gelegenheit f\u00fcr abenteuerlustige Entdecker, eine Wanderung zu unternehmen, um den Strand zu erreichen. Ob Sie nun Ruhe suchen oder aufregende Erlebnisse, der Strand der Cala Bir\u00ecala hat f\u00fcr jeden etwas zu bieten.<\/p>\n","protected":false},"excerpt":{"rendered":"<p>Versteckt am Golf von Orosei an der Ostk\u00fcste der Insel bietet der Strand Cala Bir\u00ecala m\u00fcden Reisenden reichlich Gelegenheit zur Entspannung und Abwechslung. Das kristallklare Wasser ist ein idealer Ort zum Tauchen und Schnorcheln in der lebendigen Unterwasserwelt. Die einzigartige Lage des Strandes, eingebettet zwischen den malerischen W\u00e4ldern von Bir\u00ecala und Bilariccoro, ist eine aufregende [&hellip;]<\/p>\n","protected":false},"author":1,"featured_media":5315,"parent":6007,"menu_order":0,"comment_status":"closed","ping_status":"closed","template":"tpl-location.php","meta":{"_acf_changed":false,"footnotes":""},"acf":{"address":"08040 Baunei, Province of Nuoro, Italy","location_type":"beauty","map_link":"https:\/\/www.google.com\/maps\/place\/Cala+Bir%C3%ACala\/@40.147947,9.6500255,17z\/data=!3m1!4b1!4m9!3m8!1s0x12de5944e288fd5b:0xd038484e0ba22c90!5m2!4m1!1i2!8m2!3d40.1479429!4d9.6526004!16s%2Fg%2F12q4qyl30?entry=tts&shorturl=1","trip_advisor":"https:\/\/www.tripadvisor.it\/Attraction_Review-g644260-d6867241-Reviews-Cala_Biriala-Baunei_Province_of_Ogliastra_Sardinia.html","coordinates":{"latitude":"40.147947","longitude":"9.6500255"},"charging_stations":[{"charging_station":"Type 2 22kW: Viale Colombo, 08022 Cala Gonone NU, Italy (70.4km \/ 1 hour 49-min)"}]},"aioseo_notices":[],"_links":{"self":[{"href":"https:\/\/nissantravelguide.com\/de\/wp-json\/wp\/v2\/pages\/5961"}],"collection":[{"href":"https:\/\/nissantravelguide.com\/de\/wp-json\/wp\/v2\/pages"}],"about":[{"href":"https:\/\/nissantravelguide.com\/de\/wp-json\/wp\/v2\/types\/page"}],"author":[{"embeddable":true,"href":"https:\/\/nissantravelguide.com\/de\/wp-json\/wp\/v2\/users\/1"}],"replies":[{"embeddable":true,"href":"https:\/\/nissantravelguide.com\/de\/wp-json\/wp\/v2\/comments?post=5961"}],"version-history":[{"count":0,"href":"https:\/\/nissantravelguide.com\/de\/wp-json\/wp\/v2\/pages\/5961\/revisions"}],"up":[{"embeddable":true,"href":"https:\/\/nissantravelguide.com\/de\/wp-json\/wp\/v2\/pages\/6007"}],"wp:featuredmedia":[{"embeddable":true,"href":"https:\/\/nissantravelguide.com\/de\/wp-json\/wp\/v2\/media\/5315"}],"wp:attachment":[{"href":"https:\/\/nissantravelguide.com\/de\/wp-json\/wp\/v2\/media?parent=5961"}],"curies":[{"name":"wp","href":"https:\/\/api.w.org\/{rel}","templated":true}]}}