{"id":5962,"date":"2023-07-27T07:09:31","date_gmt":"2023-07-27T07:09:31","guid":{"rendered":"https:\/\/nissantravelguide.com\/spiaggia-rena-bianca\/"},"modified":"2023-07-27T07:09:31","modified_gmt":"2023-07-27T07:09:31","slug":"spiaggia-rena-bianca","status":"publish","type":"page","link":"https:\/\/nissantravelguide.com\/de\/sardinien\/spiaggia-rena-bianca\/","title":{"rendered":"Spiaggia Rena Bianca"},"content":{"rendered":"<p class=\"p1\">Einer der sch\u00f6nsten Str\u00e4nde an Sardiniens Nordk\u00fcste, Spiaggia Rena Bianca, bietet einen fantastischen Blick auf die Klippen von Korsika und die Isola Municca im Nordwesten. Der 200 Meter lange Strand wurde au\u00dferdem mit der \u201eBlauen Flagge\u201c ausgezeichnet, die den Einsatz des Ortes f\u00fcr \u00f6kologische Nachhaltigkeit w\u00fcrdigt. Das seichte Wasser und die vor K\u00fcstenwinden gesch\u00fctzte Lage machen den Strand auch zu einem idealen Badeort f\u00fcr Familien. Wer mit etwas Mut gewappnet ist, kann von einem H\u00fcgel in der N\u00e4he des Strandes, dem Torre di Longonsardo, einen spektakul\u00e4ren Blick auf den Strand und die Umgebung genie\u00dfen.<\/p>\n","protected":false},"excerpt":{"rendered":"<p>Einer der sch\u00f6nsten Str\u00e4nde an Sardiniens Nordk\u00fcste, Spiaggia Rena Bianca, bietet einen fantastischen Blick auf die Klippen von Korsika und die Isola Municca im Nordwesten. Der 200 Meter lange Strand wurde au\u00dferdem mit der \u201eBlauen Flagge\u201c ausgezeichnet, die den Einsatz des Ortes f\u00fcr \u00f6kologische Nachhaltigkeit w\u00fcrdigt. Das seichte Wasser und die vor K\u00fcstenwinden gesch\u00fctzte Lage [&hellip;]<\/p>\n","protected":false},"author":1,"featured_media":5694,"parent":6007,"menu_order":0,"comment_status":"closed","ping_status":"closed","template":"tpl-location.php","meta":{"_acf_changed":false,"footnotes":""},"acf":{"address":"Italy","location_type":"beauty","map_link":"https:\/\/www.google.com\/maps\/place\/Spiaggia+Rena+Bianca\/@41.2449891,9.186481,18z\/data=!3m1!4b1!4m6!3m5!1s0x12dbdff7e9437e8b:0xc2418387787c03f9!8m2!3d41.2450063!4d9.1894029!16s%2Fg%2F1hhw6jz75?entry=ttu","trip_advisor":"https:\/\/www.tripadvisor.it\/Attraction_Review-g187879-d4472624-Reviews-Spiaggia_Rena_Bianca-Sardinia.html","coordinates":{"latitude":"41.2449891","longitude":"9.186481"},"charging_stations":[{"charging_station":"Type 2 22kW: via Stefano Nicolai, 2, 07028 Santa Teresa di Gallura SS, Italy (2km \/ 6-min)"}]},"aioseo_notices":[],"_links":{"self":[{"href":"https:\/\/nissantravelguide.com\/de\/wp-json\/wp\/v2\/pages\/5962"}],"collection":[{"href":"https:\/\/nissantravelguide.com\/de\/wp-json\/wp\/v2\/pages"}],"about":[{"href":"https:\/\/nissantravelguide.com\/de\/wp-json\/wp\/v2\/types\/page"}],"author":[{"embeddable":true,"href":"https:\/\/nissantravelguide.com\/de\/wp-json\/wp\/v2\/users\/1"}],"replies":[{"embeddable":true,"href":"https:\/\/nissantravelguide.com\/de\/wp-json\/wp\/v2\/comments?post=5962"}],"version-history":[{"count":0,"href":"https:\/\/nissantravelguide.com\/de\/wp-json\/wp\/v2\/pages\/5962\/revisions"}],"up":[{"embeddable":true,"href":"https:\/\/nissantravelguide.com\/de\/wp-json\/wp\/v2\/pages\/6007"}],"wp:featuredmedia":[{"embeddable":true,"href":"https:\/\/nissantravelguide.com\/de\/wp-json\/wp\/v2\/media\/5694"}],"wp:attachment":[{"href":"https:\/\/nissantravelguide.com\/de\/wp-json\/wp\/v2\/media?parent=5962"}],"curies":[{"name":"wp","href":"https:\/\/api.w.org\/{rel}","templated":true}]}}