{"id":5963,"date":"2023-07-27T07:09:48","date_gmt":"2023-07-27T07:09:48","guid":{"rendered":"https:\/\/nissantravelguide.com\/spiaggia-della-speranza\/"},"modified":"2023-07-27T07:09:48","modified_gmt":"2023-07-27T07:09:48","slug":"spiaggia-della-speranza","status":"publish","type":"page","link":"https:\/\/nissantravelguide.com\/de\/sardinien\/spiaggia-della-speranza\/","title":{"rendered":"Spiaggia della Speranza"},"content":{"rendered":"<p class=\"p1\">Die Spiaggia della Speranza liegt in der N\u00e4he von Alghero und ist ein verborgener Schrein der Stille und des Friedens. Dieser herrliche Strand hat f\u00fcr jeden etwas zu bieten, von packenden Windbedingungen, die ideal f\u00fcr Surfer und Windsurfer sind, bis hin zu seichtem Wasser, das einen sicheren Hafen f\u00fcr Familien und Kinder zum Planschen und Spielen bietet. Der Weg zum Strand ist ein Kinderspiel! Folgen Sie einfach der landschaftlich reizvollen SP\u00a0105 von Bosa aus, wo die herrliche K\u00fcstenstra\u00dfe Reisende aus nah und fern in ihren Bann zieht. Freuen Sie sich auf die Ruhe, die Begeisterung und die pure Sch\u00f6nheit der Spiaggia della Speranza!<\/p>\n","protected":false},"excerpt":{"rendered":"<p>Die Spiaggia della Speranza liegt in der N\u00e4he von Alghero und ist ein verborgener Schrein der Stille und des Friedens. Dieser herrliche Strand hat f\u00fcr jeden etwas zu bieten, von packenden Windbedingungen, die ideal f\u00fcr Surfer und Windsurfer sind, bis hin zu seichtem Wasser, das einen sicheren Hafen f\u00fcr Familien und Kinder zum Planschen und [&hellip;]<\/p>\n","protected":false},"author":1,"featured_media":5832,"parent":6007,"menu_order":0,"comment_status":"closed","ping_status":"closed","template":"tpl-location.php","meta":{"_acf_changed":false,"footnotes":""},"acf":{"address":"Province of Sassari, Italy","location_type":"beauty","map_link":"https:\/\/www.google.com\/maps\/place\/Poglina\/@40.4953138,8.3689426,18z\/data=!3m1!4b1!4m6!3m5!1s0x12dcf09e77753417:0x4c741145cc5ede2f!8m2!3d40.4960294!4d8.3691778!16s%2Fg%2F1q6j934qk?entry=ttu","trip_advisor":"https:\/\/www.tripadvisor.co.uk\/Attraction_Review-g187880-d7073045-Reviews-La_Speranza_Beach_Porto_Poglina-Alghero_Province_of_Sassari_Sardinia.html","coordinates":{"latitude":"40.4953138","longitude":"8.3689426"},"charging_stations":[{"charging_station":"CHAdeMO 50kW, CCS 50kW, Type 2 43kW: Via Vittorio Emanuele II, 209, 07041 Alghero SS, Italy (10.6kms \/ 16-min) "}]},"aioseo_notices":[],"_links":{"self":[{"href":"https:\/\/nissantravelguide.com\/de\/wp-json\/wp\/v2\/pages\/5963"}],"collection":[{"href":"https:\/\/nissantravelguide.com\/de\/wp-json\/wp\/v2\/pages"}],"about":[{"href":"https:\/\/nissantravelguide.com\/de\/wp-json\/wp\/v2\/types\/page"}],"author":[{"embeddable":true,"href":"https:\/\/nissantravelguide.com\/de\/wp-json\/wp\/v2\/users\/1"}],"replies":[{"embeddable":true,"href":"https:\/\/nissantravelguide.com\/de\/wp-json\/wp\/v2\/comments?post=5963"}],"version-history":[{"count":0,"href":"https:\/\/nissantravelguide.com\/de\/wp-json\/wp\/v2\/pages\/5963\/revisions"}],"up":[{"embeddable":true,"href":"https:\/\/nissantravelguide.com\/de\/wp-json\/wp\/v2\/pages\/6007"}],"wp:featuredmedia":[{"embeddable":true,"href":"https:\/\/nissantravelguide.com\/de\/wp-json\/wp\/v2\/media\/5832"}],"wp:attachment":[{"href":"https:\/\/nissantravelguide.com\/de\/wp-json\/wp\/v2\/media?parent=5963"}],"curies":[{"name":"wp","href":"https:\/\/api.w.org\/{rel}","templated":true}]}}