{"id":5964,"date":"2023-07-27T07:10:49","date_gmt":"2023-07-27T07:10:49","guid":{"rendered":"https:\/\/nissantravelguide.com\/cala-porto-giunco\/"},"modified":"2023-07-27T07:10:49","modified_gmt":"2023-07-27T07:10:49","slug":"cala-porto-giunco","status":"publish","type":"page","link":"https:\/\/nissantravelguide.com\/de\/sardinien\/cala-porto-giunco\/","title":{"rendered":"Cala Porto Giunco"},"content":{"rendered":"<p class=\"p1\">Ob Schnorcheln, Wandern oder einfach Sonnenbaden \u2013 diese wundersch\u00f6ne kleine Bucht bietet Ihnen alles! Der Torre di Porto Giunco, ein historischer spanischer Wachturm, der seit dem sechzehnten Jahrhundert \u00fcber dem Strand thront, ist ein Muss an der S\u00fcdk\u00fcste Sardiniens. Die seichten Gew\u00e4sser und der Schutz vor den starken Windb\u00f6en des Mittelmeers machen den Ort ideal f\u00fcr Familien. Zudem liegt er nur eine kurze Fahrt von Cagliari entfernt.<\/p>\n","protected":false},"excerpt":{"rendered":"<p>Ob Schnorcheln, Wandern oder einfach Sonnenbaden \u2013 diese wundersch\u00f6ne kleine Bucht bietet Ihnen alles! Der Torre di Porto Giunco, ein historischer spanischer Wachturm, der seit dem sechzehnten Jahrhundert \u00fcber dem Strand thront, ist ein Muss an der S\u00fcdk\u00fcste Sardiniens. Die seichten Gew\u00e4sser und der Schutz vor den starken Windb\u00f6en des Mittelmeers machen den Ort ideal [&hellip;]<\/p>\n","protected":false},"author":1,"featured_media":5342,"parent":6007,"menu_order":0,"comment_status":"closed","ping_status":"closed","template":"tpl-location.php","meta":{"_acf_changed":false,"footnotes":""},"acf":{"address":"Via Capo Carbonara, 1, 09049 Villasimius CA, Italy","location_type":"beauty","map_link":"https:\/\/www.google.com\/maps\/place\/Cala+Porto+Giunco\/@39.1334537,9.4946304,10z\/data=!4m6!3m5!1s0x12e0c2c718e6aff3:0x32180cbab44d61b!8m2!3d39.1110306!4d9.5205264!16s%2Fg%2F11h23r0b5j?entry=ttu","trip_advisor":"https:\/\/www.tripadvisor.co.uk\/Attraction_Review-g194949-d4322420-Reviews-Porto_Giunco-Villasimius_Province_of_Cagliari_Sardinia.html","coordinates":{"latitude":"39.1334537","longitude":"9.4946304"},"charging_stations":[{"charging_station":"CCS 150kW, CHAdeMO 62kW, Type 2 22kW: Via Tramontana, 09010 Pula CA, Italy (4kms \/ 9-min)"}]},"aioseo_notices":[],"_links":{"self":[{"href":"https:\/\/nissantravelguide.com\/de\/wp-json\/wp\/v2\/pages\/5964"}],"collection":[{"href":"https:\/\/nissantravelguide.com\/de\/wp-json\/wp\/v2\/pages"}],"about":[{"href":"https:\/\/nissantravelguide.com\/de\/wp-json\/wp\/v2\/types\/page"}],"author":[{"embeddable":true,"href":"https:\/\/nissantravelguide.com\/de\/wp-json\/wp\/v2\/users\/1"}],"replies":[{"embeddable":true,"href":"https:\/\/nissantravelguide.com\/de\/wp-json\/wp\/v2\/comments?post=5964"}],"version-history":[{"count":0,"href":"https:\/\/nissantravelguide.com\/de\/wp-json\/wp\/v2\/pages\/5964\/revisions"}],"up":[{"embeddable":true,"href":"https:\/\/nissantravelguide.com\/de\/wp-json\/wp\/v2\/pages\/6007"}],"wp:featuredmedia":[{"embeddable":true,"href":"https:\/\/nissantravelguide.com\/de\/wp-json\/wp\/v2\/media\/5342"}],"wp:attachment":[{"href":"https:\/\/nissantravelguide.com\/de\/wp-json\/wp\/v2\/media?parent=5964"}],"curies":[{"name":"wp","href":"https:\/\/api.w.org\/{rel}","templated":true}]}}