{"id":5965,"date":"2023-07-27T07:11:06","date_gmt":"2023-07-27T07:11:06","guid":{"rendered":"https:\/\/nissantravelguide.com\/nora\/"},"modified":"2023-07-27T07:11:06","modified_gmt":"2023-07-27T07:11:06","slug":"nora","status":"publish","type":"page","link":"https:\/\/nissantravelguide.com\/de\/sardinien\/nora\/","title":{"rendered":"Nora"},"content":{"rendered":"<p class=\"p1\">An der S\u00fcdspitze der Insel liegt die historische Stadt Nora. Der seit der Antike bewohnte Ort geh\u00f6rt heute zum Arch\u00e4ologischen Park von Pula. Die \u00dcberreste der Stadt erz\u00e4hlen die lange Geschichte der verschiedenen Zivilisationen, von den Puniern \u00fcber die R\u00f6mer bis hin zu den Byzantinern. Besucher k\u00f6nnen die Ruinen des Tempels von Tanit, die Nekropolis, die Mauern der Verteidigungsanlagen und das Amphitheater besichtigen. In der N\u00e4he des Strandes und der sardischen Hauptstadt Cagliari strahlt Nora eine kraftvolle Spiritualit\u00e4t aus, und die G\u00e4ste k\u00f6nnen die antike Vergangenheit Sardiniens wahrhaftig w\u00fcrdigen.<\/p>\n","protected":false},"excerpt":{"rendered":"<p>An der S\u00fcdspitze der Insel liegt die historische Stadt Nora. Der seit der Antike bewohnte Ort geh\u00f6rt heute zum Arch\u00e4ologischen Park von Pula. Die \u00dcberreste der Stadt erz\u00e4hlen die lange Geschichte der verschiedenen Zivilisationen, von den Puniern \u00fcber die R\u00f6mer bis hin zu den Byzantinern. Besucher k\u00f6nnen die Ruinen des Tempels von Tanit, die Nekropolis, [&hellip;]<\/p>\n","protected":false},"author":1,"featured_media":5468,"parent":6007,"menu_order":0,"comment_status":"closed","ping_status":"closed","template":"tpl-location.php","meta":{"_acf_changed":false,"footnotes":""},"acf":{"address":"09010 Metropolitan City of Cagliari","location_type":"interest","map_link":"https:\/\/www.google.com\/maps\/place\/09010+Nora+Metropolitan+City+of+Cagliari,+Italy\/@38.9945797,9.0151797,16z\/data=!3m1!4b1!4m6!3m5!1s0x12e72875042049b9:0x195b226f7a323c4f!8m2!3d38.9934087!4d9.0135833!16s%2Fg%2F1pxq4kv99?entry=ttu","trip_advisor":"https:\/\/www.tripadvisor.it\/Attraction_Review-g194870-d247460-Reviews-Area_Archeologica_di_Nora-Pula_Province_of_Cagliari_Sardinia.html","coordinates":{"latitude":"38.9945797","longitude":"9.0151797"},"charging_stations":[{"charging_station":"CCS 150kW, CHAdeMO 62kW, Type 2 22kW: Via Tramontana, 09010 Pula CA, Italy (2.2km \/ 5-min)"}]},"aioseo_notices":[],"_links":{"self":[{"href":"https:\/\/nissantravelguide.com\/de\/wp-json\/wp\/v2\/pages\/5965"}],"collection":[{"href":"https:\/\/nissantravelguide.com\/de\/wp-json\/wp\/v2\/pages"}],"about":[{"href":"https:\/\/nissantravelguide.com\/de\/wp-json\/wp\/v2\/types\/page"}],"author":[{"embeddable":true,"href":"https:\/\/nissantravelguide.com\/de\/wp-json\/wp\/v2\/users\/1"}],"replies":[{"embeddable":true,"href":"https:\/\/nissantravelguide.com\/de\/wp-json\/wp\/v2\/comments?post=5965"}],"version-history":[{"count":0,"href":"https:\/\/nissantravelguide.com\/de\/wp-json\/wp\/v2\/pages\/5965\/revisions"}],"up":[{"embeddable":true,"href":"https:\/\/nissantravelguide.com\/de\/wp-json\/wp\/v2\/pages\/6007"}],"wp:featuredmedia":[{"embeddable":true,"href":"https:\/\/nissantravelguide.com\/de\/wp-json\/wp\/v2\/media\/5468"}],"wp:attachment":[{"href":"https:\/\/nissantravelguide.com\/de\/wp-json\/wp\/v2\/media?parent=5965"}],"curies":[{"name":"wp","href":"https:\/\/api.w.org\/{rel}","templated":true}]}}