{"id":5966,"date":"2023-07-27T07:11:22","date_gmt":"2023-07-27T07:11:22","guid":{"rendered":"https:\/\/nissantravelguide.com\/olbia-town-centre\/"},"modified":"2023-07-27T07:11:22","modified_gmt":"2023-07-27T07:11:22","slug":"olbia-town-centre","status":"publish","type":"page","link":"https:\/\/nissantravelguide.com\/de\/sardinien\/olbia-town-centre\/","title":{"rendered":"Olbia Town Centre"},"content":{"rendered":"<p class=\"p1\">Das Stadtzentrum von Olbia, einer der ber\u00fchmtesten St\u00e4dte Sardiniens, steckt voller pulsierender Energie. Die langen und engen Stra\u00dfen sind von malerischen Gesch\u00e4ften und Restaurants ges\u00e4umt. Viele der Gesch\u00e4fte beziehen ihre Produkte aus der Region, was der Stadt einen ganz eigenen Charme und Charakter verleiht. Dar\u00fcber hinaus finden Sie im Zentrum von Olbia eine Vielzahl von historischen und kulturellen Sehensw\u00fcrdigkeiten. Bedeutende Sehensw\u00fcrdigkeiten wie die Basilica di San Simplicio und das Arch\u00e4ologische Museum der Riviera sind auf jeden Fall einen Besuch wert. Au\u00dferdem liegt das Stadtzentrum von Olbia direkt am Wasser und bietet einen kilometerlangen Strand, der von Luxushotels ges\u00e4umt ist. Im Stadtzentrum von Olbia ist immer etwas los, so dass sich ein Besuch zu jeder Tages- und Nachtzeit lohnt.<span class=\"Apple-converted-space\">\u00a0<\/span><\/p>\n","protected":false},"excerpt":{"rendered":"<p>Das Stadtzentrum von Olbia, einer der ber\u00fchmtesten St\u00e4dte Sardiniens, steckt voller pulsierender Energie. Die langen und engen Stra\u00dfen sind von malerischen Gesch\u00e4ften und Restaurants ges\u00e4umt. Viele der Gesch\u00e4fte beziehen ihre Produkte aus der Region, was der Stadt einen ganz eigenen Charme und Charakter verleiht. Dar\u00fcber hinaus finden Sie im Zentrum von Olbia eine Vielzahl von [&hellip;]<\/p>\n","protected":false},"author":1,"featured_media":5484,"parent":6007,"menu_order":0,"comment_status":"closed","ping_status":"closed","template":"tpl-location.php","meta":{"_acf_changed":false,"footnotes":""},"acf":{"address":"07026 Province of Sassari Italy","location_type":"interest","map_link":"https:\/\/www.google.com\/maps\/place\/07026+Olbia,+Province+of+Sassari,+Italy\/@40.9278139,9.4928718,13z\/data=!3m1!4b1!4m6!3m5!1s0x12d94b04024bea79:0x7bfe3270a490c808!8m2!3d40.9235764!4d9.4964429!16zL20vMGMyZDI?entry=ttu","trip_advisor":"https:\/\/www.tripadvisor.it\/Tourism-g187883-Olbia_Province_of_Olbia_Tempio_Sardinia-Vacations.html","coordinates":{"latitude":"40.9278139","longitude":"9.4928718"},"charging_stations":[{"charging_station":"Type 2 15kW: Via Gabriele d'Annunzio, 3, 07026 Olbia SS, Italy (650mtrs \/ 2-min)"}]},"aioseo_notices":[],"_links":{"self":[{"href":"https:\/\/nissantravelguide.com\/de\/wp-json\/wp\/v2\/pages\/5966"}],"collection":[{"href":"https:\/\/nissantravelguide.com\/de\/wp-json\/wp\/v2\/pages"}],"about":[{"href":"https:\/\/nissantravelguide.com\/de\/wp-json\/wp\/v2\/types\/page"}],"author":[{"embeddable":true,"href":"https:\/\/nissantravelguide.com\/de\/wp-json\/wp\/v2\/users\/1"}],"replies":[{"embeddable":true,"href":"https:\/\/nissantravelguide.com\/de\/wp-json\/wp\/v2\/comments?post=5966"}],"version-history":[{"count":0,"href":"https:\/\/nissantravelguide.com\/de\/wp-json\/wp\/v2\/pages\/5966\/revisions"}],"up":[{"embeddable":true,"href":"https:\/\/nissantravelguide.com\/de\/wp-json\/wp\/v2\/pages\/6007"}],"wp:featuredmedia":[{"embeddable":true,"href":"https:\/\/nissantravelguide.com\/de\/wp-json\/wp\/v2\/media\/5484"}],"wp:attachment":[{"href":"https:\/\/nissantravelguide.com\/de\/wp-json\/wp\/v2\/media?parent=5966"}],"curies":[{"name":"wp","href":"https:\/\/api.w.org\/{rel}","templated":true}]}}