{"id":5967,"date":"2023-07-27T07:11:37","date_gmt":"2023-07-27T07:11:37","guid":{"rendered":"https:\/\/nissantravelguide.com\/alghero\/"},"modified":"2023-07-27T07:11:37","modified_gmt":"2023-07-27T07:11:37","slug":"alghero","status":"publish","type":"page","link":"https:\/\/nissantravelguide.com\/de\/sardinien\/alghero\/","title":{"rendered":"Alghero"},"content":{"rendered":"<p class=\"p1\">Alghero ist eine malerische Stadt am Meer an der Nordwestk\u00fcste Sardiniens. Die verwinkelten Kopfsteinpflasterstra\u00dfen, die traditionelle Architektur und die spektakul\u00e4re Aussicht auf das Mittelmeer machen es zu einem der romantischsten Orte der Insel. Die Stadt ist bekannt f\u00fcr ihr klares Wasser und ihre atemberaubenden Sonnenunterg\u00e4nge. Die Einwohner erfreuen sich an einem regen Kulturprogramm und in den Sommermonaten boomt der Hafen mit seinen Fischerbooten, die mit dem Fang des Tages zur\u00fcckkehren. F\u00fcr Besucher gibt es viel zu sehen und zu tun wie beispielsweise das Erkunden der engen Gassen, Spazierg\u00e4nge entlang der K\u00fcste und die Teilnahme an lokalen Festivals. Mit seiner reichen Geschichte, seinen lebhaften Restaurants, seinem quirligen Nachtleben und seiner nat\u00fcrlichen Sch\u00f6nheit darf man sich Alghero nicht entgehen lassen!<\/p>\n","protected":false},"excerpt":{"rendered":"<p>Alghero ist eine malerische Stadt am Meer an der Nordwestk\u00fcste Sardiniens. Die verwinkelten Kopfsteinpflasterstra\u00dfen, die traditionelle Architektur und die spektakul\u00e4re Aussicht auf das Mittelmeer machen es zu einem der romantischsten Orte der Insel. Die Stadt ist bekannt f\u00fcr ihr klares Wasser und ihre atemberaubenden Sonnenunterg\u00e4nge. Die Einwohner erfreuen sich an einem regen Kulturprogramm und in [&hellip;]<\/p>\n","protected":false},"author":1,"featured_media":5500,"parent":6007,"menu_order":0,"comment_status":"closed","ping_status":"closed","template":"tpl-location.php","meta":{"_acf_changed":false,"footnotes":""},"acf":{"address":"07041 Province of Sassari","location_type":"interest","map_link":"https:\/\/www.google.com\/maps\/place\/07041+Alghero,+Province+of+Sassari,+Italy\/@40.5659754,8.3219199,14z\/data=!3m1!4b1!4m6!3m5!1s0x12dcf1ef75c50c05:0x2b9298429f4a8b50!8m2!3d40.5579517!4d8.3192949!16zL20vMGNjbjU?entry=ttu","trip_advisor":"https:\/\/www.tripadvisor.it\/Tourism-g187880-Alghero_Province_of_Sassari_Sardinia-Vacations.html","coordinates":{"latitude":"40.5659754","longitude":"8.3219199"},"charging_stations":[{"charging_station":"Type 2 22kW: Via Giovanni Maria Calaresu, 1, 07041 Alghero SS, Italy (2kms \/ 6-min)"}]},"aioseo_notices":[],"_links":{"self":[{"href":"https:\/\/nissantravelguide.com\/de\/wp-json\/wp\/v2\/pages\/5967"}],"collection":[{"href":"https:\/\/nissantravelguide.com\/de\/wp-json\/wp\/v2\/pages"}],"about":[{"href":"https:\/\/nissantravelguide.com\/de\/wp-json\/wp\/v2\/types\/page"}],"author":[{"embeddable":true,"href":"https:\/\/nissantravelguide.com\/de\/wp-json\/wp\/v2\/users\/1"}],"replies":[{"embeddable":true,"href":"https:\/\/nissantravelguide.com\/de\/wp-json\/wp\/v2\/comments?post=5967"}],"version-history":[{"count":0,"href":"https:\/\/nissantravelguide.com\/de\/wp-json\/wp\/v2\/pages\/5967\/revisions"}],"up":[{"embeddable":true,"href":"https:\/\/nissantravelguide.com\/de\/wp-json\/wp\/v2\/pages\/6007"}],"wp:featuredmedia":[{"embeddable":true,"href":"https:\/\/nissantravelguide.com\/de\/wp-json\/wp\/v2\/media\/5500"}],"wp:attachment":[{"href":"https:\/\/nissantravelguide.com\/de\/wp-json\/wp\/v2\/media?parent=5967"}],"curies":[{"name":"wp","href":"https:\/\/api.w.org\/{rel}","templated":true}]}}