{"id":5968,"date":"2023-07-27T07:11:54","date_gmt":"2023-07-27T07:11:54","guid":{"rendered":"https:\/\/nissantravelguide.com\/la-maddalena-island\/"},"modified":"2023-07-27T07:11:54","modified_gmt":"2023-07-27T07:11:54","slug":"la-maddalena-island","status":"publish","type":"page","link":"https:\/\/nissantravelguide.com\/de\/sardinien\/la-maddalena-island\/","title":{"rendered":"La Maddalena Island"},"content":{"rendered":"<p class=\"p1\">Die Insel La Maddalena ist Teil eines Archipels von sieben malerischen Inseln vor der K\u00fcste Sardiniens. Der Archipel La Maddalena befindet sich im Nordwesten des Mittelmeers und besteht aus verschiedenen Inseln unterschiedlicher Gr\u00f6\u00dfe. Mit ihrem kristallklaren, azurblauen Wasser sind diese paradiesischen Inseln ein Muss f\u00fcr jeden, der dem hektischen Alltag entfliehen m\u00f6chte. Heute sind die Inseln ein anerkannter italienischer Nationalpark und bieten dem Besucher eine vielf\u00e4ltige und einzigartige Landschaft. Dank der hervorragenden Verkehrsanbindung an das sardische Festland ist der Archipel ein ideales Urlaubsziel, an dem Sie sich entspannen und die herrliche Natur Italiens genie\u00dfen k\u00f6nnen.<\/p>\n","protected":false},"excerpt":{"rendered":"<p>Die Insel La Maddalena ist Teil eines Archipels von sieben malerischen Inseln vor der K\u00fcste Sardiniens. Der Archipel La Maddalena befindet sich im Nordwesten des Mittelmeers und besteht aus verschiedenen Inseln unterschiedlicher Gr\u00f6\u00dfe. Mit ihrem kristallklaren, azurblauen Wasser sind diese paradiesischen Inseln ein Muss f\u00fcr jeden, der dem hektischen Alltag entfliehen m\u00f6chte. Heute sind die [&hellip;]<\/p>\n","protected":false},"author":1,"featured_media":5908,"parent":6007,"menu_order":0,"comment_status":"closed","ping_status":"closed","template":"tpl-location.php","meta":{"_acf_changed":false,"footnotes":""},"acf":{"address":"Province of Sassari","location_type":"interest","map_link":"https:\/\/www.google.com\/maps\/place\/La+Maddalena,+Province+of+Sassari,+Italy\/@41.2197205,9.4099797,14z\/data=!3m1!4b1!4m6!3m5!1s0x12d969d4550eca09:0xfe585f0882dca71c!8m2!3d41.2165538!4d9.4047122!16s%2Fg%2F11bwc571lh?entry=ttu","trip_advisor":"https:\/\/www.tripadvisor.it\/Tourism-g612430-La_Maddalena_Maddalena_Islands_Province_of_Sassari_Sardinia-Vacations.html","coordinates":{"latitude":"41.2197205","longitude":"9.4099797"},"charging_stations":[{"charging_station":"Type 2 22kW, Type 2 11kW: Localit\u00e0 Nido d'Aquila, 07024, La Maddalena SS, Italy (3.6kms \/ 8-min)"}]},"aioseo_notices":[],"_links":{"self":[{"href":"https:\/\/nissantravelguide.com\/de\/wp-json\/wp\/v2\/pages\/5968"}],"collection":[{"href":"https:\/\/nissantravelguide.com\/de\/wp-json\/wp\/v2\/pages"}],"about":[{"href":"https:\/\/nissantravelguide.com\/de\/wp-json\/wp\/v2\/types\/page"}],"author":[{"embeddable":true,"href":"https:\/\/nissantravelguide.com\/de\/wp-json\/wp\/v2\/users\/1"}],"replies":[{"embeddable":true,"href":"https:\/\/nissantravelguide.com\/de\/wp-json\/wp\/v2\/comments?post=5968"}],"version-history":[{"count":0,"href":"https:\/\/nissantravelguide.com\/de\/wp-json\/wp\/v2\/pages\/5968\/revisions"}],"up":[{"embeddable":true,"href":"https:\/\/nissantravelguide.com\/de\/wp-json\/wp\/v2\/pages\/6007"}],"wp:featuredmedia":[{"embeddable":true,"href":"https:\/\/nissantravelguide.com\/de\/wp-json\/wp\/v2\/media\/5908"}],"wp:attachment":[{"href":"https:\/\/nissantravelguide.com\/de\/wp-json\/wp\/v2\/media?parent=5968"}],"curies":[{"name":"wp","href":"https:\/\/api.w.org\/{rel}","templated":true}]}}