{"id":5969,"date":"2023-07-27T07:12:11","date_gmt":"2023-07-27T07:12:11","guid":{"rendered":"https:\/\/nissantravelguide.com\/cagliari-town-centre\/"},"modified":"2023-07-27T07:12:11","modified_gmt":"2023-07-27T07:12:11","slug":"cagliari-town-centre","status":"publish","type":"page","link":"https:\/\/nissantravelguide.com\/de\/sardinien\/cagliari-town-centre\/","title":{"rendered":"Cagliari Town Centre"},"content":{"rendered":"<p class=\"p1\">Das Stadtzentrum von Cagliari ist das historische und kulturelle Herz Sardiniens. Die lebhafte Stadt an der S\u00fcdk\u00fcste bietet eine Mischung aus gesch\u00e4ftigen Stra\u00dfen, Charme der alten Welt und modernen Geb\u00e4uden. Von den alten Stadtmauern des Burgviertels bis hin zur eleganten, von B\u00e4umen ges\u00e4umten Piazza Yenne \u2013 die Sehensw\u00fcrdigkeiten des Stadtzentrums werden jeden Besucher begeistern. Die Altstadt bietet verwinkelte Kopfsteinpflasterstra\u00dfen und denkmalgesch\u00fctzte Geb\u00e4ude, w\u00e4hrend das moderne Gesch\u00e4ftszentrum eine zeitgen\u00f6ssische Atmosph\u00e4re vermittelt. Es gibt zahlreiche Einkaufsm\u00f6glichkeiten und Restaurants mit Boutiquen und Terrassen im Freien sowie trendige Bars in der N\u00e4he der Uferpromenade. Cagliari bietet nicht nur einen tollen Blick auf das Mittelmeer, sondern auch eine F\u00fclle von historischen St\u00e4tten, Museen, Galerien und Parks, die alle nur ein paar Schritte vom Stadtzentrum entfernt sind.<span class=\"Apple-converted-space\">\u00a0<\/span><\/p>\n","protected":false},"excerpt":{"rendered":"<p>Das Stadtzentrum von Cagliari ist das historische und kulturelle Herz Sardiniens. Die lebhafte Stadt an der S\u00fcdk\u00fcste bietet eine Mischung aus gesch\u00e4ftigen Stra\u00dfen, Charme der alten Welt und modernen Geb\u00e4uden. Von den alten Stadtmauern des Burgviertels bis hin zur eleganten, von B\u00e4umen ges\u00e4umten Piazza Yenne \u2013 die Sehensw\u00fcrdigkeiten des Stadtzentrums werden jeden Besucher begeistern. Die [&hellip;]<\/p>\n","protected":false},"author":1,"featured_media":5554,"parent":6007,"menu_order":0,"comment_status":"closed","ping_status":"closed","template":"tpl-location.php","meta":{"_acf_changed":false,"footnotes":""},"acf":{"address":"Metropolitan City of Cagliari","location_type":"interest","map_link":"https:\/\/www.google.com\/maps\/place\/Cagliari,+Metropolitan+City+of+Cagliari,+Italy\/@39.2254044,9.128378,13z\/data=!3m1!4b1!4m6!3m5!1s0x12e73415b68e1ca3:0x201e1506cf816eb1!8m2!3d39.2238411!4d9.1216613!16zL20vMGM3bF8?entry=ttu","trip_advisor":"https:\/\/www.tripadvisor.it\/Tourism-g187881-Cagliari_Province_of_Cagliari_Sardinia-Vacations.html","coordinates":{"latitude":"39.2254044","longitude":"9.128378"},"charging_stations":[{"charging_station":"Type 2 22kW: Via Sant'Alenixedda, 117, 09128 Cagliari CA, Italy (350 mtrs \/ 1-min)"}]},"aioseo_notices":[],"_links":{"self":[{"href":"https:\/\/nissantravelguide.com\/de\/wp-json\/wp\/v2\/pages\/5969"}],"collection":[{"href":"https:\/\/nissantravelguide.com\/de\/wp-json\/wp\/v2\/pages"}],"about":[{"href":"https:\/\/nissantravelguide.com\/de\/wp-json\/wp\/v2\/types\/page"}],"author":[{"embeddable":true,"href":"https:\/\/nissantravelguide.com\/de\/wp-json\/wp\/v2\/users\/1"}],"replies":[{"embeddable":true,"href":"https:\/\/nissantravelguide.com\/de\/wp-json\/wp\/v2\/comments?post=5969"}],"version-history":[{"count":0,"href":"https:\/\/nissantravelguide.com\/de\/wp-json\/wp\/v2\/pages\/5969\/revisions"}],"up":[{"embeddable":true,"href":"https:\/\/nissantravelguide.com\/de\/wp-json\/wp\/v2\/pages\/6007"}],"wp:featuredmedia":[{"embeddable":true,"href":"https:\/\/nissantravelguide.com\/de\/wp-json\/wp\/v2\/media\/5554"}],"wp:attachment":[{"href":"https:\/\/nissantravelguide.com\/de\/wp-json\/wp\/v2\/media?parent=5969"}],"curies":[{"name":"wp","href":"https:\/\/api.w.org\/{rel}","templated":true}]}}