{"id":5970,"date":"2023-07-27T07:12:25","date_gmt":"2023-07-27T07:12:25","guid":{"rendered":"https:\/\/nissantravelguide.com\/arzachena\/"},"modified":"2023-07-27T07:12:25","modified_gmt":"2023-07-27T07:12:25","slug":"arzachena","status":"publish","type":"page","link":"https:\/\/nissantravelguide.com\/de\/sardinien\/arzachena\/","title":{"rendered":"Arzachena"},"content":{"rendered":"<p class=\"p1\">Arzachena ist ein idealer Ausgangspunkt, um die schillernde Costa Smeralda zu erkunden. Es hat ein charmantes historisches Zentrum mit engen Gassen, traditionellen Geb\u00e4uden und einer angenehmen, einladenden Atmosph\u00e4re f\u00fcr G\u00e4ste. Es gibt Gesch\u00e4fte, Caf\u00e9s und Restaurants, in denen Besucher in die Kultur dieser sch\u00f6nen Stadt eintauchen k\u00f6nnen. Die Geschichte der Stadt kann auch Touristen in seinen Bann ziehen, die nur auf der Durchreise sind. Arzachena beherbergt antike arch\u00e4ologische St\u00e4tten wie die Nuraghe Albucciu, die Nuraghe La Prisgiona und die Tomba dei Giganti Coddu Vecchiu, die faszinierende Einblicke in die abwechslungsreiche Vergangenheit der Insel bieten. Sie sollten auch unbedingt die <i>\u201eTreppen der Heiligen Lucia\u201c<\/i> besuchen, die zur historischen Kirche der Santa Lucia hinauff\u00fchren. Diese farbenfrohe Treppe hebt sich deutlich von der Architektur der \u00fcbrigen Stadt und der gesamten Insel ab. Auch wenn Sie nicht lange bleiben, sollen Sie sich dieses tolle Fotomotiv nicht entgehen lassen!<\/p>\n","protected":false},"excerpt":{"rendered":"<p>Arzachena ist ein idealer Ausgangspunkt, um die schillernde Costa Smeralda zu erkunden. Es hat ein charmantes historisches Zentrum mit engen Gassen, traditionellen Geb\u00e4uden und einer angenehmen, einladenden Atmosph\u00e4re f\u00fcr G\u00e4ste. Es gibt Gesch\u00e4fte, Caf\u00e9s und Restaurants, in denen Besucher in die Kultur dieser sch\u00f6nen Stadt eintauchen k\u00f6nnen. Die Geschichte der Stadt kann auch Touristen in [&hellip;]<\/p>\n","protected":false},"author":1,"featured_media":5516,"parent":6007,"menu_order":0,"comment_status":"closed","ping_status":"closed","template":"tpl-location.php","meta":{"_acf_changed":false,"footnotes":""},"acf":{"address":"07021 Province of Sassari","location_type":"interest","map_link":"https:\/\/www.google.com\/maps\/place\/07021+Arzachena,+Province+of+Sassari,+Italy\/@41.0694761,9.3440858,13z\/data=!4m6!3m5!1s0x12d9456aeb57e76d:0x9b5e1d686798fcc9!8m2!3d41.0780118!4d9.3901541!16zL20vMGN4bGhm?entry=ttu","trip_advisor":"https:\/\/www.tripadvisor.co.uk\/Tourism-g194675-Arzachena_Province_of_Olbia_Tempio_Sardinia-Vacations.html","coordinates":{"latitude":"41.0694761","longitude":"9.3440858"},"charging_stations":[{"charging_station":"Type 2 20.4kW: Via Lu Saraghinu, 3, 07026 San Pantaleo SS, Italy (10.3kms \/ 13-min)"}]},"aioseo_notices":[],"_links":{"self":[{"href":"https:\/\/nissantravelguide.com\/de\/wp-json\/wp\/v2\/pages\/5970"}],"collection":[{"href":"https:\/\/nissantravelguide.com\/de\/wp-json\/wp\/v2\/pages"}],"about":[{"href":"https:\/\/nissantravelguide.com\/de\/wp-json\/wp\/v2\/types\/page"}],"author":[{"embeddable":true,"href":"https:\/\/nissantravelguide.com\/de\/wp-json\/wp\/v2\/users\/1"}],"replies":[{"embeddable":true,"href":"https:\/\/nissantravelguide.com\/de\/wp-json\/wp\/v2\/comments?post=5970"}],"version-history":[{"count":0,"href":"https:\/\/nissantravelguide.com\/de\/wp-json\/wp\/v2\/pages\/5970\/revisions"}],"up":[{"embeddable":true,"href":"https:\/\/nissantravelguide.com\/de\/wp-json\/wp\/v2\/pages\/6007"}],"wp:featuredmedia":[{"embeddable":true,"href":"https:\/\/nissantravelguide.com\/de\/wp-json\/wp\/v2\/media\/5516"}],"wp:attachment":[{"href":"https:\/\/nissantravelguide.com\/de\/wp-json\/wp\/v2\/media?parent=5970"}],"curies":[{"name":"wp","href":"https:\/\/api.w.org\/{rel}","templated":true}]}}