{"id":5971,"date":"2023-07-27T07:12:43","date_gmt":"2023-07-27T07:12:43","guid":{"rendered":"https:\/\/nissantravelguide.com\/castelsardo\/"},"modified":"2023-07-27T07:12:43","modified_gmt":"2023-07-27T07:12:43","slug":"castelsardo","status":"publish","type":"page","link":"https:\/\/nissantravelguide.com\/de\/sardinien\/castelsardo\/","title":{"rendered":"Castelsardo"},"content":{"rendered":"<p class=\"p1\">Castelsardo liegt an der Nordwestk\u00fcste Sardiniens und ist bekannt f\u00fcr seine mittelalterliche Architektur, seine traumhaften Str\u00e4nde und sein reiches Kulturerbe. Die Hauptattraktion ist wohl die Burg von Castelsardo, die seit fast 1.000 Jahren die Silhouette der Stadt dominiert! Sommerfeste wie die Festa di San Antonio sind ebenfalls eine gro\u00dfartige M\u00f6glichkeit f\u00fcr Besucher, die Kultur der Stadt kennenzulernen. Die farbenfrohen Umz\u00fcge und Feierlichkeiten machen Lust auf eine R\u00fcckkehr an diesen charmanten Ort!<\/p>\n","protected":false},"excerpt":{"rendered":"<p>Castelsardo liegt an der Nordwestk\u00fcste Sardiniens und ist bekannt f\u00fcr seine mittelalterliche Architektur, seine traumhaften Str\u00e4nde und sein reiches Kulturerbe. Die Hauptattraktion ist wohl die Burg von Castelsardo, die seit fast 1.000 Jahren die Silhouette der Stadt dominiert! Sommerfeste wie die Festa di San Antonio sind ebenfalls eine gro\u00dfartige M\u00f6glichkeit f\u00fcr Besucher, die Kultur der [&hellip;]<\/p>\n","protected":false},"author":1,"featured_media":5522,"parent":6007,"menu_order":0,"comment_status":"closed","ping_status":"closed","template":"tpl-location.php","meta":{"_acf_changed":false,"footnotes":""},"acf":{"address":"07031 Province of Sassari","location_type":"interest","map_link":"https:\/\/www.google.com\/maps\/place\/07031+Castelsardo,+Province+of+Sassari,+Italy\/@40.9130217,8.7146503,15z\/data=!3m1!4b1!4m6!3m5!1s0x12dc76578d96bc05:0xcea0cdfd7249a71c!8m2!3d40.913692!4d8.708592!16zL20vMGdjNTFi?entry=ttu","trip_advisor":"https:\/\/www.tripadvisor.it\/Tourism-g608909-Castelsardo_Province_of_Sassari_Sardinia-Vacations.html","coordinates":{"latitude":"40.9130217","longitude":"8.7146503"},"charging_stations":[{"charging_station":"Type 2 15kW: Via Cristoforo Colombo, 10, 07031 Castelsardo SS, Italy (850mtrs \/ 3-min)"}]},"aioseo_notices":[],"_links":{"self":[{"href":"https:\/\/nissantravelguide.com\/de\/wp-json\/wp\/v2\/pages\/5971"}],"collection":[{"href":"https:\/\/nissantravelguide.com\/de\/wp-json\/wp\/v2\/pages"}],"about":[{"href":"https:\/\/nissantravelguide.com\/de\/wp-json\/wp\/v2\/types\/page"}],"author":[{"embeddable":true,"href":"https:\/\/nissantravelguide.com\/de\/wp-json\/wp\/v2\/users\/1"}],"replies":[{"embeddable":true,"href":"https:\/\/nissantravelguide.com\/de\/wp-json\/wp\/v2\/comments?post=5971"}],"version-history":[{"count":0,"href":"https:\/\/nissantravelguide.com\/de\/wp-json\/wp\/v2\/pages\/5971\/revisions"}],"up":[{"embeddable":true,"href":"https:\/\/nissantravelguide.com\/de\/wp-json\/wp\/v2\/pages\/6007"}],"wp:featuredmedia":[{"embeddable":true,"href":"https:\/\/nissantravelguide.com\/de\/wp-json\/wp\/v2\/media\/5522"}],"wp:attachment":[{"href":"https:\/\/nissantravelguide.com\/de\/wp-json\/wp\/v2\/media?parent=5971"}],"curies":[{"name":"wp","href":"https:\/\/api.w.org\/{rel}","templated":true}]}}