{"id":5973,"date":"2023-07-27T07:13:12","date_gmt":"2023-07-27T07:13:12","guid":{"rendered":"https:\/\/nissantravelguide.com\/turismo-rurale-filieri\/"},"modified":"2023-07-27T07:13:12","modified_gmt":"2023-07-27T07:13:12","slug":"turismo-rurale-filieri","status":"publish","type":"page","link":"https:\/\/nissantravelguide.com\/de\/sardinien\/turismo-rurale-filieri\/","title":{"rendered":"Turismo Rurale Filieri"},"content":{"rendered":"<p class=\"p1\">15 Minuten von den Str\u00e4nden entfernt, aber auch in der N\u00e4he der Berge im mittleren Osten Sardiniens, gibt es f\u00fcr unerschrockene Entdecker kaum ein besser gelegenes Restaurant! Es ist in einem traditionellen Bauernhaus untergebracht und r\u00fchmt sich damit, dass \u00fcber 90\u00a0% seiner Produkte von lokalen Bauernh\u00f6fen und Kulturen bezogen werden. Mehr noch, diese Authentizit\u00e4t der Produkte und die rustikale Einrichtung sorgen daf\u00fcr, dass sich die Besucher in die Zeit der Generationen von Sarden der Vergangenheit zur\u00fcckversetzt f\u00fchlen, die die einfachen Freuden des guten Lebens auf der Insel genossen haben, mit Speisen und Getr\u00e4nken, die aus nachhaltiger Produktion gleich um die Ecke bezogen wurden!<\/p>\n","protected":false},"excerpt":{"rendered":"<p>15 Minuten von den Str\u00e4nden entfernt, aber auch in der N\u00e4he der Berge im mittleren Osten Sardiniens, gibt es f\u00fcr unerschrockene Entdecker kaum ein besser gelegenes Restaurant! Es ist in einem traditionellen Bauernhaus untergebracht und r\u00fchmt sich damit, dass \u00fcber 90\u00a0% seiner Produkte von lokalen Bauernh\u00f6fen und Kulturen bezogen werden. Mehr noch, diese Authentizit\u00e4t der [&hellip;]<\/p>\n","protected":false},"author":1,"featured_media":5673,"parent":6007,"menu_order":0,"comment_status":"closed","ping_status":"closed","template":"tpl-location.php","meta":{"_acf_changed":false,"footnotes":""},"acf":{"address":"Loc. Filieri, 08022 Dorgali NU, Italy","location_type":"restaurant","map_link":"https:\/\/www.google.com\/maps\/place\/Turismo+Rurale+-+Ristorante+-+Filieri\/@40.2744107,9.5694817,17z\/data=!3m1!4b1!4m9!3m8!1s0x12def51f3cbb8595:0xa0d98a150f6460eb!5m2!4m1!1i2!8m2!3d40.2744107!4d9.5694817!16s%2Fg%2F1pyqf21ch?entry=ttu","trip_advisor":"https:\/\/www.tripadvisor.it\/Restaurant_Review-g642180-d6419449-Reviews-Turismo_Rurale_Filieri-Dorgali_Province_of_Nuoro_Sardinia.html","coordinates":{"latitude":"40.2744107","longitude":"9.5694817"},"charging_stations":[{"charging_station":"Type 2 22kW: Via Vittorio Emanuele, 93, 08022 Dorgali NU, Italy (6.6Kms \/ 13-min)"}]},"aioseo_notices":[],"_links":{"self":[{"href":"https:\/\/nissantravelguide.com\/de\/wp-json\/wp\/v2\/pages\/5973"}],"collection":[{"href":"https:\/\/nissantravelguide.com\/de\/wp-json\/wp\/v2\/pages"}],"about":[{"href":"https:\/\/nissantravelguide.com\/de\/wp-json\/wp\/v2\/types\/page"}],"author":[{"embeddable":true,"href":"https:\/\/nissantravelguide.com\/de\/wp-json\/wp\/v2\/users\/1"}],"replies":[{"embeddable":true,"href":"https:\/\/nissantravelguide.com\/de\/wp-json\/wp\/v2\/comments?post=5973"}],"version-history":[{"count":0,"href":"https:\/\/nissantravelguide.com\/de\/wp-json\/wp\/v2\/pages\/5973\/revisions"}],"up":[{"embeddable":true,"href":"https:\/\/nissantravelguide.com\/de\/wp-json\/wp\/v2\/pages\/6007"}],"wp:featuredmedia":[{"embeddable":true,"href":"https:\/\/nissantravelguide.com\/de\/wp-json\/wp\/v2\/media\/5673"}],"wp:attachment":[{"href":"https:\/\/nissantravelguide.com\/de\/wp-json\/wp\/v2\/media?parent=5973"}],"curies":[{"name":"wp","href":"https:\/\/api.w.org\/{rel}","templated":true}]}}