{"id":5974,"date":"2023-07-27T07:13:30","date_gmt":"2023-07-27T07:13:30","guid":{"rendered":"https:\/\/nissantravelguide.com\/cascioni-eco-retreat\/"},"modified":"2023-07-27T07:13:30","modified_gmt":"2023-07-27T07:13:30","slug":"cascioni-eco-retreat","status":"publish","type":"page","link":"https:\/\/nissantravelguide.com\/de\/sardinien\/cascioni-eco-retreat\/","title":{"rendered":"Cascioni Eco Retreat"},"content":{"rendered":"<p class=\"p1\">Dieses \u00d6ko-Resort lockt seine Besucher mit einem lebendigen Mosaik sardischer Kultur und l\u00e4dt sie ein, die Str\u00e4nde, die malerischen Felsenwanderungen und die bl\u00fchenden Olivenhaine zu erkunden. Eingebettet in einen privaten Naturpark bietet Cascioni Ruhe und Gelassenheit und beweist gleichzeitig tiefen Respekt f\u00fcr seine Umgebung. Seine vorteilhafte Lage in der bezaubernden Region Gallura er\u00f6ffnet eine Welt der vielf\u00e4ltigen Erlebnisse: Im Osten liegt das pulsierende Porto Cervo, im S\u00fcden wartet das charmante Dorf San Pantaleo und im Norden erstreckt sich der hinrei\u00dfende Golf von Arzachena. Von Ruhe bis hin zu aufregenden Abenteuern \u2013 Cascioni verleiht Ihrem Aufenthalt immer Spa\u00df und Spannung.<\/p>\n","protected":false},"excerpt":{"rendered":"<p>Dieses \u00d6ko-Resort lockt seine Besucher mit einem lebendigen Mosaik sardischer Kultur und l\u00e4dt sie ein, die Str\u00e4nde, die malerischen Felsenwanderungen und die bl\u00fchenden Olivenhaine zu erkunden. Eingebettet in einen privaten Naturpark bietet Cascioni Ruhe und Gelassenheit und beweist gleichzeitig tiefen Respekt f\u00fcr seine Umgebung. Seine vorteilhafte Lage in der bezaubernden Region Gallura er\u00f6ffnet eine Welt [&hellip;]<\/p>\n","protected":false},"author":1,"featured_media":5934,"parent":6007,"menu_order":0,"comment_status":"closed","ping_status":"closed","template":"tpl-location.php","meta":{"_acf_changed":false,"footnotes":""},"acf":{"address":"SP 59 bis, 07021 Arzachena SS, Italy","location_type":"restaurant","map_link":"https:\/\/www.google.com\/maps\/place\/Cascioni+Eco+Retreat\/@41.074189,9.4484868,17z\/data=!3m1!4b1!4m9!3m8!1s0x12d9456aacf634bf:0xd549b583c163bcf4!5m2!4m1!1i2!8m2!3d41.074189!4d9.4484868!16s%2Fg%2F11hf62h1lf?entry=ttu","trip_advisor":"https:\/\/www.tripadvisor.co.uk\/Hotel_Review-g194675-d20373919-Reviews-Cascioni_Eco_Retreat-Arzachena_Province_of_Olbia_Tempio_Sardinia.html","coordinates":{"latitude":"41.074189","longitude":"9.4484868"},"charging_stations":[{"charging_station":"Via Lu Saraghinu, 3, 07026 San Pantaleo SS, Italy: Type 2 20.4kW (5.4Kms \/ 8-min)"}]},"aioseo_notices":[],"_links":{"self":[{"href":"https:\/\/nissantravelguide.com\/de\/wp-json\/wp\/v2\/pages\/5974"}],"collection":[{"href":"https:\/\/nissantravelguide.com\/de\/wp-json\/wp\/v2\/pages"}],"about":[{"href":"https:\/\/nissantravelguide.com\/de\/wp-json\/wp\/v2\/types\/page"}],"author":[{"embeddable":true,"href":"https:\/\/nissantravelguide.com\/de\/wp-json\/wp\/v2\/users\/1"}],"replies":[{"embeddable":true,"href":"https:\/\/nissantravelguide.com\/de\/wp-json\/wp\/v2\/comments?post=5974"}],"version-history":[{"count":0,"href":"https:\/\/nissantravelguide.com\/de\/wp-json\/wp\/v2\/pages\/5974\/revisions"}],"up":[{"embeddable":true,"href":"https:\/\/nissantravelguide.com\/de\/wp-json\/wp\/v2\/pages\/6007"}],"wp:featuredmedia":[{"embeddable":true,"href":"https:\/\/nissantravelguide.com\/de\/wp-json\/wp\/v2\/media\/5934"}],"wp:attachment":[{"href":"https:\/\/nissantravelguide.com\/de\/wp-json\/wp\/v2\/media?parent=5974"}],"curies":[{"name":"wp","href":"https:\/\/api.w.org\/{rel}","templated":true}]}}