{"id":5975,"date":"2023-07-27T07:13:49","date_gmt":"2023-07-27T07:13:49","guid":{"rendered":"https:\/\/nissantravelguide.com\/pizzeria-grains-quartu\/"},"modified":"2023-07-27T07:13:49","modified_gmt":"2023-07-27T07:13:49","slug":"pizzeria-grains-quartu","status":"publish","type":"page","link":"https:\/\/nissantravelguide.com\/de\/sardinien\/pizzeria-grains-quartu\/","title":{"rendered":"Pizzeria Grains Quartu"},"content":{"rendered":"<p class=\"p1\">Sie k\u00f6nnen nicht sagen, dass Sie wirklich eine Pizza gegessen haben, bevor Sie eine in Italien gegessen haben \u2013 und das ist auf Sardinien nicht anders! Diese Spezialit\u00e4ten-Pizzeria gibt dem klassischen Essen der Insel eine ganz eigene Note \u2013 ausschlie\u00dflich mit sardischen Zutaten. Aber dieser Ort ist sicherlich nicht nur f\u00fcr seine Pizzen aus der Region bekannt, denn es gibt auch eine F\u00fclle von Bier und Weinen von lokalen Anbietern, die Sie \u2013 nat\u00fcrlich in Ma\u00dfen \u2013 genie\u00dfen k\u00f6nnen.<\/p>\n","protected":false},"excerpt":{"rendered":"<p>Sie k\u00f6nnen nicht sagen, dass Sie wirklich eine Pizza gegessen haben, bevor Sie eine in Italien gegessen haben \u2013 und das ist auf Sardinien nicht anders! Diese Spezialit\u00e4ten-Pizzeria gibt dem klassischen Essen der Insel eine ganz eigene Note \u2013 ausschlie\u00dflich mit sardischen Zutaten. Aber dieser Ort ist sicherlich nicht nur f\u00fcr seine Pizzen aus der [&hellip;]<\/p>\n","protected":false},"author":1,"featured_media":5662,"parent":6007,"menu_order":0,"comment_status":"closed","ping_status":"closed","template":"tpl-location.php","meta":{"_acf_changed":false,"footnotes":""},"acf":{"address":"Viale C. Colombo, 41, 09045 Quartu Sant'Elena CA, Italy","location_type":"restaurant","map_link":"https:\/\/www.google.com\/maps\/place\/Pizzeria+Grains+Quartu\/@39.2403902,9.1785231,17z\/data=!3m1!4b1!4m6!3m5!1s0x12e7351d5c958949:0x98ec1600c5770271!8m2!3d39.2403902!4d9.1785231!16s%2Fg%2F11mwktl9pg?entry=ttu","trip_advisor":"https:\/\/www.tripadvisor.it\/Restaurant_Review-g227889-d23476621-Reviews-Pizzeria_Grains_Quartu-Quartu_Sant_Elena_Province_of_Cagliari_Sardinia.html","coordinates":{"latitude":"39.2403902","longitude":"9.1785231"},"charging_stations":[{"charging_station":"Type 2 22kW: Viale C. Colombo, 72, 09045 Cuartu Sant'Aleni CA, Italy (6Mtrs \/ 1-min)"}]},"aioseo_notices":[],"_links":{"self":[{"href":"https:\/\/nissantravelguide.com\/de\/wp-json\/wp\/v2\/pages\/5975"}],"collection":[{"href":"https:\/\/nissantravelguide.com\/de\/wp-json\/wp\/v2\/pages"}],"about":[{"href":"https:\/\/nissantravelguide.com\/de\/wp-json\/wp\/v2\/types\/page"}],"author":[{"embeddable":true,"href":"https:\/\/nissantravelguide.com\/de\/wp-json\/wp\/v2\/users\/1"}],"replies":[{"embeddable":true,"href":"https:\/\/nissantravelguide.com\/de\/wp-json\/wp\/v2\/comments?post=5975"}],"version-history":[{"count":0,"href":"https:\/\/nissantravelguide.com\/de\/wp-json\/wp\/v2\/pages\/5975\/revisions"}],"up":[{"embeddable":true,"href":"https:\/\/nissantravelguide.com\/de\/wp-json\/wp\/v2\/pages\/6007"}],"wp:featuredmedia":[{"embeddable":true,"href":"https:\/\/nissantravelguide.com\/de\/wp-json\/wp\/v2\/media\/5662"}],"wp:attachment":[{"href":"https:\/\/nissantravelguide.com\/de\/wp-json\/wp\/v2\/media?parent=5975"}],"curies":[{"name":"wp","href":"https:\/\/api.w.org\/{rel}","templated":true}]}}