{"id":5976,"date":"2023-07-27T07:14:02","date_gmt":"2023-07-27T07:14:02","guid":{"rendered":"https:\/\/nissantravelguide.com\/rose-mari-farm\/"},"modified":"2023-07-27T07:14:02","modified_gmt":"2023-07-27T07:14:02","slug":"rose-mari-farm","status":"publish","type":"page","link":"https:\/\/nissantravelguide.com\/de\/sardinien\/rose-mari-farm\/","title":{"rendered":"Ros&#8217;e Mari Farm"},"content":{"rendered":"<p class=\"p1\">Ein herrlich entspannender Ort, an dem die G\u00e4ste sich zur\u00fccklehnen und die ruhige sardische Landschaft bei einem Glas Wein oder einem k\u00f6stlichen lokalen Essen genie\u00dfen k\u00f6nnen \u2013 was gibt es Sch\u00f6neres auf der Welt? Neben dem Restaurant von Ros&#8217;e Mari, in dem alle Arten von lokalen Gerichten serviert werden, bietet der 11 Hektar gro\u00dfe Garten die M\u00f6glichkeit, sich in der Natur des Ortes zu verlieren \u2013 allerdings sollten Sie sich vor dem Essen nicht von seiner Sch\u00f6nheit entf\u00fchren lassen!<\/p>\n","protected":false},"excerpt":{"rendered":"<p>Ein herrlich entspannender Ort, an dem die G\u00e4ste sich zur\u00fccklehnen und die ruhige sardische Landschaft bei einem Glas Wein oder einem k\u00f6stlichen lokalen Essen genie\u00dfen k\u00f6nnen \u2013 was gibt es Sch\u00f6neres auf der Welt? Neben dem Restaurant von Ros&#8217;e Mari, in dem alle Arten von lokalen Gerichten serviert werden, bietet der 11 Hektar gro\u00dfe Garten [&hellip;]<\/p>\n","protected":false},"author":1,"featured_media":5592,"parent":6007,"menu_order":0,"comment_status":"closed","ping_status":"closed","template":"tpl-location.php","meta":{"_acf_changed":false,"footnotes":""},"acf":{"address":"Localit\u00e0 Pauli Cannedu, 09170 Donigala Fenughedu OR, Italy","location_type":"restaurant","map_link":"https:\/\/www.google.com\/maps\/place\/%F0%9D%97%A5%F0%9D%97%BC%F0%9D%98%80'%F0%9D%97%B2+%F0%9D%97%A0%F0%9D%97%AE%F0%9D%97%BF%F0%9D%97%B6+%F0%9D%97%99%F0%9D%97%AE%F0%9D%97%BF%F0%9D%97%BA+%26+%F0%9D%97%9A%F0%9D%97%BF%F0%9D%97%B2%F0%9D%97%B2%F0%9D%97%BB%F0%9D%97%B5%F0%9D%97%BC%F0%9D%98%82%F0%9D%98%80%F0%9D%97%B2+%F0%9D%97%A5%F0%9D%97%B6%F0%9D%98%80%F0%9D%98%81%F0%9D%97%BC%F0%9D%97%BF%F0%9D%97%AE%F0%9D%97%BB%F0%9D%98%81%F0%9D%97%B2\/@39.9256843,8.5596114,15z\/data=!4m6!3m5!1s0x12dd994dc4249069:0x35d927af2245f64c!8m2!3d39.9271406!4d8.5646436!16s%2Fg%2F11p0bltg0y?entry=ttu","trip_advisor":"https:\/\/www.tripadvisor.it\/Restaurant_Review-g10605385-d23673141-Reviews-Ros_e_Mari_Restaurant-Donigala_Fenughedu_Oristano_Province_of_Oristano_Sardini.html","coordinates":{"latitude":"39.9256843","longitude":"8.5596114"},"charging_stations":[{"charging_station":"Type 2 21kW: Via Santa Maria Bambina, 7, 09170 Oristano OR, Italy (5.7kms \/ 9-min)"}]},"aioseo_notices":[],"_links":{"self":[{"href":"https:\/\/nissantravelguide.com\/de\/wp-json\/wp\/v2\/pages\/5976"}],"collection":[{"href":"https:\/\/nissantravelguide.com\/de\/wp-json\/wp\/v2\/pages"}],"about":[{"href":"https:\/\/nissantravelguide.com\/de\/wp-json\/wp\/v2\/types\/page"}],"author":[{"embeddable":true,"href":"https:\/\/nissantravelguide.com\/de\/wp-json\/wp\/v2\/users\/1"}],"replies":[{"embeddable":true,"href":"https:\/\/nissantravelguide.com\/de\/wp-json\/wp\/v2\/comments?post=5976"}],"version-history":[{"count":0,"href":"https:\/\/nissantravelguide.com\/de\/wp-json\/wp\/v2\/pages\/5976\/revisions"}],"up":[{"embeddable":true,"href":"https:\/\/nissantravelguide.com\/de\/wp-json\/wp\/v2\/pages\/6007"}],"wp:featuredmedia":[{"embeddable":true,"href":"https:\/\/nissantravelguide.com\/de\/wp-json\/wp\/v2\/media\/5592"}],"wp:attachment":[{"href":"https:\/\/nissantravelguide.com\/de\/wp-json\/wp\/v2\/media?parent=5976"}],"curies":[{"name":"wp","href":"https:\/\/api.w.org\/{rel}","templated":true}]}}