{"id":5977,"date":"2023-07-27T07:14:23","date_gmt":"2023-07-27T07:14:23","guid":{"rendered":"https:\/\/nissantravelguide.com\/su-leunaxiu\/"},"modified":"2023-07-27T07:14:23","modified_gmt":"2023-07-27T07:14:23","slug":"su-leunaxiu","status":"publish","type":"page","link":"https:\/\/nissantravelguide.com\/de\/sardinien\/su-leunaxiu\/","title":{"rendered":"Su Leunaxiu"},"content":{"rendered":"<p class=\"p1\">Das seit \u00fcber 40 Jahren familiengef\u00fchrte Unternehmen legt gro\u00dfen Wert auf die F\u00f6rderung eines gesunden Lebensstils und den Respekt f\u00fcr die Umwelt. Sie k\u00f6nnen sicher sein, dass die Speisen, die Sie im Su Leunaxiu zu sich nehmen, mit gr\u00f6\u00dfter Sorgfalt zubereitet werden, wobei Ihrem Genuss oberste Priorit\u00e4t einger\u00e4umt wird! Zudem dient der Ort als Lehrbauernhof, auf dem der n\u00e4chsten Generation von Sarden beigebracht wird, wie wichtig es ist, die Kultur und die Geschichte der sardischen Agriturismo-Tradition zu respektieren. So wird sichergestellt, dass die Fertigkeiten, die die K\u00f6che in ihren Restaurants so gekonnt zur Schau stellen, auch in den kommenden Jahrzehnten weitergegeben werden k\u00f6nnen!<\/p>\n","protected":false},"excerpt":{"rendered":"<p>Das seit \u00fcber 40 Jahren familiengef\u00fchrte Unternehmen legt gro\u00dfen Wert auf die F\u00f6rderung eines gesunden Lebensstils und den Respekt f\u00fcr die Umwelt. Sie k\u00f6nnen sicher sein, dass die Speisen, die Sie im Su Leunaxiu zu sich nehmen, mit gr\u00f6\u00dfter Sorgfalt zubereitet werden, wobei Ihrem Genuss oberste Priorit\u00e4t einger\u00e4umt wird! Zudem dient der Ort als Lehrbauernhof, [&hellip;]<\/p>\n","protected":false},"author":1,"featured_media":5603,"parent":6007,"menu_order":0,"comment_status":"closed","ping_status":"closed","template":"tpl-location.php","meta":{"_acf_changed":false,"footnotes":""},"acf":{"address":"Strada Statale 387 km 15, 09040 Soleminis SU, Italy","location_type":"restaurant","map_link":"https:\/\/www.google.com\/maps\/place\/Agriturismo+Su+Leunaxiu\/@39.3431765,9.1559929,17z\/data=!3m1!4b1!4m9!3m8!1s0x12e74b325955fd4f:0xdde8ddb547d545e0!5m2!4m1!1i2!8m2!3d39.3431765!4d9.1559929!16s%2Fg%2F1tflv31d?entry=ttu","trip_advisor":"https:\/\/www.tripadvisor.it\/Hotel_Review-g3487338-d1552825-Reviews-Agriturismo_Su_Leunaxiu-Soleminis_Province_of_Cagliari_Sardinia.html","coordinates":{"latitude":"39.3431765","longitude":"9.1559929"},"charging_stations":[{"charging_station":"Type 2 14kW: Via delle Rose, 18, 09041 Dolianova SU, Italy (3.4kms \/ 4-min)"}]},"aioseo_notices":[],"_links":{"self":[{"href":"https:\/\/nissantravelguide.com\/de\/wp-json\/wp\/v2\/pages\/5977"}],"collection":[{"href":"https:\/\/nissantravelguide.com\/de\/wp-json\/wp\/v2\/pages"}],"about":[{"href":"https:\/\/nissantravelguide.com\/de\/wp-json\/wp\/v2\/types\/page"}],"author":[{"embeddable":true,"href":"https:\/\/nissantravelguide.com\/de\/wp-json\/wp\/v2\/users\/1"}],"replies":[{"embeddable":true,"href":"https:\/\/nissantravelguide.com\/de\/wp-json\/wp\/v2\/comments?post=5977"}],"version-history":[{"count":0,"href":"https:\/\/nissantravelguide.com\/de\/wp-json\/wp\/v2\/pages\/5977\/revisions"}],"up":[{"embeddable":true,"href":"https:\/\/nissantravelguide.com\/de\/wp-json\/wp\/v2\/pages\/6007"}],"wp:featuredmedia":[{"embeddable":true,"href":"https:\/\/nissantravelguide.com\/de\/wp-json\/wp\/v2\/media\/5603"}],"wp:attachment":[{"href":"https:\/\/nissantravelguide.com\/de\/wp-json\/wp\/v2\/media?parent=5977"}],"curies":[{"name":"wp","href":"https:\/\/api.w.org\/{rel}","templated":true}]}}