{"id":1865,"date":"2022-11-02T15:51:24","date_gmt":"2022-11-02T15:51:24","guid":{"rendered":"https:\/\/nissantravelguide.com\/?page_id=1865"},"modified":"2022-12-13T11:12:21","modified_gmt":"2022-12-13T11:12:21","slug":"varkert-bazar","status":"publish","type":"page","link":"https:\/\/nissantravelguide.com\/en\/budapest\/varkert-bazar\/","title":{"rendered":"V\u00e1rkert Baz\u00e1r"},"content":{"rendered":"<p>The V\u00e1rkert Bazaar is a restored neo-Renaissance complex on the side of Castle Hill that overlooks the beautiful Buda riverfront at the foot of the Royal Palace. Renovated in 2014, this lofty series of promenades now houses a cultural space with exhibition areas, a beautiful flower garden, a park and a cinema. Bringing together past and present, classic and modern, culture and entertainment, the V\u00e1rkert Bazar hosts a wide variety of exciting concerts, exhibitions and cultural initiatives.<\/p>\n","protected":false},"excerpt":{"rendered":"<p>The V\u00e1rkert Bazaar is a restored neo-Renaissance complex on the side of Castle Hill that overlooks the beautiful Buda riverfront at the foot of the Royal Palace. Renovated in 2014, this lofty series of promenades now houses a cultural space with exhibition areas, a beautiful flower garden, a park and a cinema. Bringing together past [&hellip;]<\/p>\n","protected":false},"author":1,"featured_media":3290,"parent":1665,"menu_order":0,"comment_status":"closed","ping_status":"closed","template":"tpl-location.php","meta":{"_acf_changed":false,"footnotes":""},"acf":{"address":"Budapest, Ybl Mikl\u00f3s t\u00e9r 2-6, 1013 Hungary","location_type":"beauty","map_link":"https:\/\/www.google.com\/maps\/place\/Castle+Garden+Bazaar\/@47.4949042,19.0426074,15z\/data=!4m5!3m4!1s0x0:0xd5817ed16b048e4a!8m2!3d47.4949067!4d19.0426174","trip_advisor":"https:\/\/www.tripadvisor.co.uk\/ShowUserReviews-g274887-d7178088-r492180070-Castle_Garden-Budapest_Central_Hungary.html","coordinates":{"latitude":"47.4949042","longitude":"19.0426074"},"charging_stations":[{"charging_station":"CHAdeMO (22.4kW) \/ CCS (22.4kW):  Lovas Ut 41, 1012 (2.5km \/ 7 min)"}]},"aioseo_notices":[],"_links":{"self":[{"href":"https:\/\/nissantravelguide.com\/en\/wp-json\/wp\/v2\/pages\/1865"}],"collection":[{"href":"https:\/\/nissantravelguide.com\/en\/wp-json\/wp\/v2\/pages"}],"about":[{"href":"https:\/\/nissantravelguide.com\/en\/wp-json\/wp\/v2\/types\/page"}],"author":[{"embeddable":true,"href":"https:\/\/nissantravelguide.com\/en\/wp-json\/wp\/v2\/users\/1"}],"replies":[{"embeddable":true,"href":"https:\/\/nissantravelguide.com\/en\/wp-json\/wp\/v2\/comments?post=1865"}],"version-history":[{"count":6,"href":"https:\/\/nissantravelguide.com\/en\/wp-json\/wp\/v2\/pages\/1865\/revisions"}],"predecessor-version":[{"id":4316,"href":"https:\/\/nissantravelguide.com\/en\/wp-json\/wp\/v2\/pages\/1865\/revisions\/4316"}],"up":[{"embeddable":true,"href":"https:\/\/nissantravelguide.com\/en\/wp-json\/wp\/v2\/pages\/1665"}],"wp:featuredmedia":[{"embeddable":true,"href":"https:\/\/nissantravelguide.com\/en\/wp-json\/wp\/v2\/media\/3290"}],"wp:attachment":[{"href":"https:\/\/nissantravelguide.com\/en\/wp-json\/wp\/v2\/media?parent=1865"}],"curies":[{"name":"wp","href":"https:\/\/api.w.org\/{rel}","templated":true}]}}