{"id":1867,"date":"2022-11-02T15:52:36","date_gmt":"2022-11-02T15:52:36","guid":{"rendered":"https:\/\/nissantravelguide.com\/?page_id=1867"},"modified":"2022-12-13T10:45:27","modified_gmt":"2022-12-13T10:45:27","slug":"fishermans-bastion","status":"publish","type":"page","link":"https:\/\/nissantravelguide.com\/en\/budapest\/fishermans-bastion\/","title":{"rendered":"Fisherman\u2019s Bastion"},"content":{"rendered":"<p>For the best views of the city, this is without a doubt a must-see location. Adorned with intricate turrets and spires, the stunning lookout tower has the best panoramic views in Budapest. You can take it all in from this one spot \u2013 the Hungarian Parliament, the four main bridges of Budapest, St. Stephen\u2019s cathedral, Gellert Hill, Margaret Island and the urban landscape of Pest. One of the most famous monuments the city has to offer, you&#8217;ll need no more than 30 minutes to explore all of Fisherman&#8217;s Bastion to understand why.<\/p>\n","protected":false},"excerpt":{"rendered":"<p>For the best views of the city, this is without a doubt a must-see location. Adorned with intricate turrets and spires, the stunning lookout tower has the best panoramic views in Budapest. You can take it all in from this one spot \u2013 the Hungarian Parliament, the four main bridges of Budapest, St. Stephen\u2019s cathedral, [&hellip;]<\/p>\n","protected":false},"author":1,"featured_media":3150,"parent":1665,"menu_order":0,"comment_status":"closed","ping_status":"closed","template":"tpl-location.php","meta":{"_acf_changed":false,"footnotes":""},"acf":{"address":"Budapest, Szenth\u00e1roms\u00e1g t\u00e9r, 1014 Hungary","location_type":"beauty","map_link":"https:\/\/www.google.com\/maps\/place\/Fisherman's+Bastion\/@47.5021827,19.0347812,15z\/data=!4m5!3m4!1s0x0:0x2f263ca844235e46!8m2!3d47.5021827!4d19.0347812","trip_advisor":"https:\/\/www.tripadvisor.co.uk\/Attraction_Review-g274887-d21229283-Reviews-Fishermen_s_Bastion-Budapest_Central_Hungary.html","coordinates":{"latitude":"47.5021827","longitude":"19.0347812"},"charging_stations":[{"charging_station":"CHAdeMO (22.4kW) \/ CCS (22.4kW): Lovas Ut 41, 1012 (800m \/ 3 min)"}]},"aioseo_notices":[],"_links":{"self":[{"href":"https:\/\/nissantravelguide.com\/en\/wp-json\/wp\/v2\/pages\/1867"}],"collection":[{"href":"https:\/\/nissantravelguide.com\/en\/wp-json\/wp\/v2\/pages"}],"about":[{"href":"https:\/\/nissantravelguide.com\/en\/wp-json\/wp\/v2\/types\/page"}],"author":[{"embeddable":true,"href":"https:\/\/nissantravelguide.com\/en\/wp-json\/wp\/v2\/users\/1"}],"replies":[{"embeddable":true,"href":"https:\/\/nissantravelguide.com\/en\/wp-json\/wp\/v2\/comments?post=1867"}],"version-history":[{"count":6,"href":"https:\/\/nissantravelguide.com\/en\/wp-json\/wp\/v2\/pages\/1867\/revisions"}],"predecessor-version":[{"id":4302,"href":"https:\/\/nissantravelguide.com\/en\/wp-json\/wp\/v2\/pages\/1867\/revisions\/4302"}],"up":[{"embeddable":true,"href":"https:\/\/nissantravelguide.com\/en\/wp-json\/wp\/v2\/pages\/1665"}],"wp:featuredmedia":[{"embeddable":true,"href":"https:\/\/nissantravelguide.com\/en\/wp-json\/wp\/v2\/media\/3150"}],"wp:attachment":[{"href":"https:\/\/nissantravelguide.com\/en\/wp-json\/wp\/v2\/media?parent=1867"}],"curies":[{"name":"wp","href":"https:\/\/api.w.org\/{rel}","templated":true}]}}