{"id":1917,"date":"2022-11-03T10:22:14","date_gmt":"2022-11-03T10:22:14","guid":{"rendered":"https:\/\/nissantravelguide.com\/?page_id=1917"},"modified":"2022-11-03T10:25:30","modified_gmt":"2022-11-03T10:25:30","slug":"janosikova","status":"publish","type":"page","link":"https:\/\/nissantravelguide.com\/en\/bratislava\/janosikova\/","title":{"rendered":"J\u00e1no\u0161\u00edkova"},"content":{"rendered":"","protected":false},"excerpt":{"rendered":"","protected":false},"author":1,"featured_media":0,"parent":1680,"menu_order":0,"comment_status":"closed","ping_status":"closed","template":"tpl-location.php","meta":{"_acf_changed":false,"footnotes":""},"acf":{"address":"Unnamed Road, J\u00e1no\u0161\u00edkova 1484\/1, 903 01 Senec, Slovakia","location_type":"charging","map_link":"https:\/\/www.google.co.uk\/maps\/place\/Electric+Vehicle+Charging+Station\/@48.2173995,17.3908112,17z\/data=!3m1!4b1!4m5!3m4!1s0x476c9d7c6acaa39f:0xb84dc546ea342a93!8m2!3d48.2173995!4d17.3930049","trip_advisor":"","coordinates":{"latitude":"48.2173995","longitude":"17.3908112"},"charging_stations":null},"aioseo_notices":[],"_links":{"self":[{"href":"https:\/\/nissantravelguide.com\/en\/wp-json\/wp\/v2\/pages\/1917"}],"collection":[{"href":"https:\/\/nissantravelguide.com\/en\/wp-json\/wp\/v2\/pages"}],"about":[{"href":"https:\/\/nissantravelguide.com\/en\/wp-json\/wp\/v2\/types\/page"}],"author":[{"embeddable":true,"href":"https:\/\/nissantravelguide.com\/en\/wp-json\/wp\/v2\/users\/1"}],"replies":[{"embeddable":true,"href":"https:\/\/nissantravelguide.com\/en\/wp-json\/wp\/v2\/comments?post=1917"}],"version-history":[{"count":2,"href":"https:\/\/nissantravelguide.com\/en\/wp-json\/wp\/v2\/pages\/1917\/revisions"}],"predecessor-version":[{"id":1922,"href":"https:\/\/nissantravelguide.com\/en\/wp-json\/wp\/v2\/pages\/1917\/revisions\/1922"}],"up":[{"embeddable":true,"href":"https:\/\/nissantravelguide.com\/en\/wp-json\/wp\/v2\/pages\/1680"}],"wp:attachment":[{"href":"https:\/\/nissantravelguide.com\/en\/wp-json\/wp\/v2\/media?parent=1917"}],"curies":[{"name":"wp","href":"https:\/\/api.w.org\/{rel}","templated":true}]}}