{"id":1931,"date":"2022-11-03T10:54:04","date_gmt":"2022-11-03T10:54:04","guid":{"rendered":"https:\/\/nissantravelguide.com\/?page_id=1931"},"modified":"2022-12-13T10:40:03","modified_gmt":"2022-12-13T10:40:03","slug":"restauracia-sluk","status":"publish","type":"page","link":"https:\/\/nissantravelguide.com\/en\/bratislava\/restauracia-sluk\/","title":{"rendered":"Re\u0161taur\u00e1cia S\u013dUK"},"content":{"rendered":"<p class=\"p1\">If you&#8217;re in the mood to sample traditional Slovak cuisine and entertainment then look no further than Re\u0161taur\u00e1cia SL&#8217;UK. Located within the grounds of Rusovce Castle, you can dine at the restaurant while enjoying the entertainment of local Slovak Folklore dancing. Serving a\u00a0mix of local and world-inspired delicacies, Re\u0161taur\u00e1cia SL&#8217;UK is a\u00a0great choice for anyone looking to get an authentic taste of Bratislava.<\/p>\n","protected":false},"excerpt":{"rendered":"<p>If you&#8217;re in the mood to sample traditional Slovak cuisine and entertainment then look no further than Re\u0161taur\u00e1cia SL&#8217;UK. Located within the grounds of Rusovce Castle, you can dine at the restaurant while enjoying the entertainment of local Slovak Folklore dancing. Serving a\u00a0mix of local and world-inspired delicacies, Re\u0161taur\u00e1cia SL&#8217;UK is a\u00a0great choice for anyone [&hellip;]<\/p>\n","protected":false},"author":1,"featured_media":2997,"parent":1680,"menu_order":0,"comment_status":"closed","ping_status":"closed","template":"tpl-location.php","meta":{"_acf_changed":false,"footnotes":""},"acf":{"address":"Ma\u010farsk\u00e1 31, 851 10 Rusovce, Slovakia","location_type":"restaurant","map_link":"https:\/\/www.google.com\/maps\/place\/S%C4%BDUK+Restaurant\/@48.0531528,17.0186944,12z\/data=!4m9!1m2!2m1!1zcmXFoXRhdXLDoWNpYSBzxL51ayB0cmlwYWR2aXNvcg!3m5!1s0x476c62ca62eac959:0x222090fbf3506378!8m2!3d48.0536034!4d17.1500503!15sCh9yZcWhdGF1csOhY2lhIHPEvnVrIHRyaXBhZHZpc29yWiEiH3JlxaF0YXVyw6FjaWEgc8S-dWsgdHJpcGFkdmlzb3KSAQpyZXN0YXVyYW504AEA","trip_advisor":"https:\/\/www.tripadvisor.com\/Restaurant_Review-g274924-d1115449-Reviews-SLUK_Restaurant-Bratislava_Bratislava_Region.html","coordinates":{"latitude":"48.0531528","longitude":"17.0186944"},"charging_stations":[{"charging_station":"Type 2 11kW: Hauptplatz 31 (8.3km \/ 12 min) "}]},"aioseo_notices":[],"_links":{"self":[{"href":"https:\/\/nissantravelguide.com\/en\/wp-json\/wp\/v2\/pages\/1931"}],"collection":[{"href":"https:\/\/nissantravelguide.com\/en\/wp-json\/wp\/v2\/pages"}],"about":[{"href":"https:\/\/nissantravelguide.com\/en\/wp-json\/wp\/v2\/types\/page"}],"author":[{"embeddable":true,"href":"https:\/\/nissantravelguide.com\/en\/wp-json\/wp\/v2\/users\/1"}],"replies":[{"embeddable":true,"href":"https:\/\/nissantravelguide.com\/en\/wp-json\/wp\/v2\/comments?post=1931"}],"version-history":[{"count":8,"href":"https:\/\/nissantravelguide.com\/en\/wp-json\/wp\/v2\/pages\/1931\/revisions"}],"predecessor-version":[{"id":4290,"href":"https:\/\/nissantravelguide.com\/en\/wp-json\/wp\/v2\/pages\/1931\/revisions\/4290"}],"up":[{"embeddable":true,"href":"https:\/\/nissantravelguide.com\/en\/wp-json\/wp\/v2\/pages\/1680"}],"wp:featuredmedia":[{"embeddable":true,"href":"https:\/\/nissantravelguide.com\/en\/wp-json\/wp\/v2\/media\/2997"}],"wp:attachment":[{"href":"https:\/\/nissantravelguide.com\/en\/wp-json\/wp\/v2\/media?parent=1931"}],"curies":[{"name":"wp","href":"https:\/\/api.w.org\/{rel}","templated":true}]}}